{"id":829,"date":"2025-06-01T21:17:24","date_gmt":"2025-06-01T21:17:24","guid":{"rendered":"https:\/\/www.faopack.com\/product\/et-kagidi-1-4-10-kg\/"},"modified":"2025-11-20T21:25:29","modified_gmt":"2025-11-20T21:25:29","slug":"et-kagidi-1-4-10-kg","status":"publish","type":"product","link":"https:\/\/www.faopack.com\/sk\/product\/et-kagidi-1-4-10-kg\/","title":{"rendered":"M\u00e4siarsky papier 1\/4 10 kg"},"content":{"rendered":"<p>Povle\u010den\u00fd m\u00e4siarsky papier je ide\u00e1lny na balenie syra, m\u00e4sa, \u0161unky a mnoh\u00fdch \u010fal\u0161\u00edch produktov. Jeho \u0161peci\u00e1lna povrchov\u00e1 \u00faprava zaru\u010duje, \u017ee va\u0161e produkty bud\u00fa dobre chr\u00e1nen\u00e9 a zachovaj\u00fa si svoju vlhkos\u0165. K dispoz\u00edcii je v\u00fdroba na mieru s logom a potla\u010dou va\u0161ej spolo\u010dnosti.<\/p>","protected":false},"excerpt":{"rendered":"<p>Balenie<\/p>","protected":false},"featured_media":996,"comment_status":"open","ping_status":"closed","template":"","meta":[],"product_brand":[75],"product_cat":[62,63],"product_tag":[],"class_list":{"0":"post-829","1":"product","2":"type-product","3":"status-publish","4":"has-post-thumbnail","6":"product_brand-faopack","7":"product_cat-packaging","8":"product_cat-plastic-box","10":"first","11":"instock","12":"taxable","13":"shipping-taxable","14":"purchasable","15":"product-type-simple"},"_links":{"self":[{"href":"https:\/\/www.faopack.com\/sk\/wp-json\/wp\/v2\/product\/829","targetHints":{"allow":["GET"]}}],"collection":[{"href":"https:\/\/www.faopack.com\/sk\/wp-json\/wp\/v2\/product"}],"about":[{"href":"https:\/\/www.faopack.com\/sk\/wp-json\/wp\/v2\/types\/product"}],"replies":[{"embeddable":true,"href":"https:\/\/www.faopack.com\/sk\/wp-json\/wp\/v2\/comments?post=829"}],"wp:featuredmedia":[{"embeddable":true,"href":"https:\/\/www.faopack.com\/sk\/wp-json\/wp\/v2\/media\/996"}],"wp:attachment":[{"href":"https:\/\/www.faopack.com\/sk\/wp-json\/wp\/v2\/media?parent=829"}],"wp:term":[{"taxonomy":"product_brand","embeddable":true,"href":"https:\/\/www.faopack.com\/sk\/wp-json\/wp\/v2\/product_brand?post=829"},{"taxonomy":"product_cat","embeddable":true,"href":"https:\/\/www.faopack.com\/sk\/wp-json\/wp\/v2\/product_cat?post=829"},{"taxonomy":"product_tag","embeddable":true,"href":"https:\/\/www.faopack.com\/sk\/wp-json\/wp\/v2\/product_tag?post=829"}],"curies":[{"name":"wp","href":"https:\/\/api.w.org\/{rel}","templated":true}]}}