{"id":836,"date":"2025-06-01T21:17:26","date_gmt":"2025-06-01T21:17:26","guid":{"rendered":"https:\/\/www.faopack.com\/product\/8-oz-bardak-1000-adet\/"},"modified":"2025-11-20T21:25:32","modified_gmt":"2025-11-20T21:25:32","slug":"8-oz-bardak-1000-adet","status":"publish","type":"product","link":"https:\/\/www.faopack.com\/sk\/product\/8-oz-bardak-1000-adet\/","title":{"rendered":"8 OZ CUP"},"content":{"rendered":"<p>Na\u0161e 8 oz Coffee To Go poh\u00e1re s\u00fa ide\u00e1lnym rie\u0161en\u00edm pre r\u00fdchle a pohodln\u00e9 vychutnanie si k\u00e1vy na cest\u00e1ch. Ide\u00e1lne pre kaviarne, kancel\u00e1rie a podujatia.<\/p>","protected":false},"excerpt":{"rendered":"<p>Obaly na potraviny <\/p>","protected":false},"featured_media":791,"comment_status":"open","ping_status":"closed","template":"","meta":[],"product_brand":[75],"product_cat":[62,63],"product_tag":[],"class_list":{"0":"post-836","1":"product","2":"type-product","3":"status-publish","4":"has-post-thumbnail","6":"product_brand-faopack","7":"product_cat-packaging","8":"product_cat-plastic-box","10":"first","11":"instock","12":"taxable","13":"shipping-taxable","14":"purchasable","15":"product-type-simple"},"_links":{"self":[{"href":"https:\/\/www.faopack.com\/sk\/wp-json\/wp\/v2\/product\/836","targetHints":{"allow":["GET"]}}],"collection":[{"href":"https:\/\/www.faopack.com\/sk\/wp-json\/wp\/v2\/product"}],"about":[{"href":"https:\/\/www.faopack.com\/sk\/wp-json\/wp\/v2\/types\/product"}],"replies":[{"embeddable":true,"href":"https:\/\/www.faopack.com\/sk\/wp-json\/wp\/v2\/comments?post=836"}],"wp:featuredmedia":[{"embeddable":true,"href":"https:\/\/www.faopack.com\/sk\/wp-json\/wp\/v2\/media\/791"}],"wp:attachment":[{"href":"https:\/\/www.faopack.com\/sk\/wp-json\/wp\/v2\/media?parent=836"}],"wp:term":[{"taxonomy":"product_brand","embeddable":true,"href":"https:\/\/www.faopack.com\/sk\/wp-json\/wp\/v2\/product_brand?post=836"},{"taxonomy":"product_cat","embeddable":true,"href":"https:\/\/www.faopack.com\/sk\/wp-json\/wp\/v2\/product_cat?post=836"},{"taxonomy":"product_tag","embeddable":true,"href":"https:\/\/www.faopack.com\/sk\/wp-json\/wp\/v2\/product_tag?post=836"}],"curies":[{"name":"wp","href":"https:\/\/api.w.org\/{rel}","templated":true}]}}