{"id":854,"date":"2025-06-01T21:17:28","date_gmt":"2025-06-01T21:17:28","guid":{"rendered":"https:\/\/www.faopack.com\/product\/eldiven-xl-20-pcs\/"},"modified":"2025-11-20T21:25:31","modified_gmt":"2025-11-20T21:25:31","slug":"eldiven-xl-20-ks","status":"publish","type":"product","link":"https:\/\/www.faopack.com\/sk\/product\/eldiven-xl-20-ks\/","title":{"rendered":"Rukavice XL 10 \u00d7 100 ks"},"content":{"rendered":"<p>Vysoko kvalitn\u00e9 nitrilov\u00e9 rukavice pon\u00fakaj\u00face perfektn\u00fa kombin\u00e1ciu ochrany, pohodlia a univerz\u00e1lnosti! Na\u0161e jednorazov\u00e9 nitrilov\u00e9 rukavice s\u00fa k dispoz\u00edcii v r\u00f4znych ve\u013ekostiach a farb\u00e1ch a sp\u013a\u0148aj\u00fa najvy\u0161\u0161ie hygienick\u00e9 a bezpe\u010dnostn\u00e9 normy.<\/p>","protected":false},"excerpt":{"rendered":"<p>Hygiena<\/p>","protected":false},"featured_media":982,"comment_status":"open","ping_status":"closed","template":"","meta":[],"product_brand":[75],"product_cat":[62,63],"product_tag":[],"class_list":{"0":"post-854","1":"product","2":"type-product","3":"status-publish","4":"has-post-thumbnail","6":"product_brand-faopack","7":"product_cat-packaging","8":"product_cat-plastic-box","10":"first","11":"instock","12":"taxable","13":"shipping-taxable","14":"purchasable","15":"product-type-simple"},"_links":{"self":[{"href":"https:\/\/www.faopack.com\/sk\/wp-json\/wp\/v2\/product\/854","targetHints":{"allow":["GET"]}}],"collection":[{"href":"https:\/\/www.faopack.com\/sk\/wp-json\/wp\/v2\/product"}],"about":[{"href":"https:\/\/www.faopack.com\/sk\/wp-json\/wp\/v2\/types\/product"}],"replies":[{"embeddable":true,"href":"https:\/\/www.faopack.com\/sk\/wp-json\/wp\/v2\/comments?post=854"}],"wp:featuredmedia":[{"embeddable":true,"href":"https:\/\/www.faopack.com\/sk\/wp-json\/wp\/v2\/media\/982"}],"wp:attachment":[{"href":"https:\/\/www.faopack.com\/sk\/wp-json\/wp\/v2\/media?parent=854"}],"wp:term":[{"taxonomy":"product_brand","embeddable":true,"href":"https:\/\/www.faopack.com\/sk\/wp-json\/wp\/v2\/product_brand?post=854"},{"taxonomy":"product_cat","embeddable":true,"href":"https:\/\/www.faopack.com\/sk\/wp-json\/wp\/v2\/product_cat?post=854"},{"taxonomy":"product_tag","embeddable":true,"href":"https:\/\/www.faopack.com\/sk\/wp-json\/wp\/v2\/product_tag?post=854"}],"curies":[{"name":"wp","href":"https:\/\/api.w.org\/{rel}","templated":true}]}}