{"id":857,"date":"2025-06-01T21:17:28","date_gmt":"2025-06-01T21:17:28","guid":{"rendered":"https:\/\/www.faopack.com\/product\/bone-adet\/"},"modified":"2025-11-20T21:25:30","modified_gmt":"2025-11-20T21:25:30","slug":"kost-adet","status":"publish","type":"product","link":"https:\/\/www.faopack.com\/sk\/product\/kost-adet\/","title":{"rendered":"BONNET"},"content":{"rendered":"<p>\u010ciapky na vlasy predstavuj\u00fa praktick\u00e9 rie\u0161enie na udr\u017eanie \u010distoty podl\u00e1h a hygieny v r\u00f4znych prostrediach. \u010ci u\u017e v zdravotn\u00edckych zariadeniach, pri s\u0165ahovan\u00ed, v stravovac\u00edch zariadeniach alebo doma, tieto \u010diapky pon\u00fakaj\u00fa jednoduch\u00fa a \u00fa\u010dinn\u00fa ochranu pred ne\u010distotami a kontamin\u00e1ciou.<\/p>","protected":false},"excerpt":{"rendered":"<p>Hygiena<\/p>","protected":false},"featured_media":984,"comment_status":"open","ping_status":"closed","template":"","meta":[],"product_brand":[75],"product_cat":[62,63],"product_tag":[],"class_list":{"0":"post-857","1":"product","2":"type-product","3":"status-publish","4":"has-post-thumbnail","6":"product_brand-faopack","7":"product_cat-packaging","8":"product_cat-plastic-box","10":"first","11":"instock","12":"taxable","13":"shipping-taxable","14":"purchasable","15":"product-type-simple"},"_links":{"self":[{"href":"https:\/\/www.faopack.com\/sk\/wp-json\/wp\/v2\/product\/857","targetHints":{"allow":["GET"]}}],"collection":[{"href":"https:\/\/www.faopack.com\/sk\/wp-json\/wp\/v2\/product"}],"about":[{"href":"https:\/\/www.faopack.com\/sk\/wp-json\/wp\/v2\/types\/product"}],"replies":[{"embeddable":true,"href":"https:\/\/www.faopack.com\/sk\/wp-json\/wp\/v2\/comments?post=857"}],"wp:featuredmedia":[{"embeddable":true,"href":"https:\/\/www.faopack.com\/sk\/wp-json\/wp\/v2\/media\/984"}],"wp:attachment":[{"href":"https:\/\/www.faopack.com\/sk\/wp-json\/wp\/v2\/media?parent=857"}],"wp:term":[{"taxonomy":"product_brand","embeddable":true,"href":"https:\/\/www.faopack.com\/sk\/wp-json\/wp\/v2\/product_brand?post=857"},{"taxonomy":"product_cat","embeddable":true,"href":"https:\/\/www.faopack.com\/sk\/wp-json\/wp\/v2\/product_cat?post=857"},{"taxonomy":"product_tag","embeddable":true,"href":"https:\/\/www.faopack.com\/sk\/wp-json\/wp\/v2\/product_tag?post=857"}],"curies":[{"name":"wp","href":"https:\/\/api.w.org\/{rel}","templated":true}]}}