{"id":858,"date":"2025-06-01T21:17:28","date_gmt":"2025-06-01T21:17:28","guid":{"rendered":"https:\/\/www.faopack.com\/product\/aluminyum-tabak-1000-adet\/"},"modified":"2025-11-20T21:25:34","modified_gmt":"2025-11-20T21:25:34","slug":"hlinikove-tabaky-1000-adet","status":"publish","type":"product","link":"https:\/\/www.faopack.com\/sk\/product\/hlinikove-tabaky-1000-adet\/","title":{"rendered":"ALU TABU\u013dA L"},"content":{"rendered":"<p>Na\u0161e hlin\u00edkov\u00e9 t\u00e1cky s\u00fa ide\u00e1lnym rie\u0161en\u00edm pre ka\u017ed\u00e9ho, kto h\u013ead\u00e1 univerz\u00e1lne, praktick\u00e9 a ekologick\u00e9 balenie. Objednajte si ich teraz a vyu\u017eite vysok\u00fa kvalitu a spo\u013eahlivos\u0165 t\u00fdchto hlin\u00edkov\u00fdch t\u00e1ckov!<\/p>","protected":false},"excerpt":{"rendered":"<p>Obaly na potraviny <\/p>","protected":false},"featured_media":957,"comment_status":"open","ping_status":"closed","template":"","meta":[],"product_brand":[75],"product_cat":[62,63],"product_tag":[],"class_list":{"0":"post-858","1":"product","2":"type-product","3":"status-publish","4":"has-post-thumbnail","6":"product_brand-faopack","7":"product_cat-packaging","8":"product_cat-plastic-box","10":"first","11":"instock","12":"taxable","13":"shipping-taxable","14":"purchasable","15":"product-type-simple"},"_links":{"self":[{"href":"https:\/\/www.faopack.com\/sk\/wp-json\/wp\/v2\/product\/858","targetHints":{"allow":["GET"]}}],"collection":[{"href":"https:\/\/www.faopack.com\/sk\/wp-json\/wp\/v2\/product"}],"about":[{"href":"https:\/\/www.faopack.com\/sk\/wp-json\/wp\/v2\/types\/product"}],"replies":[{"embeddable":true,"href":"https:\/\/www.faopack.com\/sk\/wp-json\/wp\/v2\/comments?post=858"}],"wp:featuredmedia":[{"embeddable":true,"href":"https:\/\/www.faopack.com\/sk\/wp-json\/wp\/v2\/media\/957"}],"wp:attachment":[{"href":"https:\/\/www.faopack.com\/sk\/wp-json\/wp\/v2\/media?parent=858"}],"wp:term":[{"taxonomy":"product_brand","embeddable":true,"href":"https:\/\/www.faopack.com\/sk\/wp-json\/wp\/v2\/product_brand?post=858"},{"taxonomy":"product_cat","embeddable":true,"href":"https:\/\/www.faopack.com\/sk\/wp-json\/wp\/v2\/product_cat?post=858"},{"taxonomy":"product_tag","embeddable":true,"href":"https:\/\/www.faopack.com\/sk\/wp-json\/wp\/v2\/product_tag?post=858"}],"curies":[{"name":"wp","href":"https:\/\/api.w.org\/{rel}","templated":true}]}}