{"id":859,"date":"2025-06-01T21:17:29","date_gmt":"2025-06-01T21:17:29","guid":{"rendered":"https:\/\/www.faopack.com\/product\/karton-pipet-3000-adet\/"},"modified":"2025-11-20T21:25:39","modified_gmt":"2025-11-20T21:25:39","slug":"karton-pipet-3000-adet","status":"publish","type":"product","link":"https:\/\/www.faopack.com\/sk\/product\/karton-pipet-3000-adet\/","title":{"rendered":"PAPIEROV\u00c1 S\u0164AVA 1000ks"},"content":{"rendered":"<p>Na\u0161e papierov\u00e9 slamky s\u00fa nielen ekologickou vo\u013ebou, ale dod\u00e1vaj\u00fa v\u00e1\u0161mu n\u00e1poju aj \u0161t\u00fdlov\u00fd n\u00e1dych. Tieto slamky s\u00fa vyroben\u00e9 z vysoko kvalitn\u00e9ho papiera a predstavuj\u00fa udr\u017eate\u013en\u00fa alternat\u00edvu k tradi\u010dn\u00fdm plastov\u00fdm slamk\u00e1m.<\/p>","protected":false},"excerpt":{"rendered":"<p>Obaly na potraviny <\/p>","protected":false},"featured_media":981,"comment_status":"open","ping_status":"closed","template":"","meta":[],"product_brand":[75],"product_cat":[62,63],"product_tag":[],"class_list":{"0":"post-859","1":"product","2":"type-product","3":"status-publish","4":"has-post-thumbnail","6":"product_brand-faopack","7":"product_cat-packaging","8":"product_cat-plastic-box","10":"first","11":"instock","12":"taxable","13":"shipping-taxable","14":"purchasable","15":"product-type-simple"},"_links":{"self":[{"href":"https:\/\/www.faopack.com\/sk\/wp-json\/wp\/v2\/product\/859","targetHints":{"allow":["GET"]}}],"collection":[{"href":"https:\/\/www.faopack.com\/sk\/wp-json\/wp\/v2\/product"}],"about":[{"href":"https:\/\/www.faopack.com\/sk\/wp-json\/wp\/v2\/types\/product"}],"replies":[{"embeddable":true,"href":"https:\/\/www.faopack.com\/sk\/wp-json\/wp\/v2\/comments?post=859"}],"wp:featuredmedia":[{"embeddable":true,"href":"https:\/\/www.faopack.com\/sk\/wp-json\/wp\/v2\/media\/981"}],"wp:attachment":[{"href":"https:\/\/www.faopack.com\/sk\/wp-json\/wp\/v2\/media?parent=859"}],"wp:term":[{"taxonomy":"product_brand","embeddable":true,"href":"https:\/\/www.faopack.com\/sk\/wp-json\/wp\/v2\/product_brand?post=859"},{"taxonomy":"product_cat","embeddable":true,"href":"https:\/\/www.faopack.com\/sk\/wp-json\/wp\/v2\/product_cat?post=859"},{"taxonomy":"product_tag","embeddable":true,"href":"https:\/\/www.faopack.com\/sk\/wp-json\/wp\/v2\/product_tag?post=859"}],"curies":[{"name":"wp","href":"https:\/\/api.w.org\/{rel}","templated":true}]}}