{"id":865,"date":"2025-06-01T21:17:30","date_gmt":"2025-06-01T21:17:30","guid":{"rendered":"https:\/\/www.faopack.com\/product\/16-oz-corba-kasesi-500-adet\/"},"modified":"2025-11-20T22:05:55","modified_gmt":"2025-11-20T22:05:55","slug":"16-oz-corba-kasesi-500-adet","status":"publish","type":"product","link":"https:\/\/www.faopack.com\/sk\/product\/16-oz-corba-kasesi-500-adet\/","title":{"rendered":"16OZ SOUP BOWL 300ks"},"content":{"rendered":"<p>Polievkov\u00e1 misa s vie\u010dkom, v atrakt\u00edvnom hnedom odtieni a s ve\u013ek\u00fdm objemom, je ide\u00e1lnou vo\u013ebou pre stravovacie zariadenia, ktor\u00e9 chc\u00fa svojim z\u00e1kazn\u00edkom pon\u00faka\u0165 ve\u013ek\u00e9 a univerz\u00e1lne jedl\u00e1. T\u00e1to vysokokvalitn\u00e1 misa je vyroben\u00e1 z ekologick\u00fdch materi\u00e1lov a je vhodn\u00e1 na serv\u00edrovanie tepl\u00fdch aj studen\u00fdch jed\u00e1l.<\/p>","protected":false},"excerpt":{"rendered":"<p>Obaly na potraviny <\/p>","protected":false},"featured_media":976,"comment_status":"open","ping_status":"closed","template":"","meta":[],"product_brand":[75],"product_cat":[62,63],"product_tag":[],"class_list":{"0":"post-865","1":"product","2":"type-product","3":"status-publish","4":"has-post-thumbnail","6":"product_brand-faopack","7":"product_cat-packaging","8":"product_cat-plastic-box","10":"first","11":"instock","12":"featured","13":"taxable","14":"shipping-taxable","15":"purchasable","16":"product-type-simple"},"_links":{"self":[{"href":"https:\/\/www.faopack.com\/sk\/wp-json\/wp\/v2\/product\/865","targetHints":{"allow":["GET"]}}],"collection":[{"href":"https:\/\/www.faopack.com\/sk\/wp-json\/wp\/v2\/product"}],"about":[{"href":"https:\/\/www.faopack.com\/sk\/wp-json\/wp\/v2\/types\/product"}],"replies":[{"embeddable":true,"href":"https:\/\/www.faopack.com\/sk\/wp-json\/wp\/v2\/comments?post=865"}],"wp:featuredmedia":[{"embeddable":true,"href":"https:\/\/www.faopack.com\/sk\/wp-json\/wp\/v2\/media\/976"}],"wp:attachment":[{"href":"https:\/\/www.faopack.com\/sk\/wp-json\/wp\/v2\/media?parent=865"}],"wp:term":[{"taxonomy":"product_brand","embeddable":true,"href":"https:\/\/www.faopack.com\/sk\/wp-json\/wp\/v2\/product_brand?post=865"},{"taxonomy":"product_cat","embeddable":true,"href":"https:\/\/www.faopack.com\/sk\/wp-json\/wp\/v2\/product_cat?post=865"},{"taxonomy":"product_tag","embeddable":true,"href":"https:\/\/www.faopack.com\/sk\/wp-json\/wp\/v2\/product_tag?post=865"}],"curies":[{"name":"wp","href":"https:\/\/api.w.org\/{rel}","templated":true}]}}