{"id":876,"date":"2025-06-01T21:21:47","date_gmt":"2025-06-01T21:21:47","guid":{"rendered":"https:\/\/www.faopack.com\/product\/750cc-sizdirmaz-yk\/"},"modified":"2025-11-20T21:25:38","modified_gmt":"2025-11-20T21:25:38","slug":"750cc-sizdirmaz-yk","status":"publish","type":"product","link":"https:\/\/www.faopack.com\/sk\/product\/750cc-sizdirmaz-yk\/","title":{"rendered":"SKRINKA S OBJEMOM 750 CM3 ODOLN\u00c1 PROTI \u00daNIKU"},"content":{"rendered":"<p>Na\u0161e dom\u00e1ce n\u00e1doby s odkl\u00e1pac\u00edm vekom (vysok\u00e9) poskytuj\u00fa praktick\u00e9 rie\u0161enie pre stravovacie zariadenia. Tieto n\u00e1doby s\u00fa k dispoz\u00edcii v rozmeroch od 150 ml do 2000 ml a pon\u00fakaj\u00fa univerz\u00e1lne mo\u017enosti pre potraviny, ob\u010derstvenie alebo porcovanie. Ka\u017ed\u00e9 balenie obsahuje 600 kusov, aby vyhovovalo potreb\u00e1m v\u00e1\u0161ho stravovacieho zariadenia. Dostupn\u00e9 varianty: 150 ml, 250 ml, 375 ml, 500 ml, 750 ml, 1000 ml, 1250 ml, 1500 ml, 2000 ml.<\/p>","protected":false},"excerpt":{"rendered":"<p>N\u00e1doby z PP (polypropyl\u00e9nu) odoln\u00e9 proti \u00faniku \u2013 600 kusov v balen\u00ed.<\/p>","protected":false},"featured_media":973,"comment_status":"open","ping_status":"closed","template":"","meta":[],"product_brand":[75],"product_cat":[62,63],"product_tag":[],"class_list":{"0":"post-876","1":"product","2":"type-product","3":"status-publish","4":"has-post-thumbnail","6":"product_brand-faopack","7":"product_cat-packaging","8":"product_cat-plastic-box","10":"first","11":"instock","12":"taxable","13":"shipping-taxable","14":"purchasable","15":"product-type-simple"},"_links":{"self":[{"href":"https:\/\/www.faopack.com\/sk\/wp-json\/wp\/v2\/product\/876","targetHints":{"allow":["GET"]}}],"collection":[{"href":"https:\/\/www.faopack.com\/sk\/wp-json\/wp\/v2\/product"}],"about":[{"href":"https:\/\/www.faopack.com\/sk\/wp-json\/wp\/v2\/types\/product"}],"replies":[{"embeddable":true,"href":"https:\/\/www.faopack.com\/sk\/wp-json\/wp\/v2\/comments?post=876"}],"wp:featuredmedia":[{"embeddable":true,"href":"https:\/\/www.faopack.com\/sk\/wp-json\/wp\/v2\/media\/973"}],"wp:attachment":[{"href":"https:\/\/www.faopack.com\/sk\/wp-json\/wp\/v2\/media?parent=876"}],"wp:term":[{"taxonomy":"product_brand","embeddable":true,"href":"https:\/\/www.faopack.com\/sk\/wp-json\/wp\/v2\/product_brand?post=876"},{"taxonomy":"product_cat","embeddable":true,"href":"https:\/\/www.faopack.com\/sk\/wp-json\/wp\/v2\/product_cat?post=876"},{"taxonomy":"product_tag","embeddable":true,"href":"https:\/\/www.faopack.com\/sk\/wp-json\/wp\/v2\/product_tag?post=876"}],"curies":[{"name":"wp","href":"https:\/\/api.w.org\/{rel}","templated":true}]}}