{"id":881,"date":"2025-06-01T21:21:47","date_gmt":"2025-06-01T21:21:47","guid":{"rendered":"https:\/\/www.faopack.com\/product\/sos-kabi-30-cc-500-adet\/"},"modified":"2025-11-20T21:25:39","modified_gmt":"2025-11-20T21:25:39","slug":"sos-kabi-30-cc-500-adet","status":"publish","type":"product","link":"https:\/\/www.faopack.com\/sk\/product\/sos-kabi-30-cc-500-adet\/","title":{"rendered":"SAUCE BOX 30CC"},"content":{"rendered":"<p>Na\u0161e n\u00e1doby na om\u00e1\u010dky s oddelen\u00fdm vie\u010dkom predstavuj\u00fa vynikaj\u00face rie\u0161enie balenia pre stravovacie zariadenia. Ich praktick\u00fd dizajn umo\u017e\u0148uje individu\u00e1lne balenie om\u00e1\u010dok, \u0161al\u00e1tov\u00fdch dresingov a oblohy. Tieto n\u00e1doby s\u00fa ide\u00e1lne na om\u00e1\u010dky, \u0161al\u00e1tov\u00e9 bary, bufety, jedl\u00e1 so sebou, stravovacie slu\u017eby a \u010fal\u0161ie.<\/p>","protected":false},"excerpt":{"rendered":"<p>N\u00e1doby z PP (polypropyl\u00e9nu) odoln\u00e9 proti \u00faniku \u2013 500 kusov v balen\u00ed.<\/p>","protected":false},"featured_media":969,"comment_status":"open","ping_status":"closed","template":"","meta":[],"product_brand":[75],"product_cat":[62,63],"product_tag":[],"class_list":{"0":"post-881","1":"product","2":"type-product","3":"status-publish","4":"has-post-thumbnail","6":"product_brand-faopack","7":"product_cat-packaging","8":"product_cat-plastic-box","10":"first","11":"instock","12":"taxable","13":"shipping-taxable","14":"purchasable","15":"product-type-simple"},"_links":{"self":[{"href":"https:\/\/www.faopack.com\/sk\/wp-json\/wp\/v2\/product\/881","targetHints":{"allow":["GET"]}}],"collection":[{"href":"https:\/\/www.faopack.com\/sk\/wp-json\/wp\/v2\/product"}],"about":[{"href":"https:\/\/www.faopack.com\/sk\/wp-json\/wp\/v2\/types\/product"}],"replies":[{"embeddable":true,"href":"https:\/\/www.faopack.com\/sk\/wp-json\/wp\/v2\/comments?post=881"}],"wp:featuredmedia":[{"embeddable":true,"href":"https:\/\/www.faopack.com\/sk\/wp-json\/wp\/v2\/media\/969"}],"wp:attachment":[{"href":"https:\/\/www.faopack.com\/sk\/wp-json\/wp\/v2\/media?parent=881"}],"wp:term":[{"taxonomy":"product_brand","embeddable":true,"href":"https:\/\/www.faopack.com\/sk\/wp-json\/wp\/v2\/product_brand?post=881"},{"taxonomy":"product_cat","embeddable":true,"href":"https:\/\/www.faopack.com\/sk\/wp-json\/wp\/v2\/product_cat?post=881"},{"taxonomy":"product_tag","embeddable":true,"href":"https:\/\/www.faopack.com\/sk\/wp-json\/wp\/v2\/product_tag?post=881"}],"curies":[{"name":"wp","href":"https:\/\/api.w.org\/{rel}","templated":true}]}}