{"id":887,"date":"2025-06-01T21:21:48","date_gmt":"2025-06-01T21:21:48","guid":{"rendered":"https:\/\/www.faopack.com\/product\/footed-kap-200-cc\/"},"modified":"2025-11-20T21:25:37","modified_gmt":"2025-11-20T21:25:37","slug":"nozny-kap-200-cc","status":"publish","type":"product","link":"https:\/\/www.faopack.com\/sk\/product\/nozny-kap-200-cc\/","title":{"rendered":"\u0160\u00e1lka s no\u017ei\u010dkou 200 ml"},"content":{"rendered":"<p>Na\u0161e n\u00e1doby v gastronomickom \u0161t\u00fdle poskytuj\u00fa praktick\u00e9 rie\u0161enie pre stravovacie zariadenia. Tieto n\u00e1doby s\u00fa k dispoz\u00edcii vo ve\u013ekostiach a\u017e do 200 ml a s\u00fa vhodn\u00e9 na pr\u00edpravu jednotliv\u00fdch porci\u00ed pudingov, kol\u00e1\u010dov a pe\u010diva v pek\u00e1r\u0148ach a re\u0161taur\u00e1ci\u00e1ch. Pon\u00fakaj\u00fa pohodln\u00e9 mo\u017enosti prezent\u00e1cie. Ka\u017ed\u00e9 balenie obsahuje 1 000 kusov, aby vyhovovalo potreb\u00e1m v\u00e1\u0161ho stravovacieho zariadenia. K dispoz\u00edcii s\u00fa r\u00f4zne mo\u017enosti.<\/p>","protected":false},"excerpt":{"rendered":"<p>Neprepustn\u00e9 PP (polypropyl\u00e9nov\u00e9) boxy na torty \u2013 1000 kusov v balen\u00ed.<\/p>","protected":false},"featured_media":791,"comment_status":"open","ping_status":"closed","template":"","meta":[],"product_brand":[75],"product_cat":[62,63],"product_tag":[],"class_list":{"0":"post-887","1":"product","2":"type-product","3":"status-publish","4":"has-post-thumbnail","6":"product_brand-faopack","7":"product_cat-packaging","8":"product_cat-plastic-box","10":"first","11":"instock","12":"taxable","13":"shipping-taxable","14":"purchasable","15":"product-type-simple"},"_links":{"self":[{"href":"https:\/\/www.faopack.com\/sk\/wp-json\/wp\/v2\/product\/887","targetHints":{"allow":["GET"]}}],"collection":[{"href":"https:\/\/www.faopack.com\/sk\/wp-json\/wp\/v2\/product"}],"about":[{"href":"https:\/\/www.faopack.com\/sk\/wp-json\/wp\/v2\/types\/product"}],"replies":[{"embeddable":true,"href":"https:\/\/www.faopack.com\/sk\/wp-json\/wp\/v2\/comments?post=887"}],"wp:featuredmedia":[{"embeddable":true,"href":"https:\/\/www.faopack.com\/sk\/wp-json\/wp\/v2\/media\/791"}],"wp:attachment":[{"href":"https:\/\/www.faopack.com\/sk\/wp-json\/wp\/v2\/media?parent=887"}],"wp:term":[{"taxonomy":"product_brand","embeddable":true,"href":"https:\/\/www.faopack.com\/sk\/wp-json\/wp\/v2\/product_brand?post=887"},{"taxonomy":"product_cat","embeddable":true,"href":"https:\/\/www.faopack.com\/sk\/wp-json\/wp\/v2\/product_cat?post=887"},{"taxonomy":"product_tag","embeddable":true,"href":"https:\/\/www.faopack.com\/sk\/wp-json\/wp\/v2\/product_tag?post=887"}],"curies":[{"name":"wp","href":"https:\/\/api.w.org\/{rel}","templated":true}]}}