{"id":888,"date":"2025-06-01T21:21:48","date_gmt":"2025-06-01T21:21:48","guid":{"rendered":"https:\/\/www.faopack.com\/product\/aluminyum-folyo-1000gr-30-cm-4-rulo-karton\/"},"modified":"2025-11-20T22:05:26","modified_gmt":"2025-11-20T22:05:26","slug":"hlinik-folyo-1000gr-30-cm-4-rulo-karton","status":"publish","type":"product","link":"https:\/\/www.faopack.com\/sk\/product\/hlinik-folyo-1000gr-30-cm-4-rulo-karton\/","title":{"rendered":"Alu f\u00f3lia Role 1000gr."},"content":{"rendered":"<p>Na\u0161a odoln\u00e1 a pevn\u00e1 hlin\u00edkov\u00e1 f\u00f3lia je v\u010faka svojej pevnej \u0161trukt\u00fare a vynikaj\u00facej tepelnej izol\u00e1cii ide\u00e1lna na bezpe\u010dn\u00e9 balenie a udr\u017eanie teploty potrav\u00edn. Je perfektn\u00e1 pre gastron\u00f3miu, catering a osobn\u00e9 pou\u017eitie.<\/p>","protected":false},"excerpt":{"rendered":"<p>11-12-14 mikr\u00f3nov<\/p>","protected":false},"featured_media":967,"comment_status":"open","ping_status":"closed","template":"","meta":[],"product_brand":[75],"product_cat":[62,63],"product_tag":[],"class_list":{"0":"post-888","1":"product","2":"type-product","3":"status-publish","4":"has-post-thumbnail","6":"product_brand-faopack","7":"product_cat-packaging","8":"product_cat-plastic-box","10":"first","11":"instock","12":"featured","13":"taxable","14":"shipping-taxable","15":"purchasable","16":"product-type-simple"},"_links":{"self":[{"href":"https:\/\/www.faopack.com\/sk\/wp-json\/wp\/v2\/product\/888","targetHints":{"allow":["GET"]}}],"collection":[{"href":"https:\/\/www.faopack.com\/sk\/wp-json\/wp\/v2\/product"}],"about":[{"href":"https:\/\/www.faopack.com\/sk\/wp-json\/wp\/v2\/types\/product"}],"replies":[{"embeddable":true,"href":"https:\/\/www.faopack.com\/sk\/wp-json\/wp\/v2\/comments?post=888"}],"wp:featuredmedia":[{"embeddable":true,"href":"https:\/\/www.faopack.com\/sk\/wp-json\/wp\/v2\/media\/967"}],"wp:attachment":[{"href":"https:\/\/www.faopack.com\/sk\/wp-json\/wp\/v2\/media?parent=888"}],"wp:term":[{"taxonomy":"product_brand","embeddable":true,"href":"https:\/\/www.faopack.com\/sk\/wp-json\/wp\/v2\/product_brand?post=888"},{"taxonomy":"product_cat","embeddable":true,"href":"https:\/\/www.faopack.com\/sk\/wp-json\/wp\/v2\/product_cat?post=888"},{"taxonomy":"product_tag","embeddable":true,"href":"https:\/\/www.faopack.com\/sk\/wp-json\/wp\/v2\/product_tag?post=888"}],"curies":[{"name":"wp","href":"https:\/\/api.w.org\/{rel}","templated":true}]}}