{"id":904,"date":"2025-06-01T21:21:51","date_gmt":"2025-06-01T21:21:51","guid":{"rendered":"https:\/\/www.faopack.com\/product\/hamburger-box-buyuk-boy-1000-pcs\/"},"modified":"2025-11-20T22:03:45","modified_gmt":"2025-11-20T22:03:45","slug":"hamburger-box-buyuk-boy-1000-ks","status":"publish","type":"product","link":"https:\/\/www.faopack.com\/sk\/product\/hamburger-box-buyuk-boy-1000-ks\/","title":{"rendered":"Hamburger Ve\u013ek\u00e1 krabica 11,5 \u00d7 11,5 cm 300 ks"},"content":{"rendered":"<p>V na\u0161ej spolo\u010dnosti na Slovensku vyr\u00e1bame vlastn\u00e9 hamburgerov\u00e9 krabice z mastnotu odoln\u00e9ho kart\u00f3nu vhodn\u00e9ho na styk s potravinami, ktor\u00e9 s\u00fa ide\u00e1lne na balenie hamburgerov r\u00f4znych ve\u013ekost\u00ed a in\u00fdch burgerov\u00fdch kre\u00e1ci\u00ed. Materi\u00e1l je vhodn\u00fd aj na pou\u017eitie v mikrovlnn\u00fdch r\u00farach a chladni\u010dk\u00e1ch. Toto praktick\u00e9 balenie na odnesenie je ide\u00e1lne nielen na hamburgery, ale aj na hranolky a in\u00e9 fastfoodov\u00e9 \u0161peciality. Pon\u00fakame v\u00fdrobu na mieru v ak\u00fdchko\u013evek rozmeroch s logom a potla\u010dou va\u0161ej spolo\u010dnosti.<\/p>","protected":false},"excerpt":{"rendered":"<p>Remesl\u00e1 pre balenie potrav\u00edn<\/p>","protected":false},"featured_media":963,"comment_status":"open","ping_status":"closed","template":"","meta":[],"product_brand":[75],"product_cat":[62,63],"product_tag":[],"class_list":{"0":"post-904","1":"product","2":"type-product","3":"status-publish","4":"has-post-thumbnail","6":"product_brand-faopack","7":"product_cat-packaging","8":"product_cat-plastic-box","10":"first","11":"instock","12":"taxable","13":"shipping-taxable","14":"purchasable","15":"product-type-simple"},"_links":{"self":[{"href":"https:\/\/www.faopack.com\/sk\/wp-json\/wp\/v2\/product\/904","targetHints":{"allow":["GET"]}}],"collection":[{"href":"https:\/\/www.faopack.com\/sk\/wp-json\/wp\/v2\/product"}],"about":[{"href":"https:\/\/www.faopack.com\/sk\/wp-json\/wp\/v2\/types\/product"}],"replies":[{"embeddable":true,"href":"https:\/\/www.faopack.com\/sk\/wp-json\/wp\/v2\/comments?post=904"}],"wp:featuredmedia":[{"embeddable":true,"href":"https:\/\/www.faopack.com\/sk\/wp-json\/wp\/v2\/media\/963"}],"wp:attachment":[{"href":"https:\/\/www.faopack.com\/sk\/wp-json\/wp\/v2\/media?parent=904"}],"wp:term":[{"taxonomy":"product_brand","embeddable":true,"href":"https:\/\/www.faopack.com\/sk\/wp-json\/wp\/v2\/product_brand?post=904"},{"taxonomy":"product_cat","embeddable":true,"href":"https:\/\/www.faopack.com\/sk\/wp-json\/wp\/v2\/product_cat?post=904"},{"taxonomy":"product_tag","embeddable":true,"href":"https:\/\/www.faopack.com\/sk\/wp-json\/wp\/v2\/product_tag?post=904"}],"curies":[{"name":"wp","href":"https:\/\/api.w.org\/{rel}","templated":true}]}}