{"id":916,"date":"2025-06-01T21:21:53","date_gmt":"2025-06-01T21:21:53","guid":{"rendered":"https:\/\/www.faopack.com\/product\/papteller-23cm-6250-adet\/"},"modified":"2025-11-20T22:03:48","modified_gmt":"2025-11-20T22:03:48","slug":"papteller-23cm-6250-adet","status":"publish","type":"product","link":"https:\/\/www.faopack.com\/sk\/product\/papteller-23cm-6250-adet\/","title":{"rendered":"Papierov\u00fd tanier 23 cm 500 ks biely"},"content":{"rendered":"<p>Ekologick\u00e9 papierov\u00e9 taniere s\u00fa ide\u00e1lne na ob\u010derstvenie, hlavn\u00e9 jedl\u00e1 alebo dezerty. S\u00fa perfektn\u00e9 na podujatia, catering a ka\u017edodenn\u00e9 pou\u017eitie. Ich pevn\u00e1 kon\u0161trukcia zaru\u010duje, \u017ee taniere mo\u017eno bezpe\u010dne pou\u017e\u00edva\u0165, zatia\u013e \u010do ich ekologick\u00fd materi\u00e1l dokazuje va\u0161u preferenciu udr\u017eate\u013enosti.<\/p>","protected":false},"excerpt":{"rendered":"<p>Obaly na potraviny <\/p>","protected":false},"featured_media":958,"comment_status":"open","ping_status":"closed","template":"","meta":[],"product_brand":[75],"product_cat":[62,63],"product_tag":[],"class_list":{"0":"post-916","1":"product","2":"type-product","3":"status-publish","4":"has-post-thumbnail","6":"product_brand-faopack","7":"product_cat-packaging","8":"product_cat-plastic-box","10":"first","11":"instock","12":"taxable","13":"shipping-taxable","14":"purchasable","15":"product-type-simple"},"_links":{"self":[{"href":"https:\/\/www.faopack.com\/sk\/wp-json\/wp\/v2\/product\/916","targetHints":{"allow":["GET"]}}],"collection":[{"href":"https:\/\/www.faopack.com\/sk\/wp-json\/wp\/v2\/product"}],"about":[{"href":"https:\/\/www.faopack.com\/sk\/wp-json\/wp\/v2\/types\/product"}],"replies":[{"embeddable":true,"href":"https:\/\/www.faopack.com\/sk\/wp-json\/wp\/v2\/comments?post=916"}],"wp:featuredmedia":[{"embeddable":true,"href":"https:\/\/www.faopack.com\/sk\/wp-json\/wp\/v2\/media\/958"}],"wp:attachment":[{"href":"https:\/\/www.faopack.com\/sk\/wp-json\/wp\/v2\/media?parent=916"}],"wp:term":[{"taxonomy":"product_brand","embeddable":true,"href":"https:\/\/www.faopack.com\/sk\/wp-json\/wp\/v2\/product_brand?post=916"},{"taxonomy":"product_cat","embeddable":true,"href":"https:\/\/www.faopack.com\/sk\/wp-json\/wp\/v2\/product_cat?post=916"},{"taxonomy":"product_tag","embeddable":true,"href":"https:\/\/www.faopack.com\/sk\/wp-json\/wp\/v2\/product_tag?post=916"}],"curies":[{"name":"wp","href":"https:\/\/api.w.org\/{rel}","templated":true}]}}