{"id":921,"date":"2025-06-01T21:21:55","date_gmt":"2025-06-01T21:21:55","guid":{"rendered":"https:\/\/www.faopack.com\/product\/1300cc-salata-box-300-adet\/"},"modified":"2025-11-20T22:03:50","modified_gmt":"2025-11-20T22:03:50","slug":"1300cc-salata-box-300-adet","status":"publish","type":"product","link":"https:\/\/www.faopack.com\/sk\/product\/1300cc-salata-box-300-adet\/","title":{"rendered":"1300cc \u0161al\u00e1tov\u00fd box 200ks Craft"},"content":{"rendered":"<p>Sal\u00e1tov\u00e1 misa s vie\u010dkom, ktor\u00e1 sa vyzna\u010duje atrakt\u00edvnym odtie\u0148om hnedej farby a ve\u013ekorys\u00fdm objemom 1300 ml, je ide\u00e1lnou vo\u013ebou pre stravovacie zariadenia, ktor\u00e9 chc\u00fa svojim z\u00e1kazn\u00edkom pon\u00faka\u0165 ve\u013ekoform\u00e1tov\u00e9 a univerz\u00e1lne jedl\u00e1. T\u00e1to vysokokvalitn\u00e1 misa vyroben\u00e1 z ekologick\u00e9ho materi\u00e1lu je obzvl\u00e1\u0161\u0165 vhodn\u00e1 na serv\u00edrovanie tepl\u00fdch aj studen\u00fdch jed\u00e1l.<\/p>","protected":false},"excerpt":{"rendered":"<p>Obaly na potraviny <\/p>","protected":false},"featured_media":953,"comment_status":"open","ping_status":"closed","template":"","meta":[],"product_brand":[75],"product_cat":[62,63],"product_tag":[],"class_list":{"0":"post-921","1":"product","2":"type-product","3":"status-publish","4":"has-post-thumbnail","6":"product_brand-faopack","7":"product_cat-packaging","8":"product_cat-plastic-box","10":"first","11":"instock","12":"taxable","13":"shipping-taxable","14":"purchasable","15":"product-type-simple"},"_links":{"self":[{"href":"https:\/\/www.faopack.com\/sk\/wp-json\/wp\/v2\/product\/921","targetHints":{"allow":["GET"]}}],"collection":[{"href":"https:\/\/www.faopack.com\/sk\/wp-json\/wp\/v2\/product"}],"about":[{"href":"https:\/\/www.faopack.com\/sk\/wp-json\/wp\/v2\/types\/product"}],"replies":[{"embeddable":true,"href":"https:\/\/www.faopack.com\/sk\/wp-json\/wp\/v2\/comments?post=921"}],"wp:featuredmedia":[{"embeddable":true,"href":"https:\/\/www.faopack.com\/sk\/wp-json\/wp\/v2\/media\/953"}],"wp:attachment":[{"href":"https:\/\/www.faopack.com\/sk\/wp-json\/wp\/v2\/media?parent=921"}],"wp:term":[{"taxonomy":"product_brand","embeddable":true,"href":"https:\/\/www.faopack.com\/sk\/wp-json\/wp\/v2\/product_brand?post=921"},{"taxonomy":"product_cat","embeddable":true,"href":"https:\/\/www.faopack.com\/sk\/wp-json\/wp\/v2\/product_cat?post=921"},{"taxonomy":"product_tag","embeddable":true,"href":"https:\/\/www.faopack.com\/sk\/wp-json\/wp\/v2\/product_tag?post=921"}],"curies":[{"name":"wp","href":"https:\/\/api.w.org\/{rel}","templated":true}]}}