{"id":163,"date":"2025-03-18T17:05:03","date_gmt":"2025-03-18T17:05:03","guid":{"rendered":"https:\/\/www.faopack.com\/?page_id=163"},"modified":"2025-11-21T01:08:48","modified_gmt":"2025-11-21T01:08:48","slug":"hakkimizda","status":"publish","type":"page","link":"https:\/\/www.faopack.com\/tr\/hakkimizda\/","title":{"rendered":"Hakk\u0131m\u0131zda"},"content":{"rendered":"<div data-elementor-type=\"wp-page\" data-elementor-id=\"163\" class=\"elementor elementor-163\" data-elementor-post-type=\"page\">\n\t\t\t\t<div class=\"elementor-element elementor-element-2df919b e-flex e-con-boxed e-con e-parent\" data-id=\"2df919b\" data-element_type=\"container\" data-settings=\"{&quot;background_background&quot;:&quot;classic&quot;,&quot;background_motion_fx_motion_fx_scrolling&quot;:&quot;yes&quot;,&quot;background_motion_fx_translateY_effect&quot;:&quot;yes&quot;,&quot;background_motion_fx_translateY_speed&quot;:{&quot;unit&quot;:&quot;px&quot;,&quot;size&quot;:6,&quot;sizes&quot;:[]},&quot;background_motion_fx_blur_effect&quot;:&quot;yes&quot;,&quot;background_motion_fx_blur_direction&quot;:&quot;in-out&quot;,&quot;background_motion_fx_blur_level&quot;:{&quot;unit&quot;:&quot;px&quot;,&quot;size&quot;:4,&quot;sizes&quot;:[]},&quot;background_motion_fx_blur_range&quot;:{&quot;unit&quot;:&quot;%&quot;,&quot;size&quot;:&quot;&quot;,&quot;sizes&quot;:{&quot;start&quot;:25,&quot;end&quot;:100}},&quot;background_motion_fx_range&quot;:&quot;viewport&quot;,&quot;shape_divider_bottom&quot;:&quot;opacity-tilt&quot;,&quot;background_motion_fx_translateY_affectedRange&quot;:{&quot;unit&quot;:&quot;%&quot;,&quot;size&quot;:&quot;&quot;,&quot;sizes&quot;:{&quot;start&quot;:0,&quot;end&quot;:100}},&quot;background_motion_fx_devices&quot;:[&quot;desktop&quot;,&quot;tablet&quot;,&quot;mobile&quot;]}\">\n\t\t\t\t\t<div class=\"e-con-inner\">\n\t\t\t\t<div class=\"elementor-shape elementor-shape-bottom\" aria-hidden=\"true\" data-negative=\"false\">\n\t\t\t<svg xmlns=\"http:\/\/www.w3.org\/2000\/svg\" viewbox=\"0 0 2600 131.1\" preserveaspectratio=\"none\">\n\t<path class=\"elementor-shape-fill\" d=\"M0 0L2600 0 2600 69.1 0 0z\"\/>\n\t<path class=\"elementor-shape-fill\" style=\"opacity:0.5\" d=\"M0 0L2600 0 2600 69.1 0 69.1z\"\/>\n\t<path class=\"elementor-shape-fill\" style=\"opacity:0.25\" d=\"M2600 0L0 0 0 130.1 2600 69.1z\"\/>\n<\/svg>\t\t<\/div>\n\t\t\t\t<div class=\"elementor-element elementor-element-1679bbd elementor-widget__width-auto elementor-widget elementor-widget-woocommerce-breadcrumb\" data-id=\"1679bbd\" data-element_type=\"widget\" data-widget_type=\"woocommerce-breadcrumb.default\">\n\t\t\t\t<div class=\"elementor-widget-container\">\n\t\t\t\t\t<nav class=\"woocommerce-breadcrumb\" aria-label=\"Breadcrumb\" data-no-translation=\"\" data-trp-gettext=\"\">Ana Sayfa<\/nav>\t\t\t\t<\/div>\n\t\t\t\t<\/div>\n\t\t\t\t<div class=\"elementor-element elementor-element-14ef58b elementor-widget elementor-widget-heading\" data-id=\"14ef58b\" data-element_type=\"widget\" data-widget_type=\"heading.default\">\n\t\t\t\t<div class=\"elementor-widget-container\">\n\t\t\t\t\t<h1 class=\"elementor-heading-title elementor-size-default\">Hakk\u0131m\u0131zda<\/h1>\t\t\t\t<\/div>\n\t\t\t\t<\/div>\n\t\t\t\t\t<\/div>\n\t\t\t\t<\/div>\n\t\t<div class=\"elementor-element elementor-element-beff0d9 e-flex e-con-boxed e-con e-parent\" data-id=\"beff0d9\" data-element_type=\"container\" id=\"comp-profile\">\n\t\t\t\t\t<div class=\"e-con-inner\">\n\t\t<div class=\"elementor-element elementor-element-7430a70 e-con-full e-flex e-con e-child\" data-id=\"7430a70\" data-element_type=\"container\">\n\t\t<div class=\"elementor-element elementor-element-365577b e-con-full e-flex e-con e-child\" data-id=\"365577b\" data-element_type=\"container\" data-settings=\"{&quot;sticky&quot;:&quot;top&quot;,&quot;sticky_offset&quot;:100,&quot;sticky_parent&quot;:&quot;yes&quot;,&quot;sticky_on&quot;:[&quot;desktop&quot;,&quot;tablet&quot;,&quot;mobile&quot;],&quot;sticky_effects_offset&quot;:0,&quot;sticky_anchor_link_offset&quot;:0}\">\n\t\t<div class=\"elementor-element elementor-element-749b0ed e-con-full e-flex e-con e-child\" data-id=\"749b0ed\" data-element_type=\"container\" data-settings=\"{&quot;background_background&quot;:&quot;classic&quot;}\">\n\t\t\t\t<div class=\"elementor-element elementor-element-bc4302c elementor-widget elementor-widget-heading\" data-id=\"bc4302c\" data-element_type=\"widget\" data-widget_type=\"heading.default\">\n\t\t\t\t<div class=\"elementor-widget-container\">\n\t\t\t\t\t<h4 class=\"elementor-heading-title elementor-size-default\">Sayfa \u0130\u00e7i Navigasyon<\/h4>\t\t\t\t<\/div>\n\t\t\t\t<\/div>\n\t\t\t\t<div class=\"elementor-element elementor-element-cbfae79 elementor-icon-list--layout-traditional elementor-list-item-link-full_width elementor-widget elementor-widget-icon-list\" data-id=\"cbfae79\" data-element_type=\"widget\" data-widget_type=\"icon-list.default\">\n\t\t\t\t<div class=\"elementor-widget-container\">\n\t\t\t\t\t\t\t<ul class=\"elementor-icon-list-items\">\n\t\t\t\t\t\t\t<li class=\"elementor-icon-list-item\">\n\t\t\t\t\t\t\t\t\t\t\t<a href=\"#comp-profile\">\n\n\t\t\t\t\t\t\t\t\t\t\t\t<span class=\"elementor-icon-list-icon\">\n\t\t\t\t\t\t\t<i aria-hidden=\"true\" class=\"uiconrr uiconrr-fi-rr-scale-comparison\"><\/i>\t\t\t\t\t\t<\/span>\n\t\t\t\t\t\t\t\t\t\t<span class=\"elementor-icon-list-text\">\u015eirket Profili<\/span>\n\t\t\t\t\t\t\t\t\t\t\t<\/a>\n\t\t\t\t\t\t\t\t\t<\/li>\n\t\t\t\t\t\t\t\t<li class=\"elementor-icon-list-item\">\n\t\t\t\t\t\t\t\t\t\t\t<a href=\"#mission\">\n\n\t\t\t\t\t\t\t\t\t\t\t\t<span class=\"elementor-icon-list-icon\">\n\t\t\t\t\t\t\t<i aria-hidden=\"true\" class=\"uiconrr uiconrr-fi-rr-story-fantasy\"><\/i>\t\t\t\t\t\t<\/span>\n\t\t\t\t\t\t\t\t\t\t<span class=\"elementor-icon-list-text\">G\u00f6rev<\/span>\n\t\t\t\t\t\t\t\t\t\t\t<\/a>\n\t\t\t\t\t\t\t\t\t<\/li>\n\t\t\t\t\t\t\t\t<li class=\"elementor-icon-list-item\">\n\t\t\t\t\t\t\t\t\t\t\t<a href=\"#vision\">\n\n\t\t\t\t\t\t\t\t\t\t\t\t<span class=\"elementor-icon-list-icon\">\n\t\t\t\t\t\t\t<i aria-hidden=\"true\" class=\"uiconrr uiconrr-fi-rr-eye-arrow-progress\"><\/i>\t\t\t\t\t\t<\/span>\n\t\t\t\t\t\t\t\t\t\t<span class=\"elementor-icon-list-text\">Vizyon<\/span>\n\t\t\t\t\t\t\t\t\t\t\t<\/a>\n\t\t\t\t\t\t\t\t\t<\/li>\n\t\t\t\t\t\t<\/ul>\n\t\t\t\t\t\t<\/div>\n\t\t\t\t<\/div>\n\t\t\t\t<\/div>\n\t\t<div class=\"elementor-element elementor-element-0267232 e-con-full e-flex e-con e-child\" data-id=\"0267232\" data-element_type=\"container\" data-settings=\"{&quot;background_background&quot;:&quot;classic&quot;}\">\n\t\t\t\t<div class=\"elementor-element elementor-element-a87f429 elementor-widget elementor-widget-heading\" data-id=\"a87f429\" data-element_type=\"widget\" data-widget_type=\"heading.default\">\n\t\t\t\t<div class=\"elementor-widget-container\">\n\t\t\t\t\t<h4 class=\"elementor-heading-title elementor-size-default\">S\u00fcrd\u00fcr\u00fclebilirlik<\/h4>\t\t\t\t<\/div>\n\t\t\t\t<\/div>\n\t\t\t\t<div class=\"elementor-element elementor-element-f86cb3d elementor-icon-list--layout-traditional elementor-list-item-link-full_width elementor-widget elementor-widget-icon-list\" data-id=\"f86cb3d\" data-element_type=\"widget\" data-widget_type=\"icon-list.default\">\n\t\t\t\t<div class=\"elementor-widget-container\">\n\t\t\t\t\t\t\t<ul class=\"elementor-icon-list-items\">\n\t\t\t\t\t\t\t<li class=\"elementor-icon-list-item\">\n\t\t\t\t\t\t\t\t\t\t\t<a href=\"\/tr\/surdurulebi%cc%87li%cc%87rli%cc%87k\/#approach\">\n\n\t\t\t\t\t\t\t\t\t\t\t\t<span class=\"elementor-icon-list-icon\">\n\t\t\t\t\t\t\t<i aria-hidden=\"true\" class=\"uiconrr uiconrr-fi-rr-three-leaf-clover\"><\/i>\t\t\t\t\t\t<\/span>\n\t\t\t\t\t\t\t\t\t\t<span class=\"elementor-icon-list-text\">Bizim Yakla\u015f\u0131m\u0131m\u0131z<\/span>\n\t\t\t\t\t\t\t\t\t\t\t<\/a>\n\t\t\t\t\t\t\t\t\t<\/li>\n\t\t\t\t\t\t\t\t<li class=\"elementor-icon-list-item\">\n\t\t\t\t\t\t\t\t\t\t\t<a href=\"\/tr\/surdurulebi%cc%87li%cc%87rli%cc%87k\/#activities\">\n\n\t\t\t\t\t\t\t\t\t\t\t\t<span class=\"elementor-icon-list-icon\">\n\t\t\t\t\t\t\t<i aria-hidden=\"true\" class=\"uiconrr uiconrr-fi-rr-leaf-heart\"><\/i>\t\t\t\t\t\t<\/span>\n\t\t\t\t\t\t\t\t\t\t<span class=\"elementor-icon-list-text\">Faaliyetlerimiz<\/span>\n\t\t\t\t\t\t\t\t\t\t\t<\/a>\n\t\t\t\t\t\t\t\t\t<\/li>\n\t\t\t\t\t\t\t\t<li class=\"elementor-icon-list-item\">\n\t\t\t\t\t\t\t\t\t\t\t<a href=\"\/tr\/surdurulebi%cc%87li%cc%87rli%cc%87k\/#spackaging\">\n\n\t\t\t\t\t\t\t\t\t\t\t\t<span class=\"elementor-icon-list-icon\">\n\t\t\t\t\t\t\t<i aria-hidden=\"true\" class=\"uiconrr uiconrr-fi-rr-badge-leaf\"><\/i>\t\t\t\t\t\t<\/span>\n\t\t\t\t\t\t\t\t\t\t<span class=\"elementor-icon-list-text\">S\u00fcrd\u00fcr\u00fclebilir Ambalaj<\/span>\n\t\t\t\t\t\t\t\t\t\t\t<\/a>\n\t\t\t\t\t\t\t\t\t<\/li>\n\t\t\t\t\t\t<\/ul>\n\t\t\t\t\t\t<\/div>\n\t\t\t\t<\/div>\n\t\t\t\t<\/div>\n\t\t\t\t<div class=\"elementor-element elementor-element-a95330b elementor-widget elementor-widget-button\" data-id=\"a95330b\" data-element_type=\"widget\" data-widget_type=\"button.default\">\n\t\t\t\t<div class=\"elementor-widget-container\">\n\t\t\t\t\t\t\t\t\t<div class=\"elementor-button-wrapper\">\n\t\t\t\t\t<a class=\"elementor-button elementor-button-link elementor-size-sm\" href=\"\/tr\/iletisim\/\">\n\t\t\t\t\t\t<span class=\"elementor-button-content-wrapper\">\n\t\t\t\t\t\t<span class=\"elementor-button-icon\">\n\t\t\t\t<i aria-hidden=\"true\" class=\"uiconrr uiconrr-fi-rr-phone-call\"><\/i>\t\t\t<\/span>\n\t\t\t\t\t\t\t\t\t<span class=\"elementor-button-text\">Bize Ula\u015f\u0131n<\/span>\n\t\t\t\t\t<\/span>\n\t\t\t\t\t<\/a>\n\t\t\t\t<\/div>\n\t\t\t\t\t\t\t\t<\/div>\n\t\t\t\t<\/div>\n\t\t\t\t<\/div>\n\t\t\t\t<\/div>\n\t\t<div class=\"elementor-element elementor-element-56defea e-con-full e-flex e-con e-child\" data-id=\"56defea\" data-element_type=\"container\">\n\t\t\t\t<div class=\"elementor-element elementor-element-b6f6d6e elementor-widget elementor-widget-heading\" data-id=\"b6f6d6e\" data-element_type=\"widget\" data-widget_type=\"heading.default\">\n\t\t\t\t<div class=\"elementor-widget-container\">\n\t\t\t\t\t<h2 class=\"elementor-heading-title elementor-size-default\">\u015eirket Profili<\/h2>\t\t\t\t<\/div>\n\t\t\t\t<\/div>\n\t\t\t\t<div class=\"elementor-element elementor-element-71d97d0 elementor-widget elementor-widget-video\" data-id=\"71d97d0\" data-element_type=\"widget\" data-settings=\"{&quot;video_type&quot;:&quot;hosted&quot;,&quot;autoplay&quot;:&quot;yes&quot;,&quot;play_on_mobile&quot;:&quot;yes&quot;,&quot;mute&quot;:&quot;yes&quot;,&quot;loop&quot;:&quot;yes&quot;}\" data-widget_type=\"video.default\">\n\t\t\t\t<div class=\"elementor-widget-container\">\n\t\t\t\t\t\t\t<div class=\"e-hosted-video elementor-wrapper elementor-open-inline\">\n\t\t\t\t\t<video class=\"elementor-video\" src=\"https:\/\/www.faopack.com\/wp-content\/uploads\/2025\/06\/Sequence-01.mp4\" autoplay=\"\" loop=\"\" muted=\"muted\" playsinline=\"\" controlslist=\"nodownload\"><\/video>\n\t\t\t\t<\/div>\n\t\t\t\t\t\t<\/div>\n\t\t\t\t<\/div>\n\t\t\t\t<div class=\"elementor-element elementor-element-5d18fe6 elementor-widget elementor-widget-text-editor\" data-id=\"5d18fe6\" data-element_type=\"widget\" data-widget_type=\"text-editor.default\">\n\t\t\t\t<div class=\"elementor-widget-container\">\n\t\t\t\t\t\t\t\t\t<p>Faopack, ambalaj sekt\u00f6r\u00fcndeki bo\u015flu\u011fu doldurmak ve yenilik\u00e7i, \u00e7evre dostu \u00e7\u00f6z\u00fcmler sunmak amac\u0131yla 2023 y\u0131l\u0131nda kurulmu\u015ftur. K\u0131sa s\u00fcrede sekt\u00f6re damgas\u0131n\u0131 vuran bir marka olmay\u0131 ba\u015faran firmam\u0131z, m\u00fc\u015fteri odakl\u0131 yakla\u015f\u0131m\u0131, y\u00fcksek kalite standartlar\u0131 ve s\u00fcrd\u00fcr\u00fclebilirlik ilkeleri ile Avrupa pazar\u0131nda fark yaratmaya devam etmektedir.<\/p>\n<p><strong>\u00dcr\u00fcn ve Hizmet Portf\u00f6y\u00fc:<\/strong><\/p>\n<p>Faopack, ambalaj ihtiya\u00e7lar\u0131n\u0131 kar\u015f\u0131lamak i\u00e7in geni\u015f bir \u00fcr\u00fcn ve hizmet yelpazesi sunmaktad\u0131r. \u00c7e\u015fitli sekt\u00f6rlerdeki m\u00fc\u015fterilerimizin \u00f6zel gereksinimlerini anlayarak, \u00f6zelle\u015ftirilmi\u015f ambalaj \u00e7\u00f6z\u00fcmleri yarat\u0131yoruz. Yarat\u0131c\u0131 tasar\u0131m ekibimiz ve modern \u00fcretim tesislerimiz sayesinde m\u00fc\u015fterilerimize estetik ve i\u015flevselli\u011fi bir araya getiren \u00e7\u00f6z\u00fcmler sunuyoruz<strong>.<\/strong> Ambalaj \u00fcretiminin yan\u0131 s\u0131ra yayg\u0131n depo a\u011f\u0131m\u0131zla m\u00fc\u015fterilerimizin g\u0131da, temizlik ve hijyen malzemesi ihtiya\u00e7lar\u0131na da cevap veriyoruz.<\/p>\n<p><strong>Teknoloji ve \u0130novasyon:<\/strong><\/p>\n<p>Faopack, sekt\u00f6rdeki en son teknolojileri ve yenilikleri yak\u0131ndan takip ederek \u00fcretim s\u00fcre\u00e7lerini s\u00fcrekli geli\u015ftirmektedir. Yenilik\u00e7i ambalaj tasar\u0131mlar\u0131 ve \u00e7evre dostu malzemelerle birle\u015ftirdi\u011fimiz teknolojik \u00e7\u00f6z\u00fcmlerimizle m\u00fc\u015fterilerimize rekabet avantaj\u0131 sa\u011fl\u0131yor ve s\u00fcrd\u00fcr\u00fclebilir bir gelece\u011fe katk\u0131da bulunuyoruz.<\/p>\n<p><strong>S\u00fcrd\u00fcr\u00fclebilirlik Taahh\u00fcd\u00fc:<\/strong><\/p>\n<p>Faopack, \u00e7evresel sorumluluk bilinciyle hareket ederek s\u00fcrd\u00fcr\u00fclebilirlik ilkelerini i\u015f yapma bi\u00e7imimize entegre etmi\u015ftir. Geri d\u00f6n\u00fc\u015ft\u00fcr\u00fclebilir malzeme kullan\u0131m\u0131, enerji verimlili\u011fi ve at\u0131k y\u00f6netimi alanlar\u0131ndaki s\u00fcrekli iyile\u015ftirme \u00e7al\u0131\u015fmalar\u0131m\u0131zla hem m\u00fc\u015fterilerimizin beklentilerini kar\u015f\u0131l\u0131yor hem de \u00e7evremizi koruyoruz.<\/p>\n<p><strong>Avrupa Pazar\u0131nda G\u00fc\u00e7l\u00fc Varl\u0131k:<\/strong><\/p>\n<p>Faopack kuruldu\u011fu g\u00fcnden bu yana Avrupa pazar\u0131ndaki g\u00fc\u00e7l\u00fc varl\u0131\u011f\u0131 ile dikkat \u00e7ekmektedir. M\u00fc\u015fteri memnuniyetine verdi\u011fimiz \u00f6nem, h\u0131zl\u0131 teslimat s\u00fcre\u00e7lerimiz ve kaliteli \u00fcr\u00fcnlerimiz sayesinde k\u0131sa s\u00fcrede sekt\u00f6rde kendimizi kabul ettirdik. Avrupa \u00e7ap\u0131nda geni\u015f bir m\u00fc\u015fteri portf\u00f6y\u00fcne sahip olmam\u0131z bize b\u00f6lgesel \u00e7\u00f6z\u00fcmler sunma ve k\u00fcresel pazarda rekabet edebilme yetene\u011fi kazand\u0131r\u0131yor.<\/p>\n<p><strong>Gelecek i\u00e7in Vizyon:<\/strong><\/p>\n<p>Faopack, ambalaj sekt\u00f6r\u00fcnde lider bir marka olma vizyonuna sahiptir. Gelecekte de m\u00fc\u015fteri memnuniyetine odaklanarak s\u00fcrd\u00fcr\u00fclebilir \u00e7\u00f6z\u00fcmlerle global bir marka olmay\u0131 hedefliyoruz. Teknolojik geli\u015fmeleri yak\u0131ndan takip ederek, m\u00fc\u015fterilerimize sekt\u00f6rdeki en son trendleri sunmaya devam edece\u011fiz.<\/p>\n<p>Faopack olarak kaliteli \u00fcr\u00fcnlerimiz, s\u00fcrd\u00fcr\u00fclebilirlik ilkelerimiz ve m\u00fc\u015fteri memnuniyetine verdi\u011fimiz \u00f6nemle ambalaj\u0131n gelece\u011fini \u015fekillendirmeye devam ediyoruz.<\/p>\t\t\t\t\t\t\t\t<\/div>\n\t\t\t\t<\/div>\n\t\t\t\t<div class=\"elementor-element elementor-element-2b62099 elementor-widget elementor-widget-heading\" data-id=\"2b62099\" data-element_type=\"widget\" id=\"mission\" data-widget_type=\"heading.default\">\n\t\t\t\t<div class=\"elementor-widget-container\">\n\t\t\t\t\t<h2 class=\"elementor-heading-title elementor-size-default\">Misyonumuz<\/h2>\t\t\t\t<\/div>\n\t\t\t\t<\/div>\n\t\t\t\t<div class=\"elementor-element elementor-element-aab523f elementor-widget elementor-widget-text-editor\" data-id=\"aab523f\" data-element_type=\"widget\" data-widget_type=\"text-editor.default\">\n\t\t\t\t<div class=\"elementor-widget-container\">\n\t\t\t\t\t\t\t\t\t<p>Firmam\u0131z, ambalaj sekt\u00f6r\u00fcndeki m\u00fc\u015fterilerimize benzersiz ve \u00f6zelle\u015ftirilmi\u015f \u00e7\u00f6z\u00fcmler sunarak, \u00fcr\u00fcnlerini g\u00fcvenli ve etkili bir \u015fekilde paketlemelerine yard\u0131mc\u0131 olmay\u0131 ama\u00e7lamaktad\u0131r. M\u00fc\u015fteri memnuniyetini en \u00fcst d\u00fczeyde tutarak, kaliteli \u00fcr\u00fcnlerimizle hem tedarik zincirimizde hem de Avrupa pazar\u0131nda g\u00fcvenilir bir tercih olmay\u0131 hedefliyoruz. S\u00fcrd\u00fcr\u00fclebilir \u00fcretim ve \u00e7evre dostu malzemeler kullanarak, k\u00fcresel olarak \u00e7evresel etkimizi en aza indirmeye kararl\u0131y\u0131z.<\/p>\t\t\t\t\t\t\t\t<\/div>\n\t\t\t\t<\/div>\n\t\t\t\t<div class=\"elementor-element elementor-element-7f583a1 elementor-widget elementor-widget-heading\" data-id=\"7f583a1\" data-element_type=\"widget\" id=\"vision\" data-widget_type=\"heading.default\">\n\t\t\t\t<div class=\"elementor-widget-container\">\n\t\t\t\t\t<h2 class=\"elementor-heading-title elementor-size-default\">Vizyonumuz<\/h2>\t\t\t\t<\/div>\n\t\t\t\t<\/div>\n\t\t\t\t<div class=\"elementor-element elementor-element-fcd802b elementor-widget elementor-widget-text-editor\" data-id=\"fcd802b\" data-element_type=\"widget\" data-widget_type=\"text-editor.default\">\n\t\t\t\t<div class=\"elementor-widget-container\">\n\t\t\t\t\t\t\t\t\t<p>\u015eirketimiz Avrupa pazar\u0131nda lider olmay\u0131 ve ambalaj sekt\u00f6r\u00fcnde standartlar\u0131 belirlemeyi hedeflemektedir. M\u00fc\u015fterilerimize de\u011fer katan yenilik\u00e7i ve s\u00fcrd\u00fcr\u00fclebilir ambalaj \u00e7\u00f6z\u00fcmleri sunarak sekt\u00f6rde lider bir marka olma vizyonuna sahibiz. Y\u00fcksek teknolojiye yat\u0131r\u0131m yaparak \u00fcretim s\u00fcre\u00e7lerimizi s\u00fcrekli iyile\u015ftiriyor, m\u00fc\u015fteri taleplerine h\u0131zl\u0131 ve esnek bir \u015fekilde yan\u0131t vererek i\u015fbirli\u011fimizi g\u00fc\u00e7lendiriyoruz. \u00c7al\u0131\u015fanlar\u0131m\u0131z\u0131n yeteneklerini geli\u015ftirmeye odaklanarak ve ekip ruhunu te\u015fvik ederek sadece m\u00fc\u015fterilerimizin de\u011fil \u00e7al\u0131\u015fanlar\u0131m\u0131z\u0131n da ba\u015far\u0131s\u0131na katk\u0131da bulunmay\u0131 hedefliyoruz. Ambalaj sekt\u00f6r\u00fcnde \u00f6nc\u00fc bir rol oynayarak Avrupa'da ve t\u00fcm d\u00fcnyada s\u00fcrd\u00fcr\u00fclebilir bir gelece\u011fe katk\u0131da bulunuyoruz.<\/p>\t\t\t\t\t\t\t\t<\/div>\n\t\t\t\t<\/div>\n\t\t\t\t<\/div>\n\t\t\t\t\t<\/div>\n\t\t\t\t<\/div>\n\t\t\t\t<\/div>","protected":false},"excerpt":{"rendered":"<p>Faopack, ambalaj sekt\u00f6r\u00fcndeki bo\u015flu\u011fu doldurmak ve yenilik\u00e7i, \u00e7evre dostu \u00e7\u00f6z\u00fcmler sunmak amac\u0131yla 2020 y\u0131l\u0131nda kurulmu\u015ftur.<\/p>","protected":false},"author":1,"featured_media":205,"parent":0,"menu_order":0,"comment_status":"closed","ping_status":"closed","template":"elementor_header_footer","meta":{"footnotes":""},"class_list":["post-163","page","type-page","status-publish","has-post-thumbnail","hentry"],"_links":{"self":[{"href":"https:\/\/www.faopack.com\/tr\/wp-json\/wp\/v2\/pages\/163","targetHints":{"allow":["GET"]}}],"collection":[{"href":"https:\/\/www.faopack.com\/tr\/wp-json\/wp\/v2\/pages"}],"about":[{"href":"https:\/\/www.faopack.com\/tr\/wp-json\/wp\/v2\/types\/page"}],"author":[{"embeddable":true,"href":"https:\/\/www.faopack.com\/tr\/wp-json\/wp\/v2\/users\/1"}],"replies":[{"embeddable":true,"href":"https:\/\/www.faopack.com\/tr\/wp-json\/wp\/v2\/comments?post=163"}],"version-history":[{"count":5,"href":"https:\/\/www.faopack.com\/tr\/wp-json\/wp\/v2\/pages\/163\/revisions"}],"predecessor-version":[{"id":1077,"href":"https:\/\/www.faopack.com\/tr\/wp-json\/wp\/v2\/pages\/163\/revisions\/1077"}],"wp:featuredmedia":[{"embeddable":true,"href":"https:\/\/www.faopack.com\/tr\/wp-json\/wp\/v2\/media\/205"}],"wp:attachment":[{"href":"https:\/\/www.faopack.com\/tr\/wp-json\/wp\/v2\/media?parent=163"}],"curies":[{"name":"wp","href":"https:\/\/api.w.org\/{rel}","templated":true}]}}