{"id":165,"date":"2025-03-18T17:07:32","date_gmt":"2025-03-18T17:07:32","guid":{"rendered":"https:\/\/www.faopack.com\/?page_id=165"},"modified":"2025-11-21T01:10:48","modified_gmt":"2025-11-21T01:10:48","slug":"surdurulebi%cc%87li%cc%87rli%cc%87k","status":"publish","type":"page","link":"https:\/\/www.faopack.com\/tr\/surdurulebi%cc%87li%cc%87rli%cc%87k\/","title":{"rendered":"S\u00fcrd\u00fcr\u00fclebilirlik"},"content":{"rendered":"<div data-elementor-type=\"wp-page\" data-elementor-id=\"165\" class=\"elementor elementor-165\" data-elementor-post-type=\"page\">\n\t\t\t\t<div class=\"elementor-element elementor-element-b7c39b0 e-flex e-con-boxed e-con e-parent\" data-id=\"b7c39b0\" data-element_type=\"container\" data-settings=\"{&quot;background_background&quot;:&quot;classic&quot;,&quot;background_motion_fx_motion_fx_scrolling&quot;:&quot;yes&quot;,&quot;background_motion_fx_translateY_effect&quot;:&quot;yes&quot;,&quot;background_motion_fx_translateY_speed&quot;:{&quot;unit&quot;:&quot;px&quot;,&quot;size&quot;:6,&quot;sizes&quot;:[]},&quot;background_motion_fx_blur_effect&quot;:&quot;yes&quot;,&quot;background_motion_fx_blur_direction&quot;:&quot;in-out&quot;,&quot;background_motion_fx_blur_level&quot;:{&quot;unit&quot;:&quot;px&quot;,&quot;size&quot;:4,&quot;sizes&quot;:[]},&quot;background_motion_fx_blur_range&quot;:{&quot;unit&quot;:&quot;%&quot;,&quot;size&quot;:&quot;&quot;,&quot;sizes&quot;:{&quot;start&quot;:25,&quot;end&quot;:100}},&quot;background_motion_fx_range&quot;:&quot;viewport&quot;,&quot;shape_divider_bottom&quot;:&quot;opacity-tilt&quot;,&quot;background_motion_fx_translateY_affectedRange&quot;:{&quot;unit&quot;:&quot;%&quot;,&quot;size&quot;:&quot;&quot;,&quot;sizes&quot;:{&quot;start&quot;:0,&quot;end&quot;:100}},&quot;background_motion_fx_devices&quot;:[&quot;desktop&quot;,&quot;tablet&quot;,&quot;mobile&quot;]}\">\n\t\t\t\t\t<div class=\"e-con-inner\">\n\t\t\t\t<div class=\"elementor-shape elementor-shape-bottom\" aria-hidden=\"true\" data-negative=\"false\">\n\t\t\t<svg xmlns=\"http:\/\/www.w3.org\/2000\/svg\" viewbox=\"0 0 2600 131.1\" preserveaspectratio=\"none\">\n\t<path class=\"elementor-shape-fill\" d=\"M0 0L2600 0 2600 69.1 0 0z\"\/>\n\t<path class=\"elementor-shape-fill\" style=\"opacity:0.5\" d=\"M0 0L2600 0 2600 69.1 0 69.1z\"\/>\n\t<path class=\"elementor-shape-fill\" style=\"opacity:0.25\" d=\"M2600 0L0 0 0 130.1 2600 69.1z\"\/>\n<\/svg>\t\t<\/div>\n\t\t\t\t<div class=\"elementor-element elementor-element-ae0f003 elementor-widget__width-auto elementor-widget elementor-widget-woocommerce-breadcrumb\" data-id=\"ae0f003\" data-element_type=\"widget\" data-widget_type=\"woocommerce-breadcrumb.default\">\n\t\t\t\t<div class=\"elementor-widget-container\">\n\t\t\t\t\t<nav class=\"woocommerce-breadcrumb\" aria-label=\"Breadcrumb\" data-no-translation=\"\" data-trp-gettext=\"\">Ana Sayfa<\/nav>\t\t\t\t<\/div>\n\t\t\t\t<\/div>\n\t\t\t\t<div class=\"elementor-element elementor-element-5afc353 elementor-widget elementor-widget-heading\" data-id=\"5afc353\" data-element_type=\"widget\" data-widget_type=\"heading.default\">\n\t\t\t\t<div class=\"elementor-widget-container\">\n\t\t\t\t\t<h1 class=\"elementor-heading-title elementor-size-default\">S\u00fcrd\u00fcr\u00fclebilirlik<\/h1>\t\t\t\t<\/div>\n\t\t\t\t<\/div>\n\t\t\t\t\t<\/div>\n\t\t\t\t<\/div>\n\t\t<div class=\"elementor-element elementor-element-a5909cd e-flex e-con-boxed e-con e-parent\" data-id=\"a5909cd\" data-element_type=\"container\" id=\"approach\">\n\t\t\t\t\t<div class=\"e-con-inner\">\n\t\t<div class=\"elementor-element elementor-element-a50093a e-con-full e-flex e-con e-child\" data-id=\"a50093a\" data-element_type=\"container\">\n\t\t<div class=\"elementor-element elementor-element-97b4032 e-con-full e-flex e-con e-child\" data-id=\"97b4032\" data-element_type=\"container\" data-settings=\"{&quot;sticky&quot;:&quot;top&quot;,&quot;sticky_offset&quot;:100,&quot;sticky_parent&quot;:&quot;yes&quot;,&quot;sticky_on&quot;:[&quot;desktop&quot;,&quot;tablet&quot;,&quot;mobile&quot;],&quot;sticky_effects_offset&quot;:0,&quot;sticky_anchor_link_offset&quot;:0}\">\n\t\t<div class=\"elementor-element elementor-element-390666d e-con-full e-flex e-con e-child\" data-id=\"390666d\" data-element_type=\"container\" data-settings=\"{&quot;background_background&quot;:&quot;classic&quot;}\">\n\t\t\t\t<div class=\"elementor-element elementor-element-9ad3ffe elementor-widget elementor-widget-heading\" data-id=\"9ad3ffe\" data-element_type=\"widget\" data-widget_type=\"heading.default\">\n\t\t\t\t<div class=\"elementor-widget-container\">\n\t\t\t\t\t<h4 class=\"elementor-heading-title elementor-size-default\">Sayfa \u0130\u00e7i Navigasyon<\/h4>\t\t\t\t<\/div>\n\t\t\t\t<\/div>\n\t\t\t\t<div class=\"elementor-element elementor-element-0716221 elementor-icon-list--layout-traditional elementor-list-item-link-full_width elementor-widget elementor-widget-icon-list\" data-id=\"0716221\" data-element_type=\"widget\" data-widget_type=\"icon-list.default\">\n\t\t\t\t<div class=\"elementor-widget-container\">\n\t\t\t\t\t\t\t<ul class=\"elementor-icon-list-items\">\n\t\t\t\t\t\t\t<li class=\"elementor-icon-list-item\">\n\t\t\t\t\t\t\t\t\t\t\t<a href=\"#approach\">\n\n\t\t\t\t\t\t\t\t\t\t\t\t<span class=\"elementor-icon-list-icon\">\n\t\t\t\t\t\t\t<i aria-hidden=\"true\" class=\"uiconrr uiconrr-fi-rr-three-leaf-clover\"><\/i>\t\t\t\t\t\t<\/span>\n\t\t\t\t\t\t\t\t\t\t<span class=\"elementor-icon-list-text\">Bizim Yakla\u015f\u0131m\u0131m\u0131z<\/span>\n\t\t\t\t\t\t\t\t\t\t\t<\/a>\n\t\t\t\t\t\t\t\t\t<\/li>\n\t\t\t\t\t\t\t\t<li class=\"elementor-icon-list-item\">\n\t\t\t\t\t\t\t\t\t\t\t<a href=\"#activities\">\n\n\t\t\t\t\t\t\t\t\t\t\t\t<span class=\"elementor-icon-list-icon\">\n\t\t\t\t\t\t\t<i aria-hidden=\"true\" class=\"uiconrr uiconrr-fi-rr-leaf-heart\"><\/i>\t\t\t\t\t\t<\/span>\n\t\t\t\t\t\t\t\t\t\t<span class=\"elementor-icon-list-text\">Faaliyetlerimiz<\/span>\n\t\t\t\t\t\t\t\t\t\t\t<\/a>\n\t\t\t\t\t\t\t\t\t<\/li>\n\t\t\t\t\t\t\t\t<li class=\"elementor-icon-list-item\">\n\t\t\t\t\t\t\t\t\t\t\t<a href=\"#spackaging\">\n\n\t\t\t\t\t\t\t\t\t\t\t\t<span class=\"elementor-icon-list-icon\">\n\t\t\t\t\t\t\t<i aria-hidden=\"true\" class=\"uiconrr uiconrr-fi-rr-badge-leaf\"><\/i>\t\t\t\t\t\t<\/span>\n\t\t\t\t\t\t\t\t\t\t<span class=\"elementor-icon-list-text\">S\u00fcrd\u00fcr\u00fclebilir Ambalaj<\/span>\n\t\t\t\t\t\t\t\t\t\t\t<\/a>\n\t\t\t\t\t\t\t\t\t<\/li>\n\t\t\t\t\t\t<\/ul>\n\t\t\t\t\t\t<\/div>\n\t\t\t\t<\/div>\n\t\t\t\t<\/div>\n\t\t<div class=\"elementor-element elementor-element-bdc7ed9 e-con-full e-flex e-con e-child\" data-id=\"bdc7ed9\" data-element_type=\"container\" data-settings=\"{&quot;background_background&quot;:&quot;classic&quot;}\">\n\t\t\t\t<div class=\"elementor-element elementor-element-7d41d77 elementor-widget elementor-widget-heading\" data-id=\"7d41d77\" data-element_type=\"widget\" data-widget_type=\"heading.default\">\n\t\t\t\t<div class=\"elementor-widget-container\">\n\t\t\t\t\t<h4 class=\"elementor-heading-title elementor-size-default\">Hakk\u0131m\u0131zda<\/h4>\t\t\t\t<\/div>\n\t\t\t\t<\/div>\n\t\t\t\t<div class=\"elementor-element elementor-element-0265e78 elementor-icon-list--layout-traditional elementor-list-item-link-full_width elementor-widget elementor-widget-icon-list\" data-id=\"0265e78\" data-element_type=\"widget\" data-widget_type=\"icon-list.default\">\n\t\t\t\t<div class=\"elementor-widget-container\">\n\t\t\t\t\t\t\t<ul class=\"elementor-icon-list-items\">\n\t\t\t\t\t\t\t<li class=\"elementor-icon-list-item\">\n\t\t\t\t\t\t\t\t\t\t\t<a href=\"\/tr\/hakkimizda\/#comp-profile\">\n\n\t\t\t\t\t\t\t\t\t\t\t\t<span class=\"elementor-icon-list-icon\">\n\t\t\t\t\t\t\t<i aria-hidden=\"true\" class=\"uiconrr uiconrr-fi-rr-scale-comparison\"><\/i>\t\t\t\t\t\t<\/span>\n\t\t\t\t\t\t\t\t\t\t<span class=\"elementor-icon-list-text\">\u015eirket Profili<\/span>\n\t\t\t\t\t\t\t\t\t\t\t<\/a>\n\t\t\t\t\t\t\t\t\t<\/li>\n\t\t\t\t\t\t\t\t<li class=\"elementor-icon-list-item\">\n\t\t\t\t\t\t\t\t\t\t\t<a href=\"\/tr\/hakkimizda\/#mission\">\n\n\t\t\t\t\t\t\t\t\t\t\t\t<span class=\"elementor-icon-list-icon\">\n\t\t\t\t\t\t\t<i aria-hidden=\"true\" class=\"uiconrr uiconrr-fi-rr-story-fantasy\"><\/i>\t\t\t\t\t\t<\/span>\n\t\t\t\t\t\t\t\t\t\t<span class=\"elementor-icon-list-text\">G\u00f6rev<\/span>\n\t\t\t\t\t\t\t\t\t\t\t<\/a>\n\t\t\t\t\t\t\t\t\t<\/li>\n\t\t\t\t\t\t\t\t<li class=\"elementor-icon-list-item\">\n\t\t\t\t\t\t\t\t\t\t\t<a href=\"\/tr\/hakkimizda\/#vision\">\n\n\t\t\t\t\t\t\t\t\t\t\t\t<span class=\"elementor-icon-list-icon\">\n\t\t\t\t\t\t\t<i aria-hidden=\"true\" class=\"uiconrr uiconrr-fi-rr-eye-arrow-progress\"><\/i>\t\t\t\t\t\t<\/span>\n\t\t\t\t\t\t\t\t\t\t<span class=\"elementor-icon-list-text\">Vizyon<\/span>\n\t\t\t\t\t\t\t\t\t\t\t<\/a>\n\t\t\t\t\t\t\t\t\t<\/li>\n\t\t\t\t\t\t<\/ul>\n\t\t\t\t\t\t<\/div>\n\t\t\t\t<\/div>\n\t\t\t\t<\/div>\n\t\t\t\t<div class=\"elementor-element elementor-element-8ed879a elementor-widget elementor-widget-button\" data-id=\"8ed879a\" data-element_type=\"widget\" data-widget_type=\"button.default\">\n\t\t\t\t<div class=\"elementor-widget-container\">\n\t\t\t\t\t\t\t\t\t<div class=\"elementor-button-wrapper\">\n\t\t\t\t\t<a class=\"elementor-button elementor-button-link elementor-size-sm\" href=\"\/tr\/iletisim\/\">\n\t\t\t\t\t\t<span class=\"elementor-button-content-wrapper\">\n\t\t\t\t\t\t<span class=\"elementor-button-icon\">\n\t\t\t\t<i aria-hidden=\"true\" class=\"uiconrr uiconrr-fi-rr-phone-call\"><\/i>\t\t\t<\/span>\n\t\t\t\t\t\t\t\t\t<span class=\"elementor-button-text\">Bize Ula\u015f\u0131n<\/span>\n\t\t\t\t\t<\/span>\n\t\t\t\t\t<\/a>\n\t\t\t\t<\/div>\n\t\t\t\t\t\t\t\t<\/div>\n\t\t\t\t<\/div>\n\t\t\t\t<\/div>\n\t\t\t\t<\/div>\n\t\t<div class=\"elementor-element elementor-element-96791a5 e-con-full e-flex e-con e-child\" data-id=\"96791a5\" data-element_type=\"container\">\n\t\t\t\t<div class=\"elementor-element elementor-element-f52f9ac elementor-widget elementor-widget-heading\" data-id=\"f52f9ac\" data-element_type=\"widget\" data-widget_type=\"heading.default\">\n\t\t\t\t<div class=\"elementor-widget-container\">\n\t\t\t\t\t<h2 class=\"elementor-heading-title elementor-size-default\">Bizim Yakla\u015f\u0131m\u0131m\u0131z<\/h2>\t\t\t\t<\/div>\n\t\t\t\t<\/div>\n\t\t\t\t<div class=\"elementor-element elementor-element-28a1974 elementor-widget elementor-widget-text-editor\" data-id=\"28a1974\" data-element_type=\"widget\" data-widget_type=\"text-editor.default\">\n\t\t\t\t<div class=\"elementor-widget-container\">\n\t\t\t\t\t\t\t\t\t<p><strong>S\u00fcrd\u00fcr\u00fclebilir Ambalaj \u00c7\u00f6z\u00fcmleri ile Gelece\u011fi \u015eekillendiriyoruz<\/strong><\/p><p>Faopack, s\u00fcrd\u00fcr\u00fclebilirli\u011fi merkeze alarak \u00e7evre dostu ve yenilik\u00e7i ambalaj \u00e7\u00f6z\u00fcmleri sunan, ambalaj sekt\u00f6r\u00fcnde \u00f6nc\u00fc bir firma olarak \u00f6ne \u00e7\u0131k\u0131yor. Gelecek nesillere kar\u015f\u0131 sorumluluk bilinciyle hareket ediyor, m\u00fc\u015fterilerimize ve d\u00fcnyam\u0131za de\u011fer katma vizyonuyla s\u00fcrd\u00fcr\u00fclebilir bir gelece\u011fin in\u015fas\u0131nda \u00f6nc\u00fc rol \u00fcstleniyoruz.<\/p>\t\t\t\t\t\t\t\t<\/div>\n\t\t\t\t<\/div>\n\t\t\t\t<div class=\"elementor-element elementor-element-1b3c403 elementor-widget elementor-widget-heading\" data-id=\"1b3c403\" data-element_type=\"widget\" id=\"activities\" data-widget_type=\"heading.default\">\n\t\t\t\t<div class=\"elementor-widget-container\">\n\t\t\t\t\t<h2 class=\"elementor-heading-title elementor-size-default\">Faaliyetlerimiz<\/h2>\t\t\t\t<\/div>\n\t\t\t\t<\/div>\n\t\t\t\t<div class=\"elementor-element elementor-element-1011e8d elementor-widget elementor-widget-text-editor\" data-id=\"1011e8d\" data-element_type=\"widget\" data-widget_type=\"text-editor.default\">\n\t\t\t\t<div class=\"elementor-widget-container\">\n\t\t\t\t\t\t\t\t\t<p><strong>Geri D\u00f6n\u00fc\u015ft\u00fcr\u00fclebilir ve \u00c7evre Dostu Malzemeler:<\/strong><\/p><p>\u00dcretim s\u00fcre\u00e7lerimizde kulland\u0131\u011f\u0131m\u0131z malzemelerin se\u00e7iminde \u00e7evre dostu ve geri d\u00f6n\u00fc\u015ft\u00fcr\u00fclebilir se\u00e7eneklere \u00f6ncelik veriyoruz. Ambalajlar\u0131m\u0131z\u0131n tasar\u0131m, \u00fcretim ve son kullan\u0131c\u0131ya ula\u015fma a\u015famalar\u0131nda \u00e7evreye olan etkilerini en aza indirerek s\u00fcrd\u00fcr\u00fclebilir bir ambalaj end\u00fcstrisine katk\u0131da bulunmay\u0131 hedefliyoruz.<\/p><p><strong>S\u00fcrd\u00fcr\u00fclebilir \u00dcretim S\u00fcre\u00e7leri:<\/strong><\/p><p>Enerji verimlili\u011fini art\u0131rmak, karbon ayak izimizi azaltmak ve do\u011fal kaynaklar\u0131 korumak i\u00e7in \u00fcretim tesislerimizde s\u00fcrd\u00fcr\u00fclebilir uygulamalar\u0131 benimsiyoruz. Yenilenebilir enerji kaynaklar\u0131, at\u0131k y\u00f6netimi ve su kullan\u0131m\u0131 alanlar\u0131ndaki s\u00fcrekli iyile\u015ftirme faaliyetlerimizle sadece kaliteli \u00fcr\u00fcnler de\u011fil, ayn\u0131 zamanda \u00e7evre dostu \u00fcretim s\u00fcre\u00e7leri de sunuyoruz.<\/p><p><strong>\u0130novasyon ve Tasar\u0131m:<\/strong><\/p><p>M\u00fc\u015fterilerimize \u00e7evre dostu ambalaj \u00e7\u00f6z\u00fcmleri sunman\u0131n yan\u0131 s\u0131ra tasar\u0131m ve inovasyon alan\u0131ndaki \u00e7al\u0131\u015fmalar\u0131m\u0131zla da sekt\u00f6re \u00f6nc\u00fcl\u00fck ediyoruz. Ambalajlar\u0131m\u0131z\u0131 yaln\u0131zca estetik a\u00e7\u0131dan ho\u015f ve i\u015flevsel olacak \u015fekilde de\u011fil, ayn\u0131 zamanda \u00e7evresel etkiyi en aza indirecek \u015fekilde tasarlamak, m\u00fc\u015fterilerimize s\u00fcrd\u00fcr\u00fclebilir se\u00e7enekler sunma y\u00f6ntemimizin bir par\u00e7as\u0131d\u0131r.<\/p><p><strong>\u015eeffaf ve Sorumlu Tedarik Zinciri:<\/strong><\/p><p>Tedarik zincirimizi \u015feffaf ve s\u00fcrd\u00fcr\u00fclebilir ilkeler temelinde y\u00f6netiyoruz. Tar\u0131msal tedarik\u00e7ilerimizden ba\u015flayarak, t\u00fcm tedarik zincirimizde adil ticaret ilkelerini destekliyor ve \u00e7ift\u00e7ilerimizin, \u00fcreticilerimizin ve topluluklar\u0131m\u0131z\u0131n s\u00fcrd\u00fcr\u00fclebilirli\u011fini te\u015fvik ediyoruz.<\/p><p><strong>Sosyal Sorumluluk ve E\u011fitim:<\/strong><\/p><p>Yaln\u0131zca kendi s\u00fcrd\u00fcr\u00fclebilirlik hedeflerimize odaklanmakla kalm\u0131yor, ayn\u0131 zamanda sekt\u00f6rdeki genel s\u00fcrd\u00fcr\u00fclebilirlik bilincini art\u0131rmak i\u00e7in de \u00e7aba g\u00f6steriyoruz. Sosyal sorumluluk projeleri ve e\u011fitim programlar\u0131 arac\u0131l\u0131\u011f\u0131yla ambalaj sekt\u00f6r\u00fcnde s\u00fcrd\u00fcr\u00fclebilir bir d\u00f6n\u00fc\u015f\u00fcme \u00f6nc\u00fcl\u00fck etmeye \u00e7al\u0131\u015f\u0131yoruz.<\/p>\t\t\t\t\t\t\t\t<\/div>\n\t\t\t\t<\/div>\n\t\t\t\t<div class=\"elementor-element elementor-element-4d7ed09 elementor-widget elementor-widget-heading\" data-id=\"4d7ed09\" data-element_type=\"widget\" id=\"spackaging\" data-widget_type=\"heading.default\">\n\t\t\t\t<div class=\"elementor-widget-container\">\n\t\t\t\t\t<h2 class=\"elementor-heading-title elementor-size-default\">S\u00fcrd\u00fcr\u00fclebilir Ambalaj<\/h2>\t\t\t\t<\/div>\n\t\t\t\t<\/div>\n\t\t\t\t<div class=\"elementor-element elementor-element-fae037d elementor-widget elementor-widget-text-editor\" data-id=\"fae037d\" data-element_type=\"widget\" data-widget_type=\"text-editor.default\">\n\t\t\t\t<div class=\"elementor-widget-container\">\n\t\t\t\t\t\t\t\t\t<p>S\u00fcrd\u00fcr\u00fclebilir bir gelece\u011fin mimar\u0131 olma taahh\u00fcd\u00fcm\u00fczle Faopack, m\u00fc\u015fterilerimize \u00e7evre dostu ve y\u00fcksek kaliteli ambalaj \u00e7\u00f6z\u00fcmleri sunmaya ve \u00e7evresel etkimizi en aza indirmeye devam ediyor. \u0130novasyon, sorumluluk ve i\u015f eti\u011fi de\u011ferlerine ba\u011fl\u0131 kalarak, s\u00fcrd\u00fcr\u00fclebilir bir ambalaj end\u00fcstrisinin \u00f6n saflar\u0131nda yer almay\u0131 hedefliyoruz. Sizinle birlikte, daha temiz ve daha s\u00fcrd\u00fcr\u00fclebilir bir yar\u0131n\u0131n temellerini atmaya kararl\u0131y\u0131z.<\/p>\t\t\t\t\t\t\t\t<\/div>\n\t\t\t\t<\/div>\n\t\t\t\t<\/div>\n\t\t\t\t\t<\/div>\n\t\t\t\t<\/div>\n\t\t\t\t<\/div>","protected":false},"excerpt":{"rendered":"<p>S\u00fcrd\u00fcr\u00fclebilir bir gelece\u011fin mimar\u0131 olma taahh\u00fcd\u00fcm\u00fczle Faopack, m\u00fc\u015fterilerimize \u00e7evre dostu ve y\u00fcksek kaliteli ambalaj \u00e7\u00f6z\u00fcmleri sunmaya ve \u00e7evresel etkimizi en aza indirmeye devam ediyor. <\/p>","protected":false},"author":1,"featured_media":234,"parent":0,"menu_order":0,"comment_status":"closed","ping_status":"closed","template":"elementor_header_footer","meta":{"footnotes":""},"class_list":["post-165","page","type-page","status-publish","has-post-thumbnail","hentry"],"_links":{"self":[{"href":"https:\/\/www.faopack.com\/tr\/wp-json\/wp\/v2\/pages\/165","targetHints":{"allow":["GET"]}}],"collection":[{"href":"https:\/\/www.faopack.com\/tr\/wp-json\/wp\/v2\/pages"}],"about":[{"href":"https:\/\/www.faopack.com\/tr\/wp-json\/wp\/v2\/types\/page"}],"author":[{"embeddable":true,"href":"https:\/\/www.faopack.com\/tr\/wp-json\/wp\/v2\/users\/1"}],"replies":[{"embeddable":true,"href":"https:\/\/www.faopack.com\/tr\/wp-json\/wp\/v2\/comments?post=165"}],"version-history":[{"count":5,"href":"https:\/\/www.faopack.com\/tr\/wp-json\/wp\/v2\/pages\/165\/revisions"}],"predecessor-version":[{"id":243,"href":"https:\/\/www.faopack.com\/tr\/wp-json\/wp\/v2\/pages\/165\/revisions\/243"}],"wp:featuredmedia":[{"embeddable":true,"href":"https:\/\/www.faopack.com\/tr\/wp-json\/wp\/v2\/media\/234"}],"wp:attachment":[{"href":"https:\/\/www.faopack.com\/tr\/wp-json\/wp\/v2\/media?parent=165"}],"curies":[{"name":"wp","href":"https:\/\/api.w.org\/{rel}","templated":true}]}}