{"id":611,"date":"2025-05-12T23:59:11","date_gmt":"2025-05-12T23:59:11","guid":{"rendered":"https:\/\/www.faopack.com\/product\/bingo-liquid-detergent-4lx4-repairing\/"},"modified":"2025-11-20T22:04:32","modified_gmt":"2025-11-20T22:04:32","slug":"bingo-sivi-deterjan-4lx4-tamir","status":"publish","type":"product","link":"https:\/\/www.faopack.com\/tr\/urun\/bingo-sivi-deterjan-4lx4-tamir\/","title":{"rendered":"BINGO SIVI DETERJAN 4LX4 TAMIR"},"content":{"rendered":"<p>T\u00fcm renkler i\u00e7in geli\u015ftirilen Bingo Onar\u0131m Korumas\u0131, \u00e7ama\u015f\u0131rlar\u0131n\u0131z\u0131 temizlerken liflerini onararak y\u0131pranmaya kar\u015f\u0131 korur. Ya\u015flanma kar\u015f\u0131t\u0131 teknolojiye sahip \u00e7ama\u015f\u0131r ve \u00e7ama\u015f\u0131r makinelerinde y\u0131kand\u0131\u011f\u0131nda kuma\u015f liflerinde meydana gelen par\u00e7alanma ve t\u00fcylenmeyi azaltarak liflere bak\u0131m sa\u011flar. \u00c7ama\u015f\u0131rlar\u0131n\u0131z\u0131n daha uzun s\u00fcre yeni kalmas\u0131n\u0131 sa\u011flar.<\/p>","protected":false},"excerpt":{"rendered":"<p>4 Litre*4 Paket<\/p>","protected":false},"featured_media":616,"comment_status":"open","ping_status":"closed","template":"","meta":[],"product_brand":[47],"product_cat":[56,45],"product_tag":[],"class_list":{"0":"post-611","1":"product","2":"type-product","3":"status-publish","4":"has-post-thumbnail","6":"product_brand-bingo","7":"product_cat-detergent","8":"product_cat-hygienic-cleaning","10":"first","11":"instock","12":"featured","13":"taxable","14":"shipping-taxable","15":"purchasable","16":"product-type-simple"},"_links":{"self":[{"href":"https:\/\/www.faopack.com\/tr\/wp-json\/wp\/v2\/product\/611","targetHints":{"allow":["GET"]}}],"collection":[{"href":"https:\/\/www.faopack.com\/tr\/wp-json\/wp\/v2\/product"}],"about":[{"href":"https:\/\/www.faopack.com\/tr\/wp-json\/wp\/v2\/types\/product"}],"replies":[{"embeddable":true,"href":"https:\/\/www.faopack.com\/tr\/wp-json\/wp\/v2\/comments?post=611"}],"wp:featuredmedia":[{"embeddable":true,"href":"https:\/\/www.faopack.com\/tr\/wp-json\/wp\/v2\/media\/616"}],"wp:attachment":[{"href":"https:\/\/www.faopack.com\/tr\/wp-json\/wp\/v2\/media?parent=611"}],"wp:term":[{"taxonomy":"product_brand","embeddable":true,"href":"https:\/\/www.faopack.com\/tr\/wp-json\/wp\/v2\/product_brand?post=611"},{"taxonomy":"product_cat","embeddable":true,"href":"https:\/\/www.faopack.com\/tr\/wp-json\/wp\/v2\/product_cat?post=611"},{"taxonomy":"product_tag","embeddable":true,"href":"https:\/\/www.faopack.com\/tr\/wp-json\/wp\/v2\/product_tag?post=611"}],"curies":[{"name":"wp","href":"https:\/\/api.w.org\/{rel}","templated":true}]}}