{"id":653,"date":"2025-05-13T01:23:32","date_gmt":"2025-05-13T01:23:32","guid":{"rendered":"https:\/\/www.faopack.com\/product\/papilion-shower-gel-1000-ml-x-12-olive-oil-with-mint\/"},"modified":"2025-11-20T21:25:53","modified_gmt":"2025-11-20T21:25:53","slug":"papilion-dus-jeli-1000-ml-x-12-naneli-zeytinyagi","status":"publish","type":"product","link":"https:\/\/www.faopack.com\/tr\/urun\/papilion-dus-jeli-1000-ml-x-12-naneli-zeytinyagi\/","title":{"rendered":"Papilion - du\u015f jeli 1000 ml x 12, naneli zeytinya\u011f\u0131"},"content":{"rendered":"","protected":false},"excerpt":{"rendered":"<p>1000ML * 12'li Paket<\/p>","protected":false},"featured_media":751,"comment_status":"open","ping_status":"closed","template":"","meta":[],"product_brand":[80],"product_cat":[58,45],"product_tag":[],"class_list":{"0":"post-653","1":"product","2":"type-product","3":"status-publish","4":"has-post-thumbnail","6":"product_brand-pabilion","7":"product_cat-cosmetic","8":"product_cat-hygienic-cleaning","10":"first","11":"instock","12":"taxable","13":"shipping-taxable","14":"purchasable","15":"product-type-simple"},"_links":{"self":[{"href":"https:\/\/www.faopack.com\/tr\/wp-json\/wp\/v2\/product\/653","targetHints":{"allow":["GET"]}}],"collection":[{"href":"https:\/\/www.faopack.com\/tr\/wp-json\/wp\/v2\/product"}],"about":[{"href":"https:\/\/www.faopack.com\/tr\/wp-json\/wp\/v2\/types\/product"}],"replies":[{"embeddable":true,"href":"https:\/\/www.faopack.com\/tr\/wp-json\/wp\/v2\/comments?post=653"}],"wp:featuredmedia":[{"embeddable":true,"href":"https:\/\/www.faopack.com\/tr\/wp-json\/wp\/v2\/media\/751"}],"wp:attachment":[{"href":"https:\/\/www.faopack.com\/tr\/wp-json\/wp\/v2\/media?parent=653"}],"wp:term":[{"taxonomy":"product_brand","embeddable":true,"href":"https:\/\/www.faopack.com\/tr\/wp-json\/wp\/v2\/product_brand?post=653"},{"taxonomy":"product_cat","embeddable":true,"href":"https:\/\/www.faopack.com\/tr\/wp-json\/wp\/v2\/product_cat?post=653"},{"taxonomy":"product_tag","embeddable":true,"href":"https:\/\/www.faopack.com\/tr\/wp-json\/wp\/v2\/product_tag?post=653"}],"curies":[{"name":"wp","href":"https:\/\/api.w.org\/{rel}","templated":true}]}}