{"id":680,"date":"2025-05-13T01:23:35","date_gmt":"2025-05-13T01:23:35","guid":{"rendered":"https:\/\/www.faopack.com\/product\/bingo-smart-dishwasher-capsule-pro-550\/"},"modified":"2025-11-20T21:25:54","modified_gmt":"2025-11-20T21:25:54","slug":"bingo-akilli-bulasik-makinesi-kapsul-pro-550","status":"publish","type":"product","link":"https:\/\/www.faopack.com\/tr\/urun\/bingo-akilli-bulasik-makinesi-kapsul-pro-550\/","title":{"rendered":"BINGO AKILLI BULA\u015eIK MAK\u0130NES\u0130 KAPS\u00dcL\u00dc PRO 5\u00d750"},"content":{"rendered":"","protected":false},"excerpt":{"rendered":"<p>50 adet * 5'li Paket<\/p>","protected":false},"featured_media":722,"comment_status":"open","ping_status":"closed","template":"","meta":[],"product_brand":[47],"product_cat":[59,45],"product_tag":[],"class_list":{"0":"post-680","1":"product","2":"type-product","3":"status-publish","4":"has-post-thumbnail","6":"product_brand-bingo","7":"product_cat-dishwashing-tablet","8":"product_cat-hygienic-cleaning","10":"first","11":"instock","12":"taxable","13":"shipping-taxable","14":"purchasable","15":"product-type-simple"},"_links":{"self":[{"href":"https:\/\/www.faopack.com\/tr\/wp-json\/wp\/v2\/product\/680","targetHints":{"allow":["GET"]}}],"collection":[{"href":"https:\/\/www.faopack.com\/tr\/wp-json\/wp\/v2\/product"}],"about":[{"href":"https:\/\/www.faopack.com\/tr\/wp-json\/wp\/v2\/types\/product"}],"replies":[{"embeddable":true,"href":"https:\/\/www.faopack.com\/tr\/wp-json\/wp\/v2\/comments?post=680"}],"wp:featuredmedia":[{"embeddable":true,"href":"https:\/\/www.faopack.com\/tr\/wp-json\/wp\/v2\/media\/722"}],"wp:attachment":[{"href":"https:\/\/www.faopack.com\/tr\/wp-json\/wp\/v2\/media?parent=680"}],"wp:term":[{"taxonomy":"product_brand","embeddable":true,"href":"https:\/\/www.faopack.com\/tr\/wp-json\/wp\/v2\/product_brand?post=680"},{"taxonomy":"product_cat","embeddable":true,"href":"https:\/\/www.faopack.com\/tr\/wp-json\/wp\/v2\/product_cat?post=680"},{"taxonomy":"product_tag","embeddable":true,"href":"https:\/\/www.faopack.com\/tr\/wp-json\/wp\/v2\/product_tag?post=680"}],"curies":[{"name":"wp","href":"https:\/\/api.w.org\/{rel}","templated":true}]}}