{"id":691,"date":"2025-05-13T01:23:36","date_gmt":"2025-05-13T01:23:36","guid":{"rendered":"https:\/\/www.faopack.com\/product\/liquid-soap-rose-flussig-10l\/"},"modified":"2025-11-20T21:25:55","modified_gmt":"2025-11-20T21:25:55","slug":"sivi-sabun-gul-flussig-10l","status":"publish","type":"product","link":"https:\/\/www.faopack.com\/tr\/urun\/sivi-sabun-gul-flussig-10l\/","title":{"rendered":"S\u0131v\u0131 g\u00fcl sabunu (flussig - 10l)"},"content":{"rendered":"","protected":false},"excerpt":{"rendered":"<p>10 Litre * 1 Paket<\/p>","protected":false},"featured_media":0,"comment_status":"open","ping_status":"closed","template":"","meta":[],"product_brand":[75],"product_cat":[60,45],"product_tag":[],"class_list":{"0":"post-691","1":"product","2":"type-product","3":"status-publish","5":"product_brand-faopack","6":"product_cat-cleaning-materials","7":"product_cat-hygienic-cleaning","9":"first","10":"instock","11":"taxable","12":"shipping-taxable","13":"purchasable","14":"product-type-simple"},"_links":{"self":[{"href":"https:\/\/www.faopack.com\/tr\/wp-json\/wp\/v2\/product\/691","targetHints":{"allow":["GET"]}}],"collection":[{"href":"https:\/\/www.faopack.com\/tr\/wp-json\/wp\/v2\/product"}],"about":[{"href":"https:\/\/www.faopack.com\/tr\/wp-json\/wp\/v2\/types\/product"}],"replies":[{"embeddable":true,"href":"https:\/\/www.faopack.com\/tr\/wp-json\/wp\/v2\/comments?post=691"}],"wp:attachment":[{"href":"https:\/\/www.faopack.com\/tr\/wp-json\/wp\/v2\/media?parent=691"}],"wp:term":[{"taxonomy":"product_brand","embeddable":true,"href":"https:\/\/www.faopack.com\/tr\/wp-json\/wp\/v2\/product_brand?post=691"},{"taxonomy":"product_cat","embeddable":true,"href":"https:\/\/www.faopack.com\/tr\/wp-json\/wp\/v2\/product_cat?post=691"},{"taxonomy":"product_tag","embeddable":true,"href":"https:\/\/www.faopack.com\/tr\/wp-json\/wp\/v2\/product_tag?post=691"}],"curies":[{"name":"wp","href":"https:\/\/api.w.org\/{rel}","templated":true}]}}