{"id":698,"date":"2025-05-13T01:23:38","date_gmt":"2025-05-13T01:23:38","guid":{"rendered":"https:\/\/www.faopack.com\/product\/sleepy-surface-cleaner-bleach-1x6\/"},"modified":"2025-11-20T21:25:55","modified_gmt":"2025-11-20T21:25:55","slug":"sleepy-yuzey-temi%cc%87zleyi%cc%87ci%cc%87-agartici-1x6","status":"publish","type":"product","link":"https:\/\/www.faopack.com\/tr\/urun\/sleepy-yuzey-temi%cc%87zleyi%cc%87ci%cc%87-agartici-1x6\/","title":{"rendered":"Uykulu y\u00fczey temizleyici \u00e7ama\u015f\u0131r suyu 1\u00d76"},"content":{"rendered":"","protected":false},"excerpt":{"rendered":"<p>6'l\u0131 Paket<\/p>","protected":false},"featured_media":728,"comment_status":"open","ping_status":"closed","template":"","meta":[],"product_brand":[46],"product_cat":[45,55],"product_tag":[],"class_list":{"0":"post-698","1":"product","2":"type-product","3":"status-publish","4":"has-post-thumbnail","6":"product_brand-sleepy","7":"product_cat-hygienic-cleaning","8":"product_cat-surface-cleaning","10":"first","11":"instock","12":"taxable","13":"shipping-taxable","14":"purchasable","15":"product-type-simple"},"_links":{"self":[{"href":"https:\/\/www.faopack.com\/tr\/wp-json\/wp\/v2\/product\/698","targetHints":{"allow":["GET"]}}],"collection":[{"href":"https:\/\/www.faopack.com\/tr\/wp-json\/wp\/v2\/product"}],"about":[{"href":"https:\/\/www.faopack.com\/tr\/wp-json\/wp\/v2\/types\/product"}],"replies":[{"embeddable":true,"href":"https:\/\/www.faopack.com\/tr\/wp-json\/wp\/v2\/comments?post=698"}],"wp:featuredmedia":[{"embeddable":true,"href":"https:\/\/www.faopack.com\/tr\/wp-json\/wp\/v2\/media\/728"}],"wp:attachment":[{"href":"https:\/\/www.faopack.com\/tr\/wp-json\/wp\/v2\/media?parent=698"}],"wp:term":[{"taxonomy":"product_brand","embeddable":true,"href":"https:\/\/www.faopack.com\/tr\/wp-json\/wp\/v2\/product_brand?post=698"},{"taxonomy":"product_cat","embeddable":true,"href":"https:\/\/www.faopack.com\/tr\/wp-json\/wp\/v2\/product_cat?post=698"},{"taxonomy":"product_tag","embeddable":true,"href":"https:\/\/www.faopack.com\/tr\/wp-json\/wp\/v2\/product_tag?post=698"}],"curies":[{"name":"wp","href":"https:\/\/api.w.org\/{rel}","templated":true}]}}