{"id":794,"date":"2025-06-01T21:17:19","date_gmt":"2025-06-01T21:17:19","guid":{"rendered":"https:\/\/www.faopack.com\/product\/80cc-sizdirmaz-1000-adet\/"},"modified":"2025-11-20T21:25:36","modified_gmt":"2025-11-20T21:25:36","slug":"80cc-sizdirmaz-1000-adet","status":"publish","type":"product","link":"https:\/\/www.faopack.com\/tr\/urun\/80cc-sizdirmaz-1000-adet\/","title":{"rendered":"80CC SIZDIRMAZ SOS KUTUSU"},"content":{"rendered":"<p>Sabit kapakl\u0131 sos kaplar\u0131m\u0131z, catering i\u015fletmeleri i\u00e7in ideal bir ambalaj \u00e7\u00f6z\u00fcm\u00fcd\u00fcr. Pratik tasar\u0131mlar\u0131 sayesinde soslar, salata soslar\u0131 ve garnit\u00fcrler ayr\u0131 ayr\u0131 paketlenebilir. Soslar, salata barlar\u0131, b\u00fcfeleri, paket servisler, catering ve daha fazlas\u0131 i\u00e7in m\u00fckemmeldir.<\/p>","protected":false},"excerpt":{"rendered":"<p>S\u0131zd\u0131rmaz PP (polipropilen) kutular \u2013 Paket ba\u015f\u0131na 1000 adet.<\/p>","protected":false},"featured_media":969,"comment_status":"open","ping_status":"closed","template":"","meta":[],"product_brand":[75],"product_cat":[62,63],"product_tag":[],"class_list":{"0":"post-794","1":"product","2":"type-product","3":"status-publish","4":"has-post-thumbnail","6":"product_brand-faopack","7":"product_cat-packaging","8":"product_cat-plastic-box","10":"first","11":"instock","12":"taxable","13":"shipping-taxable","14":"purchasable","15":"product-type-simple"},"_links":{"self":[{"href":"https:\/\/www.faopack.com\/tr\/wp-json\/wp\/v2\/product\/794","targetHints":{"allow":["GET"]}}],"collection":[{"href":"https:\/\/www.faopack.com\/tr\/wp-json\/wp\/v2\/product"}],"about":[{"href":"https:\/\/www.faopack.com\/tr\/wp-json\/wp\/v2\/types\/product"}],"replies":[{"embeddable":true,"href":"https:\/\/www.faopack.com\/tr\/wp-json\/wp\/v2\/comments?post=794"}],"wp:featuredmedia":[{"embeddable":true,"href":"https:\/\/www.faopack.com\/tr\/wp-json\/wp\/v2\/media\/969"}],"wp:attachment":[{"href":"https:\/\/www.faopack.com\/tr\/wp-json\/wp\/v2\/media?parent=794"}],"wp:term":[{"taxonomy":"product_brand","embeddable":true,"href":"https:\/\/www.faopack.com\/tr\/wp-json\/wp\/v2\/product_brand?post=794"},{"taxonomy":"product_cat","embeddable":true,"href":"https:\/\/www.faopack.com\/tr\/wp-json\/wp\/v2\/product_cat?post=794"},{"taxonomy":"product_tag","embeddable":true,"href":"https:\/\/www.faopack.com\/tr\/wp-json\/wp\/v2\/product_tag?post=794"}],"curies":[{"name":"wp","href":"https:\/\/api.w.org\/{rel}","templated":true}]}}