{"id":795,"date":"2025-06-01T21:17:19","date_gmt":"2025-06-01T21:17:19","guid":{"rendered":"https:\/\/www.faopack.com\/product\/microdalga-1-bolme-200-adet\/"},"modified":"2025-11-20T21:25:38","modified_gmt":"2025-11-20T21:25:38","slug":"mi%cc%87krodalga-1-bolme-200-adet","status":"publish","type":"product","link":"https:\/\/www.faopack.com\/tr\/urun\/mi%cc%87krodalga-1-bolme-200-adet\/","title":{"rendered":"MIKRODALGA KUTUSU 1 KONTEYNER"},"content":{"rendered":"<p>Kapakl\u0131 gastronomi tarz\u0131 kaplar\u0131m\u0131z, catering sekt\u00f6r\u00fc i\u00e7in pratik bir \u00e7\u00f6z\u00fcm sunar. Mikrodalgada kullan\u0131labilirler, b\u00f6ylece yiyeceklerinizi daha sonra yeniden \u0131s\u0131tabilirsiniz. 150 ml'den 2000 ml'ye kadar \u00e7e\u015fitli boyutlarda mevcut olan bu kaplar, yiyecekler, at\u0131\u015ft\u0131rmal\u0131klar veya porsiyonlama i\u00e7in \u00e7ok y\u00f6nl\u00fc se\u00e7enekler sunar. Her pakette catering i\u015finizin ihtiya\u00e7lar\u0131n\u0131 kar\u015f\u0131lamak i\u00e7in 200 adet bulunur. \u00c7e\u015fitli se\u00e7enekler mevcuttur: tek b\u00f6lmeli, iki b\u00f6lmeli ve \u00fc\u00e7 b\u00f6lmeli versiyonlar.<\/p>","protected":false},"excerpt":{"rendered":"<p>S\u0131zd\u0131rmaz PP (polipropilen) kutular \u2013 paket ba\u015f\u0131na 200 adet.<\/p>","protected":false},"featured_media":1009,"comment_status":"open","ping_status":"closed","template":"","meta":[],"product_brand":[75],"product_cat":[62,63],"product_tag":[],"class_list":{"0":"post-795","1":"product","2":"type-product","3":"status-publish","4":"has-post-thumbnail","6":"product_brand-faopack","7":"product_cat-packaging","8":"product_cat-plastic-box","10":"first","11":"instock","12":"taxable","13":"shipping-taxable","14":"purchasable","15":"product-type-simple"},"_links":{"self":[{"href":"https:\/\/www.faopack.com\/tr\/wp-json\/wp\/v2\/product\/795","targetHints":{"allow":["GET"]}}],"collection":[{"href":"https:\/\/www.faopack.com\/tr\/wp-json\/wp\/v2\/product"}],"about":[{"href":"https:\/\/www.faopack.com\/tr\/wp-json\/wp\/v2\/types\/product"}],"replies":[{"embeddable":true,"href":"https:\/\/www.faopack.com\/tr\/wp-json\/wp\/v2\/comments?post=795"}],"wp:featuredmedia":[{"embeddable":true,"href":"https:\/\/www.faopack.com\/tr\/wp-json\/wp\/v2\/media\/1009"}],"wp:attachment":[{"href":"https:\/\/www.faopack.com\/tr\/wp-json\/wp\/v2\/media?parent=795"}],"wp:term":[{"taxonomy":"product_brand","embeddable":true,"href":"https:\/\/www.faopack.com\/tr\/wp-json\/wp\/v2\/product_brand?post=795"},{"taxonomy":"product_cat","embeddable":true,"href":"https:\/\/www.faopack.com\/tr\/wp-json\/wp\/v2\/product_cat?post=795"},{"taxonomy":"product_tag","embeddable":true,"href":"https:\/\/www.faopack.com\/tr\/wp-json\/wp\/v2\/product_tag?post=795"}],"curies":[{"name":"wp","href":"https:\/\/api.w.org\/{rel}","templated":true}]}}