{"id":797,"date":"2025-06-01T21:17:20","date_gmt":"2025-06-01T21:17:20","guid":{"rendered":"https:\/\/www.faopack.com\/product\/aluminyum-folyo-1500-gr-45-cm-4-rulo-karton\/"},"modified":"2025-11-20T21:25:40","modified_gmt":"2025-11-20T21:25:40","slug":"aluminyum-folyo-1500-gr-45-cm-4-rulo-karton","status":"publish","type":"product","link":"https:\/\/www.faopack.com\/tr\/urun\/aluminyum-folyo-1500-gr-45-cm-4-rulo-karton\/","title":{"rendered":"ALU FOLYO RULO 1500GR"},"content":{"rendered":"<p>Y\u0131rt\u0131lmaya kar\u015f\u0131 dayan\u0131kl\u0131 ve uzun \u00f6m\u00fcrl\u00fc al\u00fcminyum folyomuz, sa\u011flam yap\u0131s\u0131 ve m\u00fckemmel \u0131s\u0131 yal\u0131t\u0131m\u0131 sayesinde g\u0131dalar\u0131 g\u00fcvenli bir \u015fekilde paketlemek ve s\u0131cak tutmak i\u00e7in idealdir. Gastronomi, catering ve ki\u015fisel kullan\u0131m i\u00e7in m\u00fckemmeldir.<\/p>","protected":false},"excerpt":{"rendered":"<p>14 mikron ambalaj folyosu<\/p>","protected":false},"featured_media":791,"comment_status":"open","ping_status":"closed","template":"","meta":[],"product_brand":[75],"product_cat":[62,63],"product_tag":[],"class_list":{"0":"post-797","1":"product","2":"type-product","3":"status-publish","4":"has-post-thumbnail","6":"product_brand-faopack","7":"product_cat-packaging","8":"product_cat-plastic-box","10":"first","11":"instock","12":"taxable","13":"shipping-taxable","14":"purchasable","15":"product-type-simple"},"_links":{"self":[{"href":"https:\/\/www.faopack.com\/tr\/wp-json\/wp\/v2\/product\/797","targetHints":{"allow":["GET"]}}],"collection":[{"href":"https:\/\/www.faopack.com\/tr\/wp-json\/wp\/v2\/product"}],"about":[{"href":"https:\/\/www.faopack.com\/tr\/wp-json\/wp\/v2\/types\/product"}],"replies":[{"embeddable":true,"href":"https:\/\/www.faopack.com\/tr\/wp-json\/wp\/v2\/comments?post=797"}],"wp:featuredmedia":[{"embeddable":true,"href":"https:\/\/www.faopack.com\/tr\/wp-json\/wp\/v2\/media\/791"}],"wp:attachment":[{"href":"https:\/\/www.faopack.com\/tr\/wp-json\/wp\/v2\/media?parent=797"}],"wp:term":[{"taxonomy":"product_brand","embeddable":true,"href":"https:\/\/www.faopack.com\/tr\/wp-json\/wp\/v2\/product_brand?post=797"},{"taxonomy":"product_cat","embeddable":true,"href":"https:\/\/www.faopack.com\/tr\/wp-json\/wp\/v2\/product_cat?post=797"},{"taxonomy":"product_tag","embeddable":true,"href":"https:\/\/www.faopack.com\/tr\/wp-json\/wp\/v2\/product_tag?post=797"}],"curies":[{"name":"wp","href":"https:\/\/api.w.org\/{rel}","templated":true}]}}