{"id":799,"date":"2025-06-01T21:17:20","date_gmt":"2025-06-01T21:17:20","guid":{"rendered":"https:\/\/www.faopack.com\/product\/manav-rulo-20020-adet-2244\/"},"modified":"2025-11-20T21:25:41","modified_gmt":"2025-11-20T21:25:41","slug":"manav-rulo-20020-adet-2244","status":"publish","type":"product","link":"https:\/\/www.faopack.com\/tr\/urun\/manav-rulo-20020-adet-2244\/","title":{"rendered":"MANAV RULO \u00c7ANTASI 22\u00d744"},"content":{"rendered":"<p>\u015eeffaf ta\u015f\u0131ma \u00e7antalar\u0131m\u0131z\/d\u00fc\u011f\u00fcml\u00fc \u00e7antalar\u0131m\u0131z, al\u0131\u015fveri\u015finiz i\u00e7in geni\u015f bir alan sunmakla kalmaz, ayn\u0131 zamanda yiyecek ve di\u011fer e\u015fyalar\u0131 g\u00fcvenli bir \u015fekilde ta\u015f\u0131mak i\u00e7in de idealdir.<\/p>","protected":false},"excerpt":{"rendered":"<p>Market po\u015feti<\/p>","protected":false},"featured_media":1007,"comment_status":"open","ping_status":"closed","template":"","meta":[],"product_brand":[75],"product_cat":[62,63],"product_tag":[],"class_list":{"0":"post-799","1":"product","2":"type-product","3":"status-publish","4":"has-post-thumbnail","6":"product_brand-faopack","7":"product_cat-packaging","8":"product_cat-plastic-box","10":"first","11":"instock","12":"taxable","13":"shipping-taxable","14":"purchasable","15":"product-type-simple"},"_links":{"self":[{"href":"https:\/\/www.faopack.com\/tr\/wp-json\/wp\/v2\/product\/799","targetHints":{"allow":["GET"]}}],"collection":[{"href":"https:\/\/www.faopack.com\/tr\/wp-json\/wp\/v2\/product"}],"about":[{"href":"https:\/\/www.faopack.com\/tr\/wp-json\/wp\/v2\/types\/product"}],"replies":[{"embeddable":true,"href":"https:\/\/www.faopack.com\/tr\/wp-json\/wp\/v2\/comments?post=799"}],"wp:featuredmedia":[{"embeddable":true,"href":"https:\/\/www.faopack.com\/tr\/wp-json\/wp\/v2\/media\/1007"}],"wp:attachment":[{"href":"https:\/\/www.faopack.com\/tr\/wp-json\/wp\/v2\/media?parent=799"}],"wp:term":[{"taxonomy":"product_brand","embeddable":true,"href":"https:\/\/www.faopack.com\/tr\/wp-json\/wp\/v2\/product_brand?post=799"},{"taxonomy":"product_cat","embeddable":true,"href":"https:\/\/www.faopack.com\/tr\/wp-json\/wp\/v2\/product_cat?post=799"},{"taxonomy":"product_tag","embeddable":true,"href":"https:\/\/www.faopack.com\/tr\/wp-json\/wp\/v2\/product_tag?post=799"}],"curies":[{"name":"wp","href":"https:\/\/api.w.org\/{rel}","templated":true}]}}