{"id":802,"date":"2025-06-01T21:17:21","date_gmt":"2025-06-01T21:17:21","guid":{"rendered":"https:\/\/www.faopack.com\/product\/16-oz-asya-kutu-500-adet\/"},"modified":"2025-11-20T21:25:33","modified_gmt":"2025-11-20T21:25:33","slug":"16-oz-asya-kutu-500-adet","status":"publish","type":"product","link":"https:\/\/www.faopack.com\/tr\/urun\/16-oz-asya-kutu-500-adet\/","title":{"rendered":"16 OZ ASYA NOODLE KUTUSU 500 adet"},"content":{"rendered":"<p>Slovakya'daki fabrikam\u0131zda \u00fcretilen Asiabox'lar\u0131m\u0131z, g\u0131da g\u00fcvenli\u011fi sertifikal\u0131, ya\u011f ge\u00e7irmez Bristol ka\u011f\u0131d\u0131n\u0131n polietilen ile kaplanmas\u0131yla \u00fcretilmektedir. \u015eirketinizin logosu ve bask\u0131s\u0131 ile \u00f6zel \u00fcretim imkan\u0131 mevcuttur.<\/p>","protected":false},"excerpt":{"rendered":"<p>G\u0131da g\u00fcvenli\u011fi sertifikal\u0131, \u00e7ift PE kapl\u0131 ka\u011f\u0131t, 280 g\/m\u00b2 \u2013 500 adet.<\/p>","protected":false},"featured_media":791,"comment_status":"open","ping_status":"closed","template":"","meta":[],"product_brand":[75],"product_cat":[62,63],"product_tag":[],"class_list":{"0":"post-802","1":"product","2":"type-product","3":"status-publish","4":"has-post-thumbnail","6":"product_brand-faopack","7":"product_cat-packaging","8":"product_cat-plastic-box","10":"first","11":"instock","12":"taxable","13":"shipping-taxable","14":"purchasable","15":"product-type-simple"},"_links":{"self":[{"href":"https:\/\/www.faopack.com\/tr\/wp-json\/wp\/v2\/product\/802","targetHints":{"allow":["GET"]}}],"collection":[{"href":"https:\/\/www.faopack.com\/tr\/wp-json\/wp\/v2\/product"}],"about":[{"href":"https:\/\/www.faopack.com\/tr\/wp-json\/wp\/v2\/types\/product"}],"replies":[{"embeddable":true,"href":"https:\/\/www.faopack.com\/tr\/wp-json\/wp\/v2\/comments?post=802"}],"wp:featuredmedia":[{"embeddable":true,"href":"https:\/\/www.faopack.com\/tr\/wp-json\/wp\/v2\/media\/791"}],"wp:attachment":[{"href":"https:\/\/www.faopack.com\/tr\/wp-json\/wp\/v2\/media?parent=802"}],"wp:term":[{"taxonomy":"product_brand","embeddable":true,"href":"https:\/\/www.faopack.com\/tr\/wp-json\/wp\/v2\/product_brand?post=802"},{"taxonomy":"product_cat","embeddable":true,"href":"https:\/\/www.faopack.com\/tr\/wp-json\/wp\/v2\/product_cat?post=802"},{"taxonomy":"product_tag","embeddable":true,"href":"https:\/\/www.faopack.com\/tr\/wp-json\/wp\/v2\/product_tag?post=802"}],"curies":[{"name":"wp","href":"https:\/\/api.w.org\/{rel}","templated":true}]}}