{"id":804,"date":"2025-06-01T21:17:21","date_gmt":"2025-06-01T21:17:21","guid":{"rendered":"https:\/\/www.faopack.com\/product\/hoddog-250-adet\/"},"modified":"2025-11-20T21:25:33","modified_gmt":"2025-11-20T21:25:33","slug":"hoddog-250-adet","status":"publish","type":"product","link":"https:\/\/www.faopack.com\/tr\/urun\/hoddog-250-adet\/","title":{"rendered":"HOTDOG KUTUSU"},"content":{"rendered":"<p>Slovakya'da \u00fcretilen Hotdog kutumuz, ya\u011f dayan\u0131kl\u0131, g\u0131da g\u00fcvenli\u011fi sertifikal\u0131 kartondan \u00fcretilmi\u015ftir ve \u00e7e\u015fitli boyutlardaki hotdog ve di\u011fer sandvi\u00e7 \u00e7e\u015fitlerini paketlemek i\u00e7in idealdir. Malzeme hem mikrodalga hem de buzdolab\u0131 kullan\u0131m\u0131na uygundur. Bu pratik paketleme \u00e7\u00f6z\u00fcm\u00fc sadece hotdoglar i\u00e7in de\u011fil, di\u011fer fast food spesiyalleri i\u00e7in de m\u00fckemmeldir. \u015eirketinizin logosu ve bask\u0131s\u0131 ile \u00f6zel \u00fcretim, istenilen boyut ve \u00f6l\u00e7\u00fclerde mevcuttur.<\/p>","protected":false},"excerpt":{"rendered":"<p>G\u0131da Ambalaj\u0131 i\u00e7in El Sanatlar\u0131<\/p>","protected":false},"featured_media":791,"comment_status":"open","ping_status":"closed","template":"","meta":[],"product_brand":[75],"product_cat":[62,63],"product_tag":[],"class_list":{"0":"post-804","1":"product","2":"type-product","3":"status-publish","4":"has-post-thumbnail","6":"product_brand-faopack","7":"product_cat-packaging","8":"product_cat-plastic-box","10":"first","11":"instock","12":"taxable","13":"shipping-taxable","14":"purchasable","15":"product-type-simple"},"_links":{"self":[{"href":"https:\/\/www.faopack.com\/tr\/wp-json\/wp\/v2\/product\/804","targetHints":{"allow":["GET"]}}],"collection":[{"href":"https:\/\/www.faopack.com\/tr\/wp-json\/wp\/v2\/product"}],"about":[{"href":"https:\/\/www.faopack.com\/tr\/wp-json\/wp\/v2\/types\/product"}],"replies":[{"embeddable":true,"href":"https:\/\/www.faopack.com\/tr\/wp-json\/wp\/v2\/comments?post=804"}],"wp:featuredmedia":[{"embeddable":true,"href":"https:\/\/www.faopack.com\/tr\/wp-json\/wp\/v2\/media\/791"}],"wp:attachment":[{"href":"https:\/\/www.faopack.com\/tr\/wp-json\/wp\/v2\/media?parent=804"}],"wp:term":[{"taxonomy":"product_brand","embeddable":true,"href":"https:\/\/www.faopack.com\/tr\/wp-json\/wp\/v2\/product_brand?post=804"},{"taxonomy":"product_cat","embeddable":true,"href":"https:\/\/www.faopack.com\/tr\/wp-json\/wp\/v2\/product_cat?post=804"},{"taxonomy":"product_tag","embeddable":true,"href":"https:\/\/www.faopack.com\/tr\/wp-json\/wp\/v2\/product_tag?post=804"}],"curies":[{"name":"wp","href":"https:\/\/api.w.org\/{rel}","templated":true}]}}