{"id":808,"date":"2025-06-01T21:17:21","date_gmt":"2025-06-01T21:17:21","guid":{"rendered":"https:\/\/www.faopack.com\/product\/hamburger-kutusu-13013090-300-adet\/"},"modified":"2025-11-20T21:25:33","modified_gmt":"2025-11-20T21:25:33","slug":"hamburger-kutusu-13013090-300-adet","status":"publish","type":"product","link":"https:\/\/www.faopack.com\/tr\/urun\/hamburger-kutusu-13013090-300-adet\/","title":{"rendered":"HAMBURGER KUTUSU 130*130*90"},"content":{"rendered":"<p>Slovakya'daki \u015firketimizde \u00fcretilen Hamburger kutumuz, ya\u011f ge\u00e7irmez, g\u0131da g\u00fcvenli\u011fi sertifikal\u0131 kartondan \u00fcretilmi\u015ftir ve \u00e7e\u015fitli boyutlardaki hamburgerleri ve di\u011fer burger \u00e7e\u015fitlerini paketlemek i\u00e7in idealdir. Malzeme hem mikrodalga hem de buzdolab\u0131 kullan\u0131m\u0131na uygundur. Bu pratik paketleme \u00e7\u00f6z\u00fcm\u00fc sadece burgerler i\u00e7in de\u011fil, patates k\u0131zartmas\u0131 ve di\u011fer fast food spesiyalleri i\u00e7in de m\u00fckemmeldir. \u015eirketinizin logosu ve bask\u0131s\u0131 ile \u00f6zel \u00fcretim, istenilen boyut ve \u00f6l\u00e7\u00fclerde mevcuttur.<\/p>","protected":false},"excerpt":{"rendered":"<p>G\u0131da Ambalaj\u0131 i\u00e7in El Sanatlar\u0131<\/p>","protected":false},"featured_media":791,"comment_status":"open","ping_status":"closed","template":"","meta":[],"product_brand":[75],"product_cat":[62,63],"product_tag":[],"class_list":{"0":"post-808","1":"product","2":"type-product","3":"status-publish","4":"has-post-thumbnail","6":"product_brand-faopack","7":"product_cat-packaging","8":"product_cat-plastic-box","10":"first","11":"instock","12":"taxable","13":"shipping-taxable","14":"purchasable","15":"product-type-simple"},"_links":{"self":[{"href":"https:\/\/www.faopack.com\/tr\/wp-json\/wp\/v2\/product\/808","targetHints":{"allow":["GET"]}}],"collection":[{"href":"https:\/\/www.faopack.com\/tr\/wp-json\/wp\/v2\/product"}],"about":[{"href":"https:\/\/www.faopack.com\/tr\/wp-json\/wp\/v2\/types\/product"}],"replies":[{"embeddable":true,"href":"https:\/\/www.faopack.com\/tr\/wp-json\/wp\/v2\/comments?post=808"}],"wp:featuredmedia":[{"embeddable":true,"href":"https:\/\/www.faopack.com\/tr\/wp-json\/wp\/v2\/media\/791"}],"wp:attachment":[{"href":"https:\/\/www.faopack.com\/tr\/wp-json\/wp\/v2\/media?parent=808"}],"wp:term":[{"taxonomy":"product_brand","embeddable":true,"href":"https:\/\/www.faopack.com\/tr\/wp-json\/wp\/v2\/product_brand?post=808"},{"taxonomy":"product_cat","embeddable":true,"href":"https:\/\/www.faopack.com\/tr\/wp-json\/wp\/v2\/product_cat?post=808"},{"taxonomy":"product_tag","embeddable":true,"href":"https:\/\/www.faopack.com\/tr\/wp-json\/wp\/v2\/product_tag?post=808"}],"curies":[{"name":"wp","href":"https:\/\/api.w.org\/{rel}","templated":true}]}}