{"id":814,"date":"2025-06-01T21:17:22","date_gmt":"2025-06-01T21:17:22","guid":{"rendered":"https:\/\/www.faopack.com\/product\/pizza-kutusu-26264-100-adet\/"},"modified":"2025-11-20T21:25:41","modified_gmt":"2025-11-20T21:25:41","slug":"pizza-kutusu-26264-100-adet","status":"publish","type":"product","link":"https:\/\/www.faopack.com\/tr\/urun\/pizza-kutusu-26264-100-adet\/","title":{"rendered":"PIZZA KUTUSU (26*26*4)"},"content":{"rendered":"<p>Pizza kutular\u0131, lezzetli pizzalar\u0131n\u0131z i\u00e7in m\u00fckemmel bir ambalaj \u00e7\u00f6z\u00fcm\u00fcd\u00fcr. Paket, 26x26x4 cm boyutlar\u0131nda 100 adet ekstra dayan\u0131kl\u0131 pizza kutusu i\u00e7erir.<\/p>","protected":false},"excerpt":{"rendered":"<p>G\u0131da ambalajlar\u0131 <\/p>","protected":false},"featured_media":1005,"comment_status":"open","ping_status":"closed","template":"","meta":[],"product_brand":[75],"product_cat":[62,63],"product_tag":[],"class_list":{"0":"post-814","1":"product","2":"type-product","3":"status-publish","4":"has-post-thumbnail","6":"product_brand-faopack","7":"product_cat-packaging","8":"product_cat-plastic-box","10":"first","11":"instock","12":"taxable","13":"shipping-taxable","14":"purchasable","15":"product-type-simple"},"_links":{"self":[{"href":"https:\/\/www.faopack.com\/tr\/wp-json\/wp\/v2\/product\/814","targetHints":{"allow":["GET"]}}],"collection":[{"href":"https:\/\/www.faopack.com\/tr\/wp-json\/wp\/v2\/product"}],"about":[{"href":"https:\/\/www.faopack.com\/tr\/wp-json\/wp\/v2\/types\/product"}],"replies":[{"embeddable":true,"href":"https:\/\/www.faopack.com\/tr\/wp-json\/wp\/v2\/comments?post=814"}],"wp:featuredmedia":[{"embeddable":true,"href":"https:\/\/www.faopack.com\/tr\/wp-json\/wp\/v2\/media\/1005"}],"wp:attachment":[{"href":"https:\/\/www.faopack.com\/tr\/wp-json\/wp\/v2\/media?parent=814"}],"wp:term":[{"taxonomy":"product_brand","embeddable":true,"href":"https:\/\/www.faopack.com\/tr\/wp-json\/wp\/v2\/product_brand?post=814"},{"taxonomy":"product_cat","embeddable":true,"href":"https:\/\/www.faopack.com\/tr\/wp-json\/wp\/v2\/product_cat?post=814"},{"taxonomy":"product_tag","embeddable":true,"href":"https:\/\/www.faopack.com\/tr\/wp-json\/wp\/v2\/product_tag?post=814"}],"curies":[{"name":"wp","href":"https:\/\/api.w.org\/{rel}","templated":true}]}}