{"id":820,"date":"2025-06-01T21:17:23","date_gmt":"2025-06-01T21:17:23","guid":{"rendered":"https:\/\/www.faopack.com\/product\/donertute\/"},"modified":"2025-11-20T21:25:31","modified_gmt":"2025-11-20T21:25:31","slug":"donertute","status":"publish","type":"product","link":"https:\/\/www.faopack.com\/tr\/urun\/donertute\/","title":{"rendered":"D\u00d6NER KEBABI I\u00c7IN KA\u011eIT MENDIL"},"content":{"rendered":"<p>Y\u00fcksek kaliteli ka\u011f\u0131ttan \u00fcretilen bu \u00fcr\u00fcn, dayan\u0131kl\u0131l\u0131k sunmakla kalmaz, ayn\u0131 zamanda hareket halindeyken temiz ve kullan\u0131\u015fl\u0131 bir \u00e7\u00f6z\u00fcm sa\u011flar. Ya\u011f tutmazd\u0131r ve \u015firketinizin logosu ve bask\u0131s\u0131 ile \u00f6zel \u00fcretim imkan\u0131 mevcuttur.<\/p>","protected":false},"excerpt":{"rendered":"<p>G\u0131da ambalajlar\u0131 <\/p>","protected":false},"featured_media":1003,"comment_status":"open","ping_status":"closed","template":"","meta":[],"product_brand":[75],"product_cat":[62,63],"product_tag":[],"class_list":{"0":"post-820","1":"product","2":"type-product","3":"status-publish","4":"has-post-thumbnail","6":"product_brand-faopack","7":"product_cat-packaging","8":"product_cat-plastic-box","10":"first","11":"instock","12":"taxable","13":"shipping-taxable","14":"purchasable","15":"product-type-simple"},"_links":{"self":[{"href":"https:\/\/www.faopack.com\/tr\/wp-json\/wp\/v2\/product\/820","targetHints":{"allow":["GET"]}}],"collection":[{"href":"https:\/\/www.faopack.com\/tr\/wp-json\/wp\/v2\/product"}],"about":[{"href":"https:\/\/www.faopack.com\/tr\/wp-json\/wp\/v2\/types\/product"}],"replies":[{"embeddable":true,"href":"https:\/\/www.faopack.com\/tr\/wp-json\/wp\/v2\/comments?post=820"}],"wp:featuredmedia":[{"embeddable":true,"href":"https:\/\/www.faopack.com\/tr\/wp-json\/wp\/v2\/media\/1003"}],"wp:attachment":[{"href":"https:\/\/www.faopack.com\/tr\/wp-json\/wp\/v2\/media?parent=820"}],"wp:term":[{"taxonomy":"product_brand","embeddable":true,"href":"https:\/\/www.faopack.com\/tr\/wp-json\/wp\/v2\/product_brand?post=820"},{"taxonomy":"product_cat","embeddable":true,"href":"https:\/\/www.faopack.com\/tr\/wp-json\/wp\/v2\/product_cat?post=820"},{"taxonomy":"product_tag","embeddable":true,"href":"https:\/\/www.faopack.com\/tr\/wp-json\/wp\/v2\/product_tag?post=820"}],"curies":[{"name":"wp","href":"https:\/\/api.w.org\/{rel}","templated":true}]}}