{"id":824,"date":"2025-06-01T21:17:24","date_gmt":"2025-06-01T21:17:24","guid":{"rendered":"https:\/\/www.faopack.com\/product\/handtucghrolle-6-stuck-packung\/"},"modified":"2025-11-20T21:25:45","modified_gmt":"2025-11-20T21:25:45","slug":"handtucghrolle-6-sikismis-paket","status":"publish","type":"product","link":"https:\/\/www.faopack.com\/tr\/urun\/handtucghrolle-6-sikismis-paket\/","title":{"rendered":"RULO HAVLU 6'LI PAKET 6x500gr"},"content":{"rendered":"<p>100% sel\u00fclozdan \u00fcretilen bu beyaz rulo, yumu\u015fak kabartma desenli ve y\u0131rt\u0131lmaya kar\u015f\u0131 dayan\u0131kl\u0131, yumu\u015fak bir dokuya sahiptir. \u0130ki katl\u0131, parlak ka\u011f\u0131t havlu, y\u00fcksek emicilik ile etkileyici kapasiteyi bir araya getirerek h\u0131zl\u0131 ve kapsaml\u0131 kurutma sa\u011flar.<\/p>","protected":false},"excerpt":{"rendered":"<p>Hijyen<\/p>","protected":false},"featured_media":999,"comment_status":"open","ping_status":"closed","template":"","meta":[],"product_brand":[75],"product_cat":[62,63],"product_tag":[],"class_list":{"0":"post-824","1":"product","2":"type-product","3":"status-publish","4":"has-post-thumbnail","6":"product_brand-faopack","7":"product_cat-packaging","8":"product_cat-plastic-box","10":"first","11":"instock","12":"taxable","13":"shipping-taxable","14":"purchasable","15":"product-type-simple"},"_links":{"self":[{"href":"https:\/\/www.faopack.com\/tr\/wp-json\/wp\/v2\/product\/824","targetHints":{"allow":["GET"]}}],"collection":[{"href":"https:\/\/www.faopack.com\/tr\/wp-json\/wp\/v2\/product"}],"about":[{"href":"https:\/\/www.faopack.com\/tr\/wp-json\/wp\/v2\/types\/product"}],"replies":[{"embeddable":true,"href":"https:\/\/www.faopack.com\/tr\/wp-json\/wp\/v2\/comments?post=824"}],"wp:featuredmedia":[{"embeddable":true,"href":"https:\/\/www.faopack.com\/tr\/wp-json\/wp\/v2\/media\/999"}],"wp:attachment":[{"href":"https:\/\/www.faopack.com\/tr\/wp-json\/wp\/v2\/media?parent=824"}],"wp:term":[{"taxonomy":"product_brand","embeddable":true,"href":"https:\/\/www.faopack.com\/tr\/wp-json\/wp\/v2\/product_brand?post=824"},{"taxonomy":"product_cat","embeddable":true,"href":"https:\/\/www.faopack.com\/tr\/wp-json\/wp\/v2\/product_cat?post=824"},{"taxonomy":"product_tag","embeddable":true,"href":"https:\/\/www.faopack.com\/tr\/wp-json\/wp\/v2\/product_tag?post=824"}],"curies":[{"name":"wp","href":"https:\/\/api.w.org\/{rel}","templated":true}]}}