{"id":827,"date":"2025-06-01T21:17:24","date_gmt":"2025-06-01T21:17:24","guid":{"rendered":"https:\/\/www.faopack.com\/product\/cop-poseti-60-l\/"},"modified":"2025-11-20T21:25:28","modified_gmt":"2025-11-20T21:25:28","slug":"cop-poseti-60-l","status":"publish","type":"product","link":"https:\/\/www.faopack.com\/tr\/urun\/cop-poseti-60-l\/","title":{"rendered":"\u00c7\u00d6P TORBASI 60 L 150x20 adet"},"content":{"rendered":"<p>60 litrelik EXTRA STRONG \u00e7\u00f6p torbalar\u0131\/at\u0131k torbalar\u0131 \u2013 her t\u00fcrl\u00fc at\u0131k bertaraf\u0131 i\u00e7in en uygun \u00e7\u00f6z\u00fcm. Evde, catering sekt\u00f6r\u00fcnde veya ticari ortamlarda her t\u00fcrl\u00fc kullan\u0131m i\u00e7in uygun olan bu y\u00fcksek kaliteli torba, \u00f6zellikle dayan\u0131kl\u0131 plastikten \u00fcretilmi\u015ftir ve at\u0131k y\u00f6netimi ihtiya\u00e7lar\u0131n\u0131z i\u00e7in g\u00fcvenilir bir se\u00e7imdir.<\/p>","protected":false},"excerpt":{"rendered":"<p>Paketleme<\/p>","protected":false},"featured_media":791,"comment_status":"open","ping_status":"closed","template":"","meta":[],"product_brand":[75],"product_cat":[62,63],"product_tag":[],"class_list":{"0":"post-827","1":"product","2":"type-product","3":"status-publish","4":"has-post-thumbnail","6":"product_brand-faopack","7":"product_cat-packaging","8":"product_cat-plastic-box","10":"first","11":"instock","12":"taxable","13":"shipping-taxable","14":"purchasable","15":"product-type-simple"},"_links":{"self":[{"href":"https:\/\/www.faopack.com\/tr\/wp-json\/wp\/v2\/product\/827","targetHints":{"allow":["GET"]}}],"collection":[{"href":"https:\/\/www.faopack.com\/tr\/wp-json\/wp\/v2\/product"}],"about":[{"href":"https:\/\/www.faopack.com\/tr\/wp-json\/wp\/v2\/types\/product"}],"replies":[{"embeddable":true,"href":"https:\/\/www.faopack.com\/tr\/wp-json\/wp\/v2\/comments?post=827"}],"wp:featuredmedia":[{"embeddable":true,"href":"https:\/\/www.faopack.com\/tr\/wp-json\/wp\/v2\/media\/791"}],"wp:attachment":[{"href":"https:\/\/www.faopack.com\/tr\/wp-json\/wp\/v2\/media?parent=827"}],"wp:term":[{"taxonomy":"product_brand","embeddable":true,"href":"https:\/\/www.faopack.com\/tr\/wp-json\/wp\/v2\/product_brand?post=827"},{"taxonomy":"product_cat","embeddable":true,"href":"https:\/\/www.faopack.com\/tr\/wp-json\/wp\/v2\/product_cat?post=827"},{"taxonomy":"product_tag","embeddable":true,"href":"https:\/\/www.faopack.com\/tr\/wp-json\/wp\/v2\/product_tag?post=827"}],"curies":[{"name":"wp","href":"https:\/\/api.w.org\/{rel}","templated":true}]}}