{"id":830,"date":"2025-06-01T21:17:25","date_gmt":"2025-06-01T21:17:25","guid":{"rendered":"https:\/\/www.faopack.com\/product\/et-kagidi-1-8-10-kg\/"},"modified":"2025-11-20T21:25:29","modified_gmt":"2025-11-20T21:25:29","slug":"et-kagidi-18-10-kg","status":"publish","type":"product","link":"https:\/\/www.faopack.com\/tr\/urun\/et-kagidi-18-10-kg\/","title":{"rendered":"Kasap Ka\u011f\u0131d\u0131 1\/8 10 KG"},"content":{"rendered":"<p>Kaplamal\u0131 kasap ka\u011f\u0131d\u0131 peynir, et, jambon ve di\u011fer bir\u00e7ok \u00fcr\u00fcn\u00fc paketlemek i\u00e7in m\u00fckemmeldir. \u00d6zel kaplamas\u0131, \u00fcr\u00fcnlerinizin iyi korunmas\u0131n\u0131 ve nemini muhafaza etmesini sa\u011flar. \u015eirketinizin logosu ve bask\u0131s\u0131 ile \u00f6zel \u00fcretim yap\u0131labilir.<\/p>","protected":false},"excerpt":{"rendered":"<p>Paketleme<\/p>","protected":false},"featured_media":996,"comment_status":"open","ping_status":"closed","template":"","meta":[],"product_brand":[75],"product_cat":[62,63],"product_tag":[],"class_list":{"0":"post-830","1":"product","2":"type-product","3":"status-publish","4":"has-post-thumbnail","6":"product_brand-faopack","7":"product_cat-packaging","8":"product_cat-plastic-box","10":"first","11":"instock","12":"taxable","13":"shipping-taxable","14":"purchasable","15":"product-type-simple"},"_links":{"self":[{"href":"https:\/\/www.faopack.com\/tr\/wp-json\/wp\/v2\/product\/830","targetHints":{"allow":["GET"]}}],"collection":[{"href":"https:\/\/www.faopack.com\/tr\/wp-json\/wp\/v2\/product"}],"about":[{"href":"https:\/\/www.faopack.com\/tr\/wp-json\/wp\/v2\/types\/product"}],"replies":[{"embeddable":true,"href":"https:\/\/www.faopack.com\/tr\/wp-json\/wp\/v2\/comments?post=830"}],"wp:featuredmedia":[{"embeddable":true,"href":"https:\/\/www.faopack.com\/tr\/wp-json\/wp\/v2\/media\/996"}],"wp:attachment":[{"href":"https:\/\/www.faopack.com\/tr\/wp-json\/wp\/v2\/media?parent=830"}],"wp:term":[{"taxonomy":"product_brand","embeddable":true,"href":"https:\/\/www.faopack.com\/tr\/wp-json\/wp\/v2\/product_brand?post=830"},{"taxonomy":"product_cat","embeddable":true,"href":"https:\/\/www.faopack.com\/tr\/wp-json\/wp\/v2\/product_cat?post=830"},{"taxonomy":"product_tag","embeddable":true,"href":"https:\/\/www.faopack.com\/tr\/wp-json\/wp\/v2\/product_tag?post=830"}],"curies":[{"name":"wp","href":"https:\/\/api.w.org\/{rel}","templated":true}]}}