{"id":837,"date":"2025-06-01T21:17:26","date_gmt":"2025-06-01T21:17:26","guid":{"rendered":"https:\/\/www.faopack.com\/product\/12-oz-bardak-1000-adet\/"},"modified":"2025-11-20T21:25:32","modified_gmt":"2025-11-20T21:25:32","slug":"12-oz-bardak-1000-adet","status":"publish","type":"product","link":"https:\/\/www.faopack.com\/tr\/urun\/12-oz-bardak-1000-adet\/","title":{"rendered":"12 OZ KUPA"},"content":{"rendered":"<p>12 oz Coffee To Go bardaklar\u0131m\u0131z, hareket halindeyken kahvenizi h\u0131zl\u0131 ve rahat bir \u015fekilde i\u00e7mek i\u00e7in m\u00fckemmel bir \u00e7\u00f6z\u00fcmd\u00fcr. Kafeler, ofisler ve etkinlikler i\u00e7in idealdir.<\/p>","protected":false},"excerpt":{"rendered":"<p>G\u0131da ambalajlar\u0131 <\/p>","protected":false},"featured_media":791,"comment_status":"open","ping_status":"closed","template":"","meta":[],"product_brand":[75],"product_cat":[62,63],"product_tag":[],"class_list":{"0":"post-837","1":"product","2":"type-product","3":"status-publish","4":"has-post-thumbnail","6":"product_brand-faopack","7":"product_cat-packaging","8":"product_cat-plastic-box","10":"first","11":"instock","12":"taxable","13":"shipping-taxable","14":"purchasable","15":"product-type-simple"},"_links":{"self":[{"href":"https:\/\/www.faopack.com\/tr\/wp-json\/wp\/v2\/product\/837","targetHints":{"allow":["GET"]}}],"collection":[{"href":"https:\/\/www.faopack.com\/tr\/wp-json\/wp\/v2\/product"}],"about":[{"href":"https:\/\/www.faopack.com\/tr\/wp-json\/wp\/v2\/types\/product"}],"replies":[{"embeddable":true,"href":"https:\/\/www.faopack.com\/tr\/wp-json\/wp\/v2\/comments?post=837"}],"wp:featuredmedia":[{"embeddable":true,"href":"https:\/\/www.faopack.com\/tr\/wp-json\/wp\/v2\/media\/791"}],"wp:attachment":[{"href":"https:\/\/www.faopack.com\/tr\/wp-json\/wp\/v2\/media?parent=837"}],"wp:term":[{"taxonomy":"product_brand","embeddable":true,"href":"https:\/\/www.faopack.com\/tr\/wp-json\/wp\/v2\/product_brand?post=837"},{"taxonomy":"product_cat","embeddable":true,"href":"https:\/\/www.faopack.com\/tr\/wp-json\/wp\/v2\/product_cat?post=837"},{"taxonomy":"product_tag","embeddable":true,"href":"https:\/\/www.faopack.com\/tr\/wp-json\/wp\/v2\/product_tag?post=837"}],"curies":[{"name":"wp","href":"https:\/\/api.w.org\/{rel}","templated":true}]}}