{"id":838,"date":"2025-06-01T21:17:26","date_gmt":"2025-06-01T21:17:26","guid":{"rendered":"https:\/\/www.faopack.com\/product\/dondurma-kasik-1000-adet\/"},"modified":"2025-11-20T21:25:43","modified_gmt":"2025-11-20T21:25:43","slug":"dondurma-kasik-1000-adet","status":"publish","type":"product","link":"https:\/\/www.faopack.com\/tr\/urun\/dondurma-kasik-1000-adet\/","title":{"rendered":"PLASTIK DONDURMA KA\u015eI\u011eI"},"content":{"rendered":"<p>Plastik ka\u015f\u0131k, plastik malzemeden \u00fcretilmi\u015f hafif ve pratik bir tek kullan\u0131ml\u0131k ka\u015f\u0131kt\u0131r ve dondurma yemek i\u00e7in idealdir.<\/p>","protected":false},"excerpt":{"rendered":"<p>G\u0131da ambalajlar\u0131 <\/p>","protected":false},"featured_media":989,"comment_status":"open","ping_status":"closed","template":"","meta":[],"product_brand":[75],"product_cat":[62,63],"product_tag":[],"class_list":{"0":"post-838","1":"product","2":"type-product","3":"status-publish","4":"has-post-thumbnail","6":"product_brand-faopack","7":"product_cat-packaging","8":"product_cat-plastic-box","10":"first","11":"instock","12":"taxable","13":"shipping-taxable","14":"purchasable","15":"product-type-simple"},"_links":{"self":[{"href":"https:\/\/www.faopack.com\/tr\/wp-json\/wp\/v2\/product\/838","targetHints":{"allow":["GET"]}}],"collection":[{"href":"https:\/\/www.faopack.com\/tr\/wp-json\/wp\/v2\/product"}],"about":[{"href":"https:\/\/www.faopack.com\/tr\/wp-json\/wp\/v2\/types\/product"}],"replies":[{"embeddable":true,"href":"https:\/\/www.faopack.com\/tr\/wp-json\/wp\/v2\/comments?post=838"}],"wp:featuredmedia":[{"embeddable":true,"href":"https:\/\/www.faopack.com\/tr\/wp-json\/wp\/v2\/media\/989"}],"wp:attachment":[{"href":"https:\/\/www.faopack.com\/tr\/wp-json\/wp\/v2\/media?parent=838"}],"wp:term":[{"taxonomy":"product_brand","embeddable":true,"href":"https:\/\/www.faopack.com\/tr\/wp-json\/wp\/v2\/product_brand?post=838"},{"taxonomy":"product_cat","embeddable":true,"href":"https:\/\/www.faopack.com\/tr\/wp-json\/wp\/v2\/product_cat?post=838"},{"taxonomy":"product_tag","embeddable":true,"href":"https:\/\/www.faopack.com\/tr\/wp-json\/wp\/v2\/product_tag?post=838"}],"curies":[{"name":"wp","href":"https:\/\/api.w.org\/{rel}","templated":true}]}}