{"id":847,"date":"2025-06-01T21:17:27","date_gmt":"2025-06-01T21:17:27","guid":{"rendered":"https:\/\/www.faopack.com\/product\/ip9-200-pcs\/"},"modified":"2025-11-20T21:25:44","modified_gmt":"2025-11-20T21:25:44","slug":"ip9-200-adet","status":"publish","type":"product","link":"https:\/\/www.faopack.com\/tr\/urun\/ip9-200-adet\/","title":{"rendered":"IP9 250 ADET XPS Polistiren"},"content":{"rendered":"<p>Strafor g\u0131da kutusu, hamburger ve di\u011fer g\u0131dalar\u0131n paketlenmesi ve ta\u015f\u0131nmas\u0131 i\u00e7in birinci s\u0131n\u0131f bir \u00e7\u00f6z\u00fcm sunar. M\u00fckemmel yal\u0131t\u0131m \u00f6zelli\u011fi, pratik tasar\u0131m\u0131 ve geni\u015f kapasitesi, restoranlar ve catering hizmetleri i\u00e7in ideal bir se\u00e7imdir.<\/p>","protected":false},"excerpt":{"rendered":"<p>G\u0131da ambalajlar\u0131 <\/p>","protected":false},"featured_media":791,"comment_status":"open","ping_status":"closed","template":"","meta":[],"product_brand":[75],"product_cat":[62,63],"product_tag":[],"class_list":{"0":"post-847","1":"product","2":"type-product","3":"status-publish","4":"has-post-thumbnail","6":"product_brand-faopack","7":"product_cat-packaging","8":"product_cat-plastic-box","10":"first","11":"instock","12":"taxable","13":"shipping-taxable","14":"purchasable","15":"product-type-simple"},"_links":{"self":[{"href":"https:\/\/www.faopack.com\/tr\/wp-json\/wp\/v2\/product\/847","targetHints":{"allow":["GET"]}}],"collection":[{"href":"https:\/\/www.faopack.com\/tr\/wp-json\/wp\/v2\/product"}],"about":[{"href":"https:\/\/www.faopack.com\/tr\/wp-json\/wp\/v2\/types\/product"}],"replies":[{"embeddable":true,"href":"https:\/\/www.faopack.com\/tr\/wp-json\/wp\/v2\/comments?post=847"}],"wp:featuredmedia":[{"embeddable":true,"href":"https:\/\/www.faopack.com\/tr\/wp-json\/wp\/v2\/media\/791"}],"wp:attachment":[{"href":"https:\/\/www.faopack.com\/tr\/wp-json\/wp\/v2\/media?parent=847"}],"wp:term":[{"taxonomy":"product_brand","embeddable":true,"href":"https:\/\/www.faopack.com\/tr\/wp-json\/wp\/v2\/product_brand?post=847"},{"taxonomy":"product_cat","embeddable":true,"href":"https:\/\/www.faopack.com\/tr\/wp-json\/wp\/v2\/product_cat?post=847"},{"taxonomy":"product_tag","embeddable":true,"href":"https:\/\/www.faopack.com\/tr\/wp-json\/wp\/v2\/product_tag?post=847"}],"curies":[{"name":"wp","href":"https:\/\/api.w.org\/{rel}","templated":true}]}}