{"id":850,"date":"2025-06-01T21:17:27","date_gmt":"2025-06-01T21:17:27","guid":{"rendered":"https:\/\/www.faopack.com\/product\/mb3-200-pcs\/"},"modified":"2025-11-20T21:25:45","modified_gmt":"2025-11-20T21:25:45","slug":"mb3-200-adet","status":"publish","type":"product","link":"https:\/\/www.faopack.com\/tr\/urun\/mb3-200-adet\/","title":{"rendered":"MB3 200 ADET K\u00d6P\u00dcK TABAK"},"content":{"rendered":"<p>Yazma3 b\u00f6lmeli strafor men\u00fc kutusu, tek bir iyi organize edilmi\u015f pakette \u00e7e\u015fitli yemek se\u00e7enekleri sunmak isteyen catering i\u015fletmeleri i\u00e7in ideal bir se\u00e7imdir. Y\u00fcksek kaliteli strafordan \u00fcretilen bu kutu, m\u00fckemmel yal\u0131t\u0131m \u00f6zelli\u011fi ile \u00f6ne \u00e7\u0131karak farkl\u0131 yiyeceklerin nakliye s\u0131ras\u0131nda s\u0131cakl\u0131klar\u0131n\u0131 korumalar\u0131n\u0131 sa\u011flar.Metin<\/p>","protected":false},"excerpt":{"rendered":"<p>G\u0131da ambalajlar\u0131 <\/p>","protected":false},"featured_media":791,"comment_status":"open","ping_status":"closed","template":"","meta":[],"product_brand":[75],"product_cat":[62,63],"product_tag":[],"class_list":{"0":"post-850","1":"product","2":"type-product","3":"status-publish","4":"has-post-thumbnail","6":"product_brand-faopack","7":"product_cat-packaging","8":"product_cat-plastic-box","10":"first","11":"instock","12":"taxable","13":"shipping-taxable","14":"purchasable","15":"product-type-simple"},"_links":{"self":[{"href":"https:\/\/www.faopack.com\/tr\/wp-json\/wp\/v2\/product\/850","targetHints":{"allow":["GET"]}}],"collection":[{"href":"https:\/\/www.faopack.com\/tr\/wp-json\/wp\/v2\/product"}],"about":[{"href":"https:\/\/www.faopack.com\/tr\/wp-json\/wp\/v2\/types\/product"}],"replies":[{"embeddable":true,"href":"https:\/\/www.faopack.com\/tr\/wp-json\/wp\/v2\/comments?post=850"}],"wp:featuredmedia":[{"embeddable":true,"href":"https:\/\/www.faopack.com\/tr\/wp-json\/wp\/v2\/media\/791"}],"wp:attachment":[{"href":"https:\/\/www.faopack.com\/tr\/wp-json\/wp\/v2\/media?parent=850"}],"wp:term":[{"taxonomy":"product_brand","embeddable":true,"href":"https:\/\/www.faopack.com\/tr\/wp-json\/wp\/v2\/product_brand?post=850"},{"taxonomy":"product_cat","embeddable":true,"href":"https:\/\/www.faopack.com\/tr\/wp-json\/wp\/v2\/product_cat?post=850"},{"taxonomy":"product_tag","embeddable":true,"href":"https:\/\/www.faopack.com\/tr\/wp-json\/wp\/v2\/product_tag?post=850"}],"curies":[{"name":"wp","href":"https:\/\/api.w.org\/{rel}","templated":true}]}}