{"id":853,"date":"2025-06-01T21:17:28","date_gmt":"2025-06-01T21:17:28","guid":{"rendered":"https:\/\/www.faopack.com\/product\/eldiven-l-20-pcs\/"},"modified":"2025-11-20T21:25:30","modified_gmt":"2025-11-20T21:25:30","slug":"eldiven-l-20-adet","status":"publish","type":"product","link":"https:\/\/www.faopack.com\/tr\/urun\/eldiven-l-20-adet\/","title":{"rendered":"ELD\u0130VENLER L"},"content":{"rendered":"<p>Koruma, rahatl\u0131k ve \u00e7ok y\u00f6nl\u00fcl\u00fc\u011f\u00fcn m\u00fckemmel birle\u015fimini sunan y\u00fcksek kaliteli nitril eldivenler! Tek kullan\u0131ml\u0131k nitril eldivenlerimiz, en y\u00fcksek hijyen ve g\u00fcvenlik standartlar\u0131n\u0131 kar\u015f\u0131layan \u00e7e\u015fitli boyut ve renklerde mevcuttur.<\/p>","protected":false},"excerpt":{"rendered":"<p>Hijyen<\/p>","protected":false},"featured_media":982,"comment_status":"open","ping_status":"closed","template":"","meta":[],"product_brand":[75],"product_cat":[62,63],"product_tag":[],"class_list":{"0":"post-853","1":"product","2":"type-product","3":"status-publish","4":"has-post-thumbnail","6":"product_brand-faopack","7":"product_cat-packaging","8":"product_cat-plastic-box","10":"first","11":"instock","12":"taxable","13":"shipping-taxable","14":"purchasable","15":"product-type-simple"},"_links":{"self":[{"href":"https:\/\/www.faopack.com\/tr\/wp-json\/wp\/v2\/product\/853","targetHints":{"allow":["GET"]}}],"collection":[{"href":"https:\/\/www.faopack.com\/tr\/wp-json\/wp\/v2\/product"}],"about":[{"href":"https:\/\/www.faopack.com\/tr\/wp-json\/wp\/v2\/types\/product"}],"replies":[{"embeddable":true,"href":"https:\/\/www.faopack.com\/tr\/wp-json\/wp\/v2\/comments?post=853"}],"wp:featuredmedia":[{"embeddable":true,"href":"https:\/\/www.faopack.com\/tr\/wp-json\/wp\/v2\/media\/982"}],"wp:attachment":[{"href":"https:\/\/www.faopack.com\/tr\/wp-json\/wp\/v2\/media?parent=853"}],"wp:term":[{"taxonomy":"product_brand","embeddable":true,"href":"https:\/\/www.faopack.com\/tr\/wp-json\/wp\/v2\/product_brand?post=853"},{"taxonomy":"product_cat","embeddable":true,"href":"https:\/\/www.faopack.com\/tr\/wp-json\/wp\/v2\/product_cat?post=853"},{"taxonomy":"product_tag","embeddable":true,"href":"https:\/\/www.faopack.com\/tr\/wp-json\/wp\/v2\/product_tag?post=853"}],"curies":[{"name":"wp","href":"https:\/\/api.w.org\/{rel}","templated":true}]}}