{"id":855,"date":"2025-06-01T21:17:28","date_gmt":"2025-06-01T21:17:28","guid":{"rendered":"https:\/\/www.faopack.com\/product\/poset-galos-1000-adet\/"},"modified":"2025-11-20T21:25:42","modified_gmt":"2025-11-20T21:25:42","slug":"poset-galos-1000-adet","status":"publish","type":"product","link":"https:\/\/www.faopack.com\/tr\/urun\/poset-galos-1000-adet\/","title":{"rendered":"OVERSHOE"},"content":{"rendered":"<p>Ayakkab\u0131 k\u0131l\u0131flar\u0131, \u00e7e\u015fitli ortamlarda temiz zeminlerin ve hijyenin korunmas\u0131 i\u00e7in pratik bir \u00e7\u00f6z\u00fcm sunar. T\u0131bbi tesislerde, ta\u015f\u0131nma s\u0131ras\u0131nda, catering sekt\u00f6r\u00fcnde veya evde olsun, bu k\u0131l\u0131flar kir ve kontaminasyona kar\u015f\u0131 basit ve etkili bir koruma sa\u011flar.<\/p>","protected":false},"excerpt":{"rendered":"<p>Hijyen<\/p>","protected":false},"featured_media":983,"comment_status":"open","ping_status":"closed","template":"","meta":[],"product_brand":[75],"product_cat":[62,63],"product_tag":[],"class_list":{"0":"post-855","1":"product","2":"type-product","3":"status-publish","4":"has-post-thumbnail","6":"product_brand-faopack","7":"product_cat-packaging","8":"product_cat-plastic-box","10":"first","11":"instock","12":"taxable","13":"shipping-taxable","14":"purchasable","15":"product-type-simple"},"_links":{"self":[{"href":"https:\/\/www.faopack.com\/tr\/wp-json\/wp\/v2\/product\/855","targetHints":{"allow":["GET"]}}],"collection":[{"href":"https:\/\/www.faopack.com\/tr\/wp-json\/wp\/v2\/product"}],"about":[{"href":"https:\/\/www.faopack.com\/tr\/wp-json\/wp\/v2\/types\/product"}],"replies":[{"embeddable":true,"href":"https:\/\/www.faopack.com\/tr\/wp-json\/wp\/v2\/comments?post=855"}],"wp:featuredmedia":[{"embeddable":true,"href":"https:\/\/www.faopack.com\/tr\/wp-json\/wp\/v2\/media\/983"}],"wp:attachment":[{"href":"https:\/\/www.faopack.com\/tr\/wp-json\/wp\/v2\/media?parent=855"}],"wp:term":[{"taxonomy":"product_brand","embeddable":true,"href":"https:\/\/www.faopack.com\/tr\/wp-json\/wp\/v2\/product_brand?post=855"},{"taxonomy":"product_cat","embeddable":true,"href":"https:\/\/www.faopack.com\/tr\/wp-json\/wp\/v2\/product_cat?post=855"},{"taxonomy":"product_tag","embeddable":true,"href":"https:\/\/www.faopack.com\/tr\/wp-json\/wp\/v2\/product_tag?post=855"}],"curies":[{"name":"wp","href":"https:\/\/api.w.org\/{rel}","templated":true}]}}