{"id":856,"date":"2025-06-01T21:17:28","date_gmt":"2025-06-01T21:17:28","guid":{"rendered":"https:\/\/www.faopack.com\/product\/kolluk-1000-adet\/"},"modified":"2025-11-20T21:25:28","modified_gmt":"2025-11-20T21:25:28","slug":"kolluk-1000-adet","status":"publish","type":"product","link":"https:\/\/www.faopack.com\/tr\/urun\/kolluk-1000-adet\/","title":{"rendered":"\u015eefler i\u00e7in KOL KAPA\u011eI"},"content":{"rendered":"<p>\u00c7e\u015fitli uygulamalarda el korumas\u0131 ve hijyen i\u00e7in ideal bir se\u00e7im. Hem profesyonel hem de g\u00fcnl\u00fck kullan\u0131m i\u00e7in g\u00fcvenilir, rahat ve \u00e7ok y\u00f6nl\u00fcd\u00fcr.<\/p>","protected":false},"excerpt":{"rendered":"<p>Hijyen<\/p>","protected":false},"featured_media":985,"comment_status":"open","ping_status":"closed","template":"","meta":[],"product_brand":[75],"product_cat":[62,63],"product_tag":[],"class_list":{"0":"post-856","1":"product","2":"type-product","3":"status-publish","4":"has-post-thumbnail","6":"product_brand-faopack","7":"product_cat-packaging","8":"product_cat-plastic-box","10":"first","11":"instock","12":"taxable","13":"shipping-taxable","14":"purchasable","15":"product-type-simple"},"_links":{"self":[{"href":"https:\/\/www.faopack.com\/tr\/wp-json\/wp\/v2\/product\/856","targetHints":{"allow":["GET"]}}],"collection":[{"href":"https:\/\/www.faopack.com\/tr\/wp-json\/wp\/v2\/product"}],"about":[{"href":"https:\/\/www.faopack.com\/tr\/wp-json\/wp\/v2\/types\/product"}],"replies":[{"embeddable":true,"href":"https:\/\/www.faopack.com\/tr\/wp-json\/wp\/v2\/comments?post=856"}],"wp:featuredmedia":[{"embeddable":true,"href":"https:\/\/www.faopack.com\/tr\/wp-json\/wp\/v2\/media\/985"}],"wp:attachment":[{"href":"https:\/\/www.faopack.com\/tr\/wp-json\/wp\/v2\/media?parent=856"}],"wp:term":[{"taxonomy":"product_brand","embeddable":true,"href":"https:\/\/www.faopack.com\/tr\/wp-json\/wp\/v2\/product_brand?post=856"},{"taxonomy":"product_cat","embeddable":true,"href":"https:\/\/www.faopack.com\/tr\/wp-json\/wp\/v2\/product_cat?post=856"},{"taxonomy":"product_tag","embeddable":true,"href":"https:\/\/www.faopack.com\/tr\/wp-json\/wp\/v2\/product_tag?post=856"}],"curies":[{"name":"wp","href":"https:\/\/api.w.org\/{rel}","templated":true}]}}