{"id":859,"date":"2025-06-01T21:17:29","date_gmt":"2025-06-01T21:17:29","guid":{"rendered":"https:\/\/www.faopack.com\/product\/karton-pipet-3000-adet\/"},"modified":"2025-11-20T21:25:39","modified_gmt":"2025-11-20T21:25:39","slug":"karton-pipet-3000-adet","status":"publish","type":"product","link":"https:\/\/www.faopack.com\/tr\/urun\/karton-pipet-3000-adet\/","title":{"rendered":"KA\u011eIT \u00c7\u0130LES\u0130 1000 adet"},"content":{"rendered":"<p>Ka\u011f\u0131t pipetlerimiz sadece \u00e7evre dostu bir se\u00e7im olmakla kalmaz, ayn\u0131 zamanda i\u00e7ece\u011finize \u015f\u0131k bir dokunu\u015f katar. Y\u00fcksek kaliteli ka\u011f\u0131ttan \u00fcretilen bu pipetler, geleneksel plastik pipetlere s\u00fcrd\u00fcr\u00fclebilir bir alternatif sunar.<\/p>","protected":false},"excerpt":{"rendered":"<p>G\u0131da ambalajlar\u0131 <\/p>","protected":false},"featured_media":981,"comment_status":"open","ping_status":"closed","template":"","meta":[],"product_brand":[75],"product_cat":[62,63],"product_tag":[],"class_list":{"0":"post-859","1":"product","2":"type-product","3":"status-publish","4":"has-post-thumbnail","6":"product_brand-faopack","7":"product_cat-packaging","8":"product_cat-plastic-box","10":"first","11":"instock","12":"taxable","13":"shipping-taxable","14":"purchasable","15":"product-type-simple"},"_links":{"self":[{"href":"https:\/\/www.faopack.com\/tr\/wp-json\/wp\/v2\/product\/859","targetHints":{"allow":["GET"]}}],"collection":[{"href":"https:\/\/www.faopack.com\/tr\/wp-json\/wp\/v2\/product"}],"about":[{"href":"https:\/\/www.faopack.com\/tr\/wp-json\/wp\/v2\/types\/product"}],"replies":[{"embeddable":true,"href":"https:\/\/www.faopack.com\/tr\/wp-json\/wp\/v2\/comments?post=859"}],"wp:featuredmedia":[{"embeddable":true,"href":"https:\/\/www.faopack.com\/tr\/wp-json\/wp\/v2\/media\/981"}],"wp:attachment":[{"href":"https:\/\/www.faopack.com\/tr\/wp-json\/wp\/v2\/media?parent=859"}],"wp:term":[{"taxonomy":"product_brand","embeddable":true,"href":"https:\/\/www.faopack.com\/tr\/wp-json\/wp\/v2\/product_brand?post=859"},{"taxonomy":"product_cat","embeddable":true,"href":"https:\/\/www.faopack.com\/tr\/wp-json\/wp\/v2\/product_cat?post=859"},{"taxonomy":"product_tag","embeddable":true,"href":"https:\/\/www.faopack.com\/tr\/wp-json\/wp\/v2\/product_tag?post=859"}],"curies":[{"name":"wp","href":"https:\/\/api.w.org\/{rel}","templated":true}]}}