{"id":865,"date":"2025-06-01T21:17:30","date_gmt":"2025-06-01T21:17:30","guid":{"rendered":"https:\/\/www.faopack.com\/product\/16-oz-corba-kasesi-500-adet\/"},"modified":"2025-11-20T22:05:55","modified_gmt":"2025-11-20T22:05:55","slug":"16-oz-corba-kasesi-500-adet","status":"publish","type":"product","link":"https:\/\/www.faopack.com\/tr\/urun\/16-oz-corba-kasesi-500-adet\/","title":{"rendered":"16OZ \u00c7ORBA KASE 300 adet"},"content":{"rendered":"<p>\u00c7ekici kahverengi tonu ve geni\u015f kapasitesiyle kapakl\u0131 \u00e7orba kasesi, m\u00fc\u015fterilerine b\u00fcy\u00fck ve \u00e7ok y\u00f6nl\u00fc yemekler sunmak isteyen catering i\u015fletmeleri i\u00e7in ideal bir se\u00e7imdir. \u00c7evre dostu malzemelerden \u00fcretilen bu y\u00fcksek kaliteli kase, hem s\u0131cak hem de so\u011fuk yemekleri servis etmek i\u00e7in uygundur.<\/p>","protected":false},"excerpt":{"rendered":"<p>G\u0131da ambalajlar\u0131 <\/p>","protected":false},"featured_media":976,"comment_status":"open","ping_status":"closed","template":"","meta":[],"product_brand":[75],"product_cat":[62,63],"product_tag":[],"class_list":{"0":"post-865","1":"product","2":"type-product","3":"status-publish","4":"has-post-thumbnail","6":"product_brand-faopack","7":"product_cat-packaging","8":"product_cat-plastic-box","10":"first","11":"instock","12":"featured","13":"taxable","14":"shipping-taxable","15":"purchasable","16":"product-type-simple"},"_links":{"self":[{"href":"https:\/\/www.faopack.com\/tr\/wp-json\/wp\/v2\/product\/865","targetHints":{"allow":["GET"]}}],"collection":[{"href":"https:\/\/www.faopack.com\/tr\/wp-json\/wp\/v2\/product"}],"about":[{"href":"https:\/\/www.faopack.com\/tr\/wp-json\/wp\/v2\/types\/product"}],"replies":[{"embeddable":true,"href":"https:\/\/www.faopack.com\/tr\/wp-json\/wp\/v2\/comments?post=865"}],"wp:featuredmedia":[{"embeddable":true,"href":"https:\/\/www.faopack.com\/tr\/wp-json\/wp\/v2\/media\/976"}],"wp:attachment":[{"href":"https:\/\/www.faopack.com\/tr\/wp-json\/wp\/v2\/media?parent=865"}],"wp:term":[{"taxonomy":"product_brand","embeddable":true,"href":"https:\/\/www.faopack.com\/tr\/wp-json\/wp\/v2\/product_brand?post=865"},{"taxonomy":"product_cat","embeddable":true,"href":"https:\/\/www.faopack.com\/tr\/wp-json\/wp\/v2\/product_cat?post=865"},{"taxonomy":"product_tag","embeddable":true,"href":"https:\/\/www.faopack.com\/tr\/wp-json\/wp\/v2\/product_tag?post=865"}],"curies":[{"name":"wp","href":"https:\/\/api.w.org\/{rel}","templated":true}]}}