{"id":866,"date":"2025-06-01T21:17:30","date_gmt":"2025-06-01T21:17:30","guid":{"rendered":"https:\/\/www.faopack.com\/product\/500-cc-salata-box-500-adet\/"},"modified":"2025-11-20T21:25:42","modified_gmt":"2025-11-20T21:25:42","slug":"500-cc-salata-kutusu-500-adet","status":"publish","type":"product","link":"https:\/\/www.faopack.com\/tr\/urun\/500-cc-salata-kutusu-500-adet\/","title":{"rendered":"500CC MEYVE KASES\u0130 1000 adet"},"content":{"rendered":"<p>\u00c7ekici kahverengi tonlu, 500 ml kapasiteli kapakl\u0131 salata kasesi, m\u00fc\u015fterilerine b\u00fcy\u00fck ve \u00e7ok y\u00f6nl\u00fc yemekler sunmak isteyen catering i\u015fletmeleri i\u00e7in ideal bir se\u00e7imdir. \u00c7evre dostu malzemelerden \u00fcretilen bu y\u00fcksek kaliteli kase, hem s\u0131cak hem de so\u011fuk yemeklerin servis edilmesine uygundur.<\/p>","protected":false},"excerpt":{"rendered":"<p>G\u0131da ambalajlar\u0131 <\/p>","protected":false},"featured_media":977,"comment_status":"open","ping_status":"closed","template":"","meta":[],"product_brand":[75],"product_cat":[62,63],"product_tag":[],"class_list":{"0":"post-866","1":"product","2":"type-product","3":"status-publish","4":"has-post-thumbnail","6":"product_brand-faopack","7":"product_cat-packaging","8":"product_cat-plastic-box","10":"first","11":"instock","12":"taxable","13":"shipping-taxable","14":"purchasable","15":"product-type-simple"},"_links":{"self":[{"href":"https:\/\/www.faopack.com\/tr\/wp-json\/wp\/v2\/product\/866","targetHints":{"allow":["GET"]}}],"collection":[{"href":"https:\/\/www.faopack.com\/tr\/wp-json\/wp\/v2\/product"}],"about":[{"href":"https:\/\/www.faopack.com\/tr\/wp-json\/wp\/v2\/types\/product"}],"replies":[{"embeddable":true,"href":"https:\/\/www.faopack.com\/tr\/wp-json\/wp\/v2\/comments?post=866"}],"wp:featuredmedia":[{"embeddable":true,"href":"https:\/\/www.faopack.com\/tr\/wp-json\/wp\/v2\/media\/977"}],"wp:attachment":[{"href":"https:\/\/www.faopack.com\/tr\/wp-json\/wp\/v2\/media?parent=866"}],"wp:term":[{"taxonomy":"product_brand","embeddable":true,"href":"https:\/\/www.faopack.com\/tr\/wp-json\/wp\/v2\/product_brand?post=866"},{"taxonomy":"product_cat","embeddable":true,"href":"https:\/\/www.faopack.com\/tr\/wp-json\/wp\/v2\/product_cat?post=866"},{"taxonomy":"product_tag","embeddable":true,"href":"https:\/\/www.faopack.com\/tr\/wp-json\/wp\/v2\/product_tag?post=866"}],"curies":[{"name":"wp","href":"https:\/\/api.w.org\/{rel}","templated":true}]}}