{"id":878,"date":"2025-06-01T21:21:47","date_gmt":"2025-06-01T21:21:47","guid":{"rendered":"https:\/\/www.faopack.com\/product\/375cc-sizdirmaz-1000-adet\/"},"modified":"2025-11-20T21:25:37","modified_gmt":"2025-11-20T21:25:37","slug":"375cc-sizdirmaz-1000-adet","status":"publish","type":"product","link":"https:\/\/www.faopack.com\/tr\/urun\/375cc-sizdirmaz-1000-adet\/","title":{"rendered":"375CC SIZDIRMAZ KUTU"},"content":{"rendered":"<p>Mente\u015feli kapakl\u0131 (d\u00fcz) ev tipi kaplar\u0131m\u0131z, catering sekt\u00f6r\u00fc i\u00e7in pratik bir \u00e7\u00f6z\u00fcm sunar. 150 ml ila 2000 ml aras\u0131nda de\u011fi\u015fen boyutlarda mevcut olan bu kaplar, yiyecekler, at\u0131\u015ft\u0131rmal\u0131klar veya porsiyonlama i\u00e7in \u00e7ok y\u00f6nl\u00fc se\u00e7enekler sunar. Her pakette, catering i\u015finizin ihtiya\u00e7lar\u0131n\u0131 kar\u015f\u0131lamak i\u00e7in 1000 adet bulunmaktad\u0131r. Mevcut varyasyonlar: 150 ml, 250 ml, 375 ml, 500 ml, 750 ml, 1000 ml, 1250 ml, 1500 ml, 2000 ml.<\/p>","protected":false},"excerpt":{"rendered":"<p>S\u0131zd\u0131rmaz PP (polipropilen) kaplar \u2013 paket ba\u015f\u0131na 1.000 adet.<\/p>","protected":false},"featured_media":972,"comment_status":"open","ping_status":"closed","template":"","meta":[],"product_brand":[75],"product_cat":[62,63],"product_tag":[],"class_list":{"0":"post-878","1":"product","2":"type-product","3":"status-publish","4":"has-post-thumbnail","6":"product_brand-faopack","7":"product_cat-packaging","8":"product_cat-plastic-box","10":"first","11":"instock","12":"taxable","13":"shipping-taxable","14":"purchasable","15":"product-type-simple"},"_links":{"self":[{"href":"https:\/\/www.faopack.com\/tr\/wp-json\/wp\/v2\/product\/878","targetHints":{"allow":["GET"]}}],"collection":[{"href":"https:\/\/www.faopack.com\/tr\/wp-json\/wp\/v2\/product"}],"about":[{"href":"https:\/\/www.faopack.com\/tr\/wp-json\/wp\/v2\/types\/product"}],"replies":[{"embeddable":true,"href":"https:\/\/www.faopack.com\/tr\/wp-json\/wp\/v2\/comments?post=878"}],"wp:featuredmedia":[{"embeddable":true,"href":"https:\/\/www.faopack.com\/tr\/wp-json\/wp\/v2\/media\/972"}],"wp:attachment":[{"href":"https:\/\/www.faopack.com\/tr\/wp-json\/wp\/v2\/media?parent=878"}],"wp:term":[{"taxonomy":"product_brand","embeddable":true,"href":"https:\/\/www.faopack.com\/tr\/wp-json\/wp\/v2\/product_brand?post=878"},{"taxonomy":"product_cat","embeddable":true,"href":"https:\/\/www.faopack.com\/tr\/wp-json\/wp\/v2\/product_cat?post=878"},{"taxonomy":"product_tag","embeddable":true,"href":"https:\/\/www.faopack.com\/tr\/wp-json\/wp\/v2\/product_tag?post=878"}],"curies":[{"name":"wp","href":"https:\/\/api.w.org\/{rel}","templated":true}]}}