{"id":884,"date":"2025-06-01T21:21:48","date_gmt":"2025-06-01T21:21:48","guid":{"rendered":"https:\/\/www.faopack.com\/product\/microdalga-2-bolme-200-adet\/"},"modified":"2025-11-20T22:05:49","modified_gmt":"2025-11-20T22:05:49","slug":"mi%cc%87krodalga-2-bolme-200-adet","status":"publish","type":"product","link":"https:\/\/www.faopack.com\/tr\/urun\/mi%cc%87krodalga-2-bolme-200-adet\/","title":{"rendered":"KUTU MIKRODALGA 2 B\u00d6LMELI"},"content":{"rendered":"<p>Kapakl\u0131 gastronomi tarz\u0131 kaplar\u0131m\u0131z, catering sekt\u00f6r\u00fc i\u00e7in pratik bir \u00e7\u00f6z\u00fcm sunar ve mikrodalgada kullan\u0131lmaya uygundur, b\u00f6ylece yiyeceklerinizi daha sonra yeniden \u0131s\u0131tabilirsiniz. 150 ml ila 2000 ml aras\u0131nda de\u011fi\u015fen boyutlarda mevcut olan bu kaplar, yiyecekler, at\u0131\u015ft\u0131rmal\u0131klar veya porsiyonlama i\u00e7in \u00e7ok y\u00f6nl\u00fc se\u00e7enekler sunar. Her pakette, catering i\u015fletmenizin ihtiya\u00e7lar\u0131n\u0131 kar\u015f\u0131lamak i\u00e7in 200 adet bulunmaktad\u0131r. Mevcut \u00e7e\u015fitler: tek b\u00f6lmeli, iki b\u00f6lmeli ve \u00fc\u00e7 b\u00f6lmeli.<\/p>","protected":false},"excerpt":{"rendered":"<p>S\u0131zd\u0131rmaz, kapakl\u0131 PP (polipropilen) kaplar \u2013 paket ba\u015f\u0131na 200 adet.<\/p>","protected":false},"featured_media":970,"comment_status":"open","ping_status":"closed","template":"","meta":[],"product_brand":[75],"product_cat":[62,63],"product_tag":[],"class_list":{"0":"post-884","1":"product","2":"type-product","3":"status-publish","4":"has-post-thumbnail","6":"product_brand-faopack","7":"product_cat-packaging","8":"product_cat-plastic-box","10":"first","11":"instock","12":"taxable","13":"shipping-taxable","14":"purchasable","15":"product-type-simple"},"_links":{"self":[{"href":"https:\/\/www.faopack.com\/tr\/wp-json\/wp\/v2\/product\/884","targetHints":{"allow":["GET"]}}],"collection":[{"href":"https:\/\/www.faopack.com\/tr\/wp-json\/wp\/v2\/product"}],"about":[{"href":"https:\/\/www.faopack.com\/tr\/wp-json\/wp\/v2\/types\/product"}],"replies":[{"embeddable":true,"href":"https:\/\/www.faopack.com\/tr\/wp-json\/wp\/v2\/comments?post=884"}],"wp:featuredmedia":[{"embeddable":true,"href":"https:\/\/www.faopack.com\/tr\/wp-json\/wp\/v2\/media\/970"}],"wp:attachment":[{"href":"https:\/\/www.faopack.com\/tr\/wp-json\/wp\/v2\/media?parent=884"}],"wp:term":[{"taxonomy":"product_brand","embeddable":true,"href":"https:\/\/www.faopack.com\/tr\/wp-json\/wp\/v2\/product_brand?post=884"},{"taxonomy":"product_cat","embeddable":true,"href":"https:\/\/www.faopack.com\/tr\/wp-json\/wp\/v2\/product_cat?post=884"},{"taxonomy":"product_tag","embeddable":true,"href":"https:\/\/www.faopack.com\/tr\/wp-json\/wp\/v2\/product_tag?post=884"}],"curies":[{"name":"wp","href":"https:\/\/api.w.org\/{rel}","templated":true}]}}