{"id":886,"date":"2025-06-01T21:21:48","date_gmt":"2025-06-01T21:21:48","guid":{"rendered":"https:\/\/www.faopack.com\/product\/bodego-kap-180-cc-250-cc\/"},"modified":"2025-11-20T21:25:36","modified_gmt":"2025-11-20T21:25:36","slug":"bodego-kap-180-cc-250-cc","status":"publish","type":"product","link":"https:\/\/www.faopack.com\/tr\/urun\/bodego-kap-180-cc-250-cc\/","title":{"rendered":"Bodego Bardak 180cc &amp; 250cc 500 adet"},"content":{"rendered":"<p>Gastronomi tarz\u0131 kaplar\u0131m\u0131z, catering sekt\u00f6r\u00fc i\u00e7in pratik bir \u00e7\u00f6z\u00fcm sunar. 180 ml ve 250 ml boyutlar\u0131nda mevcut olan bu kaplar, f\u0131r\u0131nlarda ve restoranlarda puding, kek ve hamur i\u015flerinin tek porsiyonluk olarak haz\u0131rlanmas\u0131 i\u00e7in uygundur. Zarif sunumlar i\u00e7in kullan\u0131\u015fl\u0131 bir \u00e7\u00f6z\u00fcm sunar. Her pakette, catering i\u015finizin ihtiya\u00e7lar\u0131n\u0131 kar\u015f\u0131lamak i\u00e7in 1.000 adet bulunur. \u00c7e\u015fitli se\u00e7enekler mevcuttur.<\/p>","protected":false},"excerpt":{"rendered":"<p>Kekler i\u00e7in s\u0131zd\u0131rmaz PP (polipropilen) kutular \u2013 Paket ba\u015f\u0131na 1000 adet.<\/p>","protected":false},"featured_media":968,"comment_status":"open","ping_status":"closed","template":"","meta":[],"product_brand":[75],"product_cat":[62,63],"product_tag":[],"class_list":{"0":"post-886","1":"product","2":"type-product","3":"status-publish","4":"has-post-thumbnail","6":"product_brand-faopack","7":"product_cat-packaging","8":"product_cat-plastic-box","10":"first","11":"instock","12":"taxable","13":"shipping-taxable","14":"purchasable","15":"product-type-simple"},"_links":{"self":[{"href":"https:\/\/www.faopack.com\/tr\/wp-json\/wp\/v2\/product\/886","targetHints":{"allow":["GET"]}}],"collection":[{"href":"https:\/\/www.faopack.com\/tr\/wp-json\/wp\/v2\/product"}],"about":[{"href":"https:\/\/www.faopack.com\/tr\/wp-json\/wp\/v2\/types\/product"}],"replies":[{"embeddable":true,"href":"https:\/\/www.faopack.com\/tr\/wp-json\/wp\/v2\/comments?post=886"}],"wp:featuredmedia":[{"embeddable":true,"href":"https:\/\/www.faopack.com\/tr\/wp-json\/wp\/v2\/media\/968"}],"wp:attachment":[{"href":"https:\/\/www.faopack.com\/tr\/wp-json\/wp\/v2\/media?parent=886"}],"wp:term":[{"taxonomy":"product_brand","embeddable":true,"href":"https:\/\/www.faopack.com\/tr\/wp-json\/wp\/v2\/product_brand?post=886"},{"taxonomy":"product_cat","embeddable":true,"href":"https:\/\/www.faopack.com\/tr\/wp-json\/wp\/v2\/product_cat?post=886"},{"taxonomy":"product_tag","embeddable":true,"href":"https:\/\/www.faopack.com\/tr\/wp-json\/wp\/v2\/product_tag?post=886"}],"curies":[{"name":"wp","href":"https:\/\/api.w.org\/{rel}","templated":true}]}}