{"id":887,"date":"2025-06-01T21:21:48","date_gmt":"2025-06-01T21:21:48","guid":{"rendered":"https:\/\/www.faopack.com\/product\/footed-kap-200-cc\/"},"modified":"2025-11-20T21:25:37","modified_gmt":"2025-11-20T21:25:37","slug":"ayakli-kap-200-cc","status":"publish","type":"product","link":"https:\/\/www.faopack.com\/tr\/urun\/ayakli-kap-200-cc\/","title":{"rendered":"Ayakl\u0131 Bardak 200cc"},"content":{"rendered":"<p>Gastronomi tarz\u0131 kaplar\u0131m\u0131z, catering sekt\u00f6r\u00fc i\u00e7in pratik bir \u00e7\u00f6z\u00fcm sunar. 200 ml'ye kadar boyutlarda mevcut olan bu kaplar, f\u0131r\u0131nlarda ve restoranlarda puding, kek ve hamur i\u015flerinin tek porsiyonluk haz\u0131rlanmas\u0131 i\u00e7in uygundur. Rahat sunum se\u00e7enekleri sunar. Her pakette, catering i\u015finizin ihtiya\u00e7lar\u0131n\u0131 kar\u015f\u0131lamak i\u00e7in 1.000 adet bulunur. \u00c7e\u015fitli se\u00e7enekler mevcuttur.<\/p>","protected":false},"excerpt":{"rendered":"<p>Kekler i\u00e7in s\u0131zd\u0131rmaz PP (polipropilen) kutular \u2013 Paket ba\u015f\u0131na 1000 adet.<\/p>","protected":false},"featured_media":791,"comment_status":"open","ping_status":"closed","template":"","meta":[],"product_brand":[75],"product_cat":[62,63],"product_tag":[],"class_list":{"0":"post-887","1":"product","2":"type-product","3":"status-publish","4":"has-post-thumbnail","6":"product_brand-faopack","7":"product_cat-packaging","8":"product_cat-plastic-box","10":"first","11":"instock","12":"taxable","13":"shipping-taxable","14":"purchasable","15":"product-type-simple"},"_links":{"self":[{"href":"https:\/\/www.faopack.com\/tr\/wp-json\/wp\/v2\/product\/887","targetHints":{"allow":["GET"]}}],"collection":[{"href":"https:\/\/www.faopack.com\/tr\/wp-json\/wp\/v2\/product"}],"about":[{"href":"https:\/\/www.faopack.com\/tr\/wp-json\/wp\/v2\/types\/product"}],"replies":[{"embeddable":true,"href":"https:\/\/www.faopack.com\/tr\/wp-json\/wp\/v2\/comments?post=887"}],"wp:featuredmedia":[{"embeddable":true,"href":"https:\/\/www.faopack.com\/tr\/wp-json\/wp\/v2\/media\/791"}],"wp:attachment":[{"href":"https:\/\/www.faopack.com\/tr\/wp-json\/wp\/v2\/media?parent=887"}],"wp:term":[{"taxonomy":"product_brand","embeddable":true,"href":"https:\/\/www.faopack.com\/tr\/wp-json\/wp\/v2\/product_brand?post=887"},{"taxonomy":"product_cat","embeddable":true,"href":"https:\/\/www.faopack.com\/tr\/wp-json\/wp\/v2\/product_cat?post=887"},{"taxonomy":"product_tag","embeddable":true,"href":"https:\/\/www.faopack.com\/tr\/wp-json\/wp\/v2\/product_tag?post=887"}],"curies":[{"name":"wp","href":"https:\/\/api.w.org\/{rel}","templated":true}]}}