{"id":889,"date":"2025-06-01T21:21:49","date_gmt":"2025-06-01T21:21:49","guid":{"rendered":"https:\/\/www.faopack.com\/product\/aluminyum-folyo-800-gr-30-cm-4-rulo-karton\/"},"modified":"2025-11-20T21:25:41","modified_gmt":"2025-11-20T21:25:41","slug":"aluminyum-folyo-800-gr-30-cm-4-rulo-karton","status":"publish","type":"product","link":"https:\/\/www.faopack.com\/tr\/urun\/aluminyum-folyo-800-gr-30-cm-4-rulo-karton\/","title":{"rendered":"Alu folyo Rol 800 gr."},"content":{"rendered":"<p>Y\u0131rt\u0131lmaya kar\u015f\u0131 dayan\u0131kl\u0131 ve sa\u011flam al\u00fcminyum folyomuz, g\u00fc\u00e7l\u00fc yap\u0131s\u0131 ve m\u00fckemmel \u0131s\u0131 yal\u0131t\u0131m\u0131 sayesinde yiyecekleri g\u00fcvenli bir \u015fekilde paketlemek ve s\u0131cak tutmak i\u00e7in idealdir. Gastronomi, catering ve ki\u015fisel kullan\u0131m i\u00e7in m\u00fckemmeldir.<\/p>","protected":false},"excerpt":{"rendered":"<p>11-12-14 mikron<\/p>","protected":false},"featured_media":967,"comment_status":"open","ping_status":"closed","template":"","meta":[],"product_brand":[75],"product_cat":[62,63],"product_tag":[],"class_list":{"0":"post-889","1":"product","2":"type-product","3":"status-publish","4":"has-post-thumbnail","6":"product_brand-faopack","7":"product_cat-packaging","8":"product_cat-plastic-box","10":"first","11":"instock","12":"taxable","13":"shipping-taxable","14":"purchasable","15":"product-type-simple"},"_links":{"self":[{"href":"https:\/\/www.faopack.com\/tr\/wp-json\/wp\/v2\/product\/889","targetHints":{"allow":["GET"]}}],"collection":[{"href":"https:\/\/www.faopack.com\/tr\/wp-json\/wp\/v2\/product"}],"about":[{"href":"https:\/\/www.faopack.com\/tr\/wp-json\/wp\/v2\/types\/product"}],"replies":[{"embeddable":true,"href":"https:\/\/www.faopack.com\/tr\/wp-json\/wp\/v2\/comments?post=889"}],"wp:featuredmedia":[{"embeddable":true,"href":"https:\/\/www.faopack.com\/tr\/wp-json\/wp\/v2\/media\/967"}],"wp:attachment":[{"href":"https:\/\/www.faopack.com\/tr\/wp-json\/wp\/v2\/media?parent=889"}],"wp:term":[{"taxonomy":"product_brand","embeddable":true,"href":"https:\/\/www.faopack.com\/tr\/wp-json\/wp\/v2\/product_brand?post=889"},{"taxonomy":"product_cat","embeddable":true,"href":"https:\/\/www.faopack.com\/tr\/wp-json\/wp\/v2\/product_cat?post=889"},{"taxonomy":"product_tag","embeddable":true,"href":"https:\/\/www.faopack.com\/tr\/wp-json\/wp\/v2\/product_tag?post=889"}],"curies":[{"name":"wp","href":"https:\/\/api.w.org\/{rel}","templated":true}]}}