{"id":901,"date":"2025-06-01T21:21:51","date_gmt":"2025-06-01T21:21:51","guid":{"rendered":"https:\/\/www.faopack.com\/product\/naylon-atlet-poset-48-cm-950-adet-karton\/"},"modified":"2025-11-20T21:25:35","modified_gmt":"2025-11-20T21:25:35","slug":"naylon-atlet-poset-48-cm-950-adet-karton","status":"publish","type":"product","link":"https:\/\/www.faopack.com\/tr\/urun\/naylon-atlet-poset-48-cm-950-adet-karton\/","title":{"rendered":"T-Shirt \u00c7anta 48 cm"},"content":{"rendered":"<p>Ekstra dayan\u0131kl\u0131 g\u00f6mlek tote \u00e7antalar\u0131m\u0131z sadece g\u00fcnl\u00fck kullan\u0131m i\u00e7in de\u011fil, perakende sat\u0131\u015f ama\u00e7lar\u0131 i\u00e7in de idealdir! Bu tote \u00e7antalar stil, i\u015flevsellik ve \u00e7evre bilincini bir araya getirerek g\u00fcnl\u00fck kullan\u0131m i\u00e7in m\u00fckemmel bir \u00e7\u00f6z\u00fcm sunar.<\/p>","protected":false},"excerpt":{"rendered":"<p>Ta\u015f\u0131ma \u00c7antas\u0131 950 adet<\/p>","protected":false},"featured_media":964,"comment_status":"open","ping_status":"closed","template":"","meta":[],"product_brand":[75],"product_cat":[62,63],"product_tag":[],"class_list":{"0":"post-901","1":"product","2":"type-product","3":"status-publish","4":"has-post-thumbnail","6":"product_brand-faopack","7":"product_cat-packaging","8":"product_cat-plastic-box","10":"first","11":"instock","12":"taxable","13":"shipping-taxable","14":"purchasable","15":"product-type-simple"},"_links":{"self":[{"href":"https:\/\/www.faopack.com\/tr\/wp-json\/wp\/v2\/product\/901","targetHints":{"allow":["GET"]}}],"collection":[{"href":"https:\/\/www.faopack.com\/tr\/wp-json\/wp\/v2\/product"}],"about":[{"href":"https:\/\/www.faopack.com\/tr\/wp-json\/wp\/v2\/types\/product"}],"replies":[{"embeddable":true,"href":"https:\/\/www.faopack.com\/tr\/wp-json\/wp\/v2\/comments?post=901"}],"wp:featuredmedia":[{"embeddable":true,"href":"https:\/\/www.faopack.com\/tr\/wp-json\/wp\/v2\/media\/964"}],"wp:attachment":[{"href":"https:\/\/www.faopack.com\/tr\/wp-json\/wp\/v2\/media?parent=901"}],"wp:term":[{"taxonomy":"product_brand","embeddable":true,"href":"https:\/\/www.faopack.com\/tr\/wp-json\/wp\/v2\/product_brand?post=901"},{"taxonomy":"product_cat","embeddable":true,"href":"https:\/\/www.faopack.com\/tr\/wp-json\/wp\/v2\/product_cat?post=901"},{"taxonomy":"product_tag","embeddable":true,"href":"https:\/\/www.faopack.com\/tr\/wp-json\/wp\/v2\/product_tag?post=901"}],"curies":[{"name":"wp","href":"https:\/\/api.w.org\/{rel}","templated":true}]}}