{"id":904,"date":"2025-06-01T21:21:51","date_gmt":"2025-06-01T21:21:51","guid":{"rendered":"https:\/\/www.faopack.com\/product\/hamburger-box-buyuk-boy-1000-pcs\/"},"modified":"2025-11-20T22:03:45","modified_gmt":"2025-11-20T22:03:45","slug":"hamburger-kutusu-buyuk-boy-1000-adet","status":"publish","type":"product","link":"https:\/\/www.faopack.com\/tr\/urun\/hamburger-kutusu-buyuk-boy-1000-adet\/","title":{"rendered":"Hamburger B\u00fcy\u00fck Kutu 11,5\u00d711,5 cm 300 adet"},"content":{"rendered":"<p>Slovakya'daki \u015firketimizde, kendi \u00fcretimimiz olan hamburger kutular\u0131, ya\u011f ge\u00e7irmez, g\u0131da s\u0131n\u0131f\u0131 kartondan \u00fcretilmektedir ve \u00e7e\u015fitli boyutlardaki hamburgerleri ve di\u011fer burger \u00e7e\u015fitlerini paketlemek i\u00e7in idealdir. Malzeme ayr\u0131ca mikrodalga f\u0131r\u0131nlarda ve buzdolaplar\u0131nda kullan\u0131ma uygundur. Bu pratik paket servis ambalaj\u0131, sadece burgerler i\u00e7in de\u011fil, patates k\u0131zartmas\u0131 ve di\u011fer fast-food spesiyalleri i\u00e7in de m\u00fckemmeldir. Her boyutta ve \u00f6l\u00e7\u00fcde, \u015firketinizin logosu ve bask\u0131s\u0131 ile \u00f6zel \u00fcretim mevcuttur.<\/p>","protected":false},"excerpt":{"rendered":"<p>G\u0131da Ambalaj\u0131 i\u00e7in El Sanatlar\u0131<\/p>","protected":false},"featured_media":963,"comment_status":"open","ping_status":"closed","template":"","meta":[],"product_brand":[75],"product_cat":[62,63],"product_tag":[],"class_list":{"0":"post-904","1":"product","2":"type-product","3":"status-publish","4":"has-post-thumbnail","6":"product_brand-faopack","7":"product_cat-packaging","8":"product_cat-plastic-box","10":"first","11":"instock","12":"taxable","13":"shipping-taxable","14":"purchasable","15":"product-type-simple"},"_links":{"self":[{"href":"https:\/\/www.faopack.com\/tr\/wp-json\/wp\/v2\/product\/904","targetHints":{"allow":["GET"]}}],"collection":[{"href":"https:\/\/www.faopack.com\/tr\/wp-json\/wp\/v2\/product"}],"about":[{"href":"https:\/\/www.faopack.com\/tr\/wp-json\/wp\/v2\/types\/product"}],"replies":[{"embeddable":true,"href":"https:\/\/www.faopack.com\/tr\/wp-json\/wp\/v2\/comments?post=904"}],"wp:featuredmedia":[{"embeddable":true,"href":"https:\/\/www.faopack.com\/tr\/wp-json\/wp\/v2\/media\/963"}],"wp:attachment":[{"href":"https:\/\/www.faopack.com\/tr\/wp-json\/wp\/v2\/media?parent=904"}],"wp:term":[{"taxonomy":"product_brand","embeddable":true,"href":"https:\/\/www.faopack.com\/tr\/wp-json\/wp\/v2\/product_brand?post=904"},{"taxonomy":"product_cat","embeddable":true,"href":"https:\/\/www.faopack.com\/tr\/wp-json\/wp\/v2\/product_cat?post=904"},{"taxonomy":"product_tag","embeddable":true,"href":"https:\/\/www.faopack.com\/tr\/wp-json\/wp\/v2\/product_tag?post=904"}],"curies":[{"name":"wp","href":"https:\/\/api.w.org\/{rel}","templated":true}]}}